{"id":724502,"date":"2025-08-27T19:35:32","date_gmt":"2025-08-27T16:35:32","guid":{"rendered":"https:\/\/roveyayinevi.com.tr\/index.php\/urun\/zurafa-yeni-yuvasini-ariyor\/"},"modified":"2026-04-16T02:32:22","modified_gmt":"2026-04-15T23:32:22","slug":"zurafa-yeni-yuvasini-ariyor","status":"publish","type":"product","link":"https:\/\/roveyayinevi.com.tr\/index.php\/urun\/zurafa-yeni-yuvasini-ariyor\/","title":{"rendered":"Z\u00fcrafa Yeni Yuvas\u0131n\u0131 Ar\u0131yor"},"content":{"rendered":"<p>Yeni yuvam neresi olsa? Z\u00fcrafa, g\u00fcnlerden bir g\u00fcn ya\u015fad\u0131\u011f\u0131 yerden ayr\u0131ld\u0131 ve yeni yerler ke\u015ffetmek i\u00e7in yola \u00e7\u0131kt\u0131. Kar\u015f\u0131la\u015ft\u0131\u011f\u0131 hayvanlara yeni bir yuva arad\u0131\u011f\u0131n\u0131 s\u00f6yledi\u011finde, hepsi de yard\u0131m etmek i\u00e7in elinden geleni yapt\u0131. Birbirinden farkl\u0131 yuvalarda ya\u015fayan hayvanlara konuk olan z\u00fcrafa, en sonunda hayallerinin yuvas\u0131n\u0131 buldu. <\/p>\n","protected":false},"excerpt":{"rendered":"<p>Yeni yuvam neresi olsa? Z\u00fcrafa, g\u00fcnlerden bir g\u00fcn ya\u015fad\u0131\u011f\u0131 yerden ayr\u0131ld\u0131 ve yeni yerler ke\u015ffetmek i\u00e7in yola \u00e7\u0131kt\u0131. Kar\u015f\u0131la\u015ft\u0131\u011f\u0131 hayvanlara yeni bir yuva arad\u0131\u011f\u0131n\u0131 s\u00f6yledi\u011finde, hepsi<span class=\"excerpt-hellip\"> [\u2026]<\/span><\/p>\n","protected":false},"featured_media":0,"template":"","meta":{"_monsterinsights_skip_tracking":false,"_monsterinsights_sitenote_active":false,"_monsterinsights_sitenote_note":"","_monsterinsights_sitenote_category":0},"product_brand":[],"product_cat":[12274,12518],"product_tag":[],"class_list":{"0":"post-724502","1":"product","2":"type-product","3":"status-publish","5":"product_cat-cocuk-ve-genclik-kitaplari","6":"product_cat-okul-oncesi-kitaplar","7":"pa_cilt-ciltsiz","8":"pa_tur-kitap","9":"pa_yayinevi-is-bankasi-kultur-yayinlari","10":"pa_yazar-guido-hammesfahr","12":"first","13":"instock","14":"sale","15":"shipping-taxable","16":"purchasable","17":"product-type-simple"},"_links":{"self":[{"href":"https:\/\/roveyayinevi.com.tr\/index.php\/wp-json\/wp\/v2\/product\/724502","targetHints":{"allow":["GET"]}}],"collection":[{"href":"https:\/\/roveyayinevi.com.tr\/index.php\/wp-json\/wp\/v2\/product"}],"about":[{"href":"https:\/\/roveyayinevi.com.tr\/index.php\/wp-json\/wp\/v2\/types\/product"}],"wp:attachment":[{"href":"https:\/\/roveyayinevi.com.tr\/index.php\/wp-json\/wp\/v2\/media?parent=724502"}],"wp:term":[{"taxonomy":"product_brand","embeddable":true,"href":"https:\/\/roveyayinevi.com.tr\/index.php\/wp-json\/wp\/v2\/product_brand?post=724502"},{"taxonomy":"product_cat","embeddable":true,"href":"https:\/\/roveyayinevi.com.tr\/index.php\/wp-json\/wp\/v2\/product_cat?post=724502"},{"taxonomy":"product_tag","embeddable":true,"href":"https:\/\/roveyayinevi.com.tr\/index.php\/wp-json\/wp\/v2\/product_tag?post=724502"}],"curies":[{"name":"wp","href":"https:\/\/api.w.org\/{rel}","templated":true}]}}