{"id":724501,"date":"2025-08-27T19:35:31","date_gmt":"2025-08-27T16:35:31","guid":{"rendered":"https:\/\/roveyayinevi.com.tr\/index.php\/urun\/bu-nasil-bir-mevsim-boyle\/"},"modified":"2026-04-16T02:32:22","modified_gmt":"2026-04-15T23:32:22","slug":"bu-nasil-bir-mevsim-boyle","status":"publish","type":"product","link":"https:\/\/roveyayinevi.com.tr\/index.php\/urun\/bu-nasil-bir-mevsim-boyle\/","title":{"rendered":"Bu Nas\u0131l Bir Mevsim B\u00f6yle ?"},"content":{"rendered":"<p>T\u00fcm yanl\u0131\u015fl\u0131klar\u0131 kim bulacak?   Defne o g\u00fcn odas\u0131n\u0131 topluyordu. Eline ald\u0131\u011f\u0131 bayrakla birden ge\u00e7irdi\u011fi mevsimleri hat\u0131rlad\u0131. Ancak hat\u0131rlad\u0131k\u00e7a \u015fa\u015fk\u0131nl\u0131\u011f\u0131 artt\u0131. Dalg\u0131\u00e7 k\u0131yafetiyle g\u00fcne\u015flenmek normal miydi? Da\u011fda asans\u00f6r\u00fcn ne i\u015fi vard\u0131? Havu\u00e7lar neden dev gibiydi? \u00c7ocuklar bu kitab\u0131 okurken hem e\u011flenecek hem de yanl\u0131\u015flar\u0131 bularak g\u00fcndelik hayatta ne kadar \u00e7ok \u015fey bildiklerini g\u00f6recekler. Yeti\u015fkinler de \u00e7ocuklarla birlikte yanl\u0131\u015flar\u0131 tahmin ederek \u00e7\u00f6z\u00fcm sayfas\u0131ndan kontrol edebilirler. \u00c7\u00f6z\u00fcm sayfalar\u0131 kitab\u0131n sonunda! <\/p>\n","protected":false},"excerpt":{"rendered":"<p>T\u00fcm yanl\u0131\u015fl\u0131klar\u0131 kim bulacak? Defne o g\u00fcn odas\u0131n\u0131 topluyordu. Eline ald\u0131\u011f\u0131 bayrakla birden ge\u00e7irdi\u011fi mevsimleri hat\u0131rlad\u0131. Ancak hat\u0131rlad\u0131k\u00e7a \u015fa\u015fk\u0131nl\u0131\u011f\u0131 artt\u0131. Dalg\u0131\u00e7 k\u0131yafetiyle g\u00fcne\u015flenmek normal miydi? Da\u011fda<span class=\"excerpt-hellip\"> [\u2026]<\/span><\/p>\n","protected":false},"featured_media":0,"template":"","meta":{"_monsterinsights_skip_tracking":false,"_monsterinsights_sitenote_active":false,"_monsterinsights_sitenote_note":"","_monsterinsights_sitenote_category":0},"product_brand":[],"product_cat":[12274,12518],"product_tag":[],"class_list":{"0":"post-724501","1":"product","2":"type-product","3":"status-publish","5":"product_cat-cocuk-ve-genclik-kitaplari","6":"product_cat-okul-oncesi-kitaplar","7":"pa_cilt-ciltsiz","8":"pa_tur-kitap","9":"pa_yayinevi-is-bankasi-kultur-yayinlari","10":"pa_yazar-ralf-butschkow","12":"first","13":"instock","14":"sale","15":"shipping-taxable","16":"purchasable","17":"product-type-simple"},"_links":{"self":[{"href":"https:\/\/roveyayinevi.com.tr\/index.php\/wp-json\/wp\/v2\/product\/724501","targetHints":{"allow":["GET"]}}],"collection":[{"href":"https:\/\/roveyayinevi.com.tr\/index.php\/wp-json\/wp\/v2\/product"}],"about":[{"href":"https:\/\/roveyayinevi.com.tr\/index.php\/wp-json\/wp\/v2\/types\/product"}],"wp:attachment":[{"href":"https:\/\/roveyayinevi.com.tr\/index.php\/wp-json\/wp\/v2\/media?parent=724501"}],"wp:term":[{"taxonomy":"product_brand","embeddable":true,"href":"https:\/\/roveyayinevi.com.tr\/index.php\/wp-json\/wp\/v2\/product_brand?post=724501"},{"taxonomy":"product_cat","embeddable":true,"href":"https:\/\/roveyayinevi.com.tr\/index.php\/wp-json\/wp\/v2\/product_cat?post=724501"},{"taxonomy":"product_tag","embeddable":true,"href":"https:\/\/roveyayinevi.com.tr\/index.php\/wp-json\/wp\/v2\/product_tag?post=724501"}],"curies":[{"name":"wp","href":"https:\/\/api.w.org\/{rel}","templated":true}]}}