{"id":724498,"date":"2025-08-27T19:35:28","date_gmt":"2025-08-27T16:35:28","guid":{"rendered":"https:\/\/roveyayinevi.com.tr\/index.php\/urun\/karanligin-yuregi-6\/"},"modified":"2026-04-16T02:32:22","modified_gmt":"2026-04-15T23:32:22","slug":"karanligin-yuregi-6","status":"publish","type":"product","link":"https:\/\/roveyayinevi.com.tr\/index.php\/urun\/karanligin-yuregi-6\/","title":{"rendered":"Karanl\u0131\u011f\u0131n Y\u00fcre\u011fi"},"content":{"rendered":"<p>Conrad Karanl\u0131\u011f\u0131n Y\u00fcre\u011fi\u2019nde 1890 y\u0131l\u0131nda Kongo\u2019da ya\u015fad\u0131\u011f\u0131, onu derinden sarsan deneyimi anlat\u0131r. Bug\u00fcn bir modernizm klasi\u011fi olarak an\u0131lan yap\u0131t\u0131n \u201ckahraman\u0131\u201d Kurtz\u2019un \u00f6l\u00fcrken \u201cDeh\u015fet! Deh\u015fet!\u201d diye hayk\u0131r\u0131\u015f\u0131, yolculu\u011funa b\u00fcy\u00fck umutlarla ba\u015flayan yazar\u0131n bu \u00fclkede ya\u015fad\u0131\u011f\u0131 hayal k\u0131r\u0131kl\u0131\u011f\u0131 ve psikolojik sars\u0131nt\u0131y\u0131 yans\u0131t\u0131r. B\u00fct\u00fcn b\u00fcy\u00fck edebiyat yap\u0131tlar\u0131 gibi Karanl\u0131\u011f\u0131n Y\u00fcre\u011fi de zamanla yarat\u0131c\u0131s\u0131n\u0131n yazmaya niyetlendi\u011fi metnin \u00f6tesine ge\u00e7mi\u015ftir. 1899\u2019da yay\u0131mlanan novella yaz\u0131ld\u0131\u011f\u0131 d\u00f6nemin \u00fcr\u00fcn\u00fc olmas\u0131na ve Avrupal\u0131lar\u0131n Afrika\u2019daki emperyalist s\u00f6m\u00fcr\u00fcs\u00fcn\u00fc anlatmas\u0131na kar\u015f\u0131n, ku\u015faklar boyu s\u00fcren ve g\u00fcn\u00fcm\u00fcze dek uzanan tart\u0131\u015fmalar\u0131 esinlemi\u015ftir. Metni bug\u00fcn h\u00e2l\u00e2 canl\u0131 tutan bu tart\u0131\u015fmalar, modernizmin benli\u011fi ke\u015ffi, yeni anlat\u0131m bi\u00e7imleri aray\u0131\u015f\u0131, s\u00f6m\u00fcrgecili\u011fin miras\u0131, toplumsal cinsiyetin in\u015fas\u0131, emperyalizmin ve modernle\u015fmenin ekolojik sonu\u00e7lar\u0131 vb. etraf\u0131nda s\u00fcr\u00fcp gider. S\u00f6m\u00fcrgecili\u011fin hem s\u00f6m\u00fcren hem de s\u00f6m\u00fcr\u00fclen a\u00e7\u0131s\u0131ndan y\u0131k\u0131c\u0131 etkisi \u00fczerinde durdu\u011fu gerek\u00e7esiyle genellikle \u00f6v\u00fcl\u00fcrken, baz\u0131 postkolonyal Afrikal\u0131 yazarlar taraf\u0131ndan da \u201c\u0131rk\u00e7\u0131\u201d olarak nitelenen Karanl\u0131\u011f\u0131n Y\u00fcre\u011fi, en \u00e7ok tart\u0131\u015f\u0131lan modern edebi metinlerden biridir.<\/p>\n","protected":false},"excerpt":{"rendered":"<p>Conrad Karanl\u0131\u011f\u0131n Y\u00fcre\u011fi\u2019nde 1890 y\u0131l\u0131nda Kongo\u2019da ya\u015fad\u0131\u011f\u0131, onu derinden sarsan deneyimi anlat\u0131r. Bug\u00fcn bir modernizm klasi\u011fi olarak an\u0131lan yap\u0131t\u0131n \u201ckahraman\u0131\u201d Kurtz\u2019un \u00f6l\u00fcrken \u201cDeh\u015fet! Deh\u015fet!\u201d diye hayk\u0131r\u0131\u015f\u0131,<span class=\"excerpt-hellip\"> [\u2026]<\/span><\/p>\n","protected":false},"featured_media":0,"template":"","meta":{"_monsterinsights_skip_tracking":false,"_monsterinsights_sitenote_active":false,"_monsterinsights_sitenote_note":"","_monsterinsights_sitenote_category":0},"product_brand":[],"product_cat":[12291,12711],"product_tag":[],"class_list":{"0":"post-724498","1":"product","2":"type-product","3":"status-publish","5":"product_cat-edebiyat","6":"product_cat-roman-oyku","7":"pa_cilt-ciltsiz","8":"pa_tur-kitap","9":"pa_yayinevi-is-bankasi-kultur-yayinlari","10":"pa_yazar-joseph-conrad","12":"first","13":"instock","14":"sale","15":"shipping-taxable","16":"purchasable","17":"product-type-simple"},"_links":{"self":[{"href":"https:\/\/roveyayinevi.com.tr\/index.php\/wp-json\/wp\/v2\/product\/724498","targetHints":{"allow":["GET"]}}],"collection":[{"href":"https:\/\/roveyayinevi.com.tr\/index.php\/wp-json\/wp\/v2\/product"}],"about":[{"href":"https:\/\/roveyayinevi.com.tr\/index.php\/wp-json\/wp\/v2\/types\/product"}],"wp:attachment":[{"href":"https:\/\/roveyayinevi.com.tr\/index.php\/wp-json\/wp\/v2\/media?parent=724498"}],"wp:term":[{"taxonomy":"product_brand","embeddable":true,"href":"https:\/\/roveyayinevi.com.tr\/index.php\/wp-json\/wp\/v2\/product_brand?post=724498"},{"taxonomy":"product_cat","embeddable":true,"href":"https:\/\/roveyayinevi.com.tr\/index.php\/wp-json\/wp\/v2\/product_cat?post=724498"},{"taxonomy":"product_tag","embeddable":true,"href":"https:\/\/roveyayinevi.com.tr\/index.php\/wp-json\/wp\/v2\/product_tag?post=724498"}],"curies":[{"name":"wp","href":"https:\/\/api.w.org\/{rel}","templated":true}]}}