{"id":724497,"date":"2025-08-27T19:35:27","date_gmt":"2025-08-27T16:35:27","guid":{"rendered":"https:\/\/roveyayinevi.com.tr\/index.php\/urun\/ayrilik-cesmesi-sokagi\/"},"modified":"2026-04-16T02:32:22","modified_gmt":"2026-04-15T23:32:22","slug":"ayrilik-cesmesi-sokagi","status":"publish","type":"product","link":"https:\/\/roveyayinevi.com.tr\/index.php\/urun\/ayrilik-cesmesi-sokagi\/","title":{"rendered":"Ayr\u0131l\u0131k \u00c7e\u015fmesi Soka\u011f\u0131"},"content":{"rendered":"<p>Ziya Adlan k\u0131rk y\u0131ld\u0131r akademisyenlik yapt\u0131\u011f\u0131 Cenevre\u2019den d\u00f6n\u00fcp, Ayr\u0131l\u0131k \u00c7e\u015fmesi Soka\u011f\u0131\u2019ndaki bak\u0131ms\u0131z kona\u011f\u0131na s\u0131\u011f\u0131n\u0131r. Osmanl\u0131 hanedan\u0131na mensup bu gizemli adam hastad\u0131r. Artvin hayatta en b\u00fcy\u00fck tutkusu saksafon \u00e7almak olan bir doktora \u00f6\u011frencisidir. Tan\u0131mad\u0131\u011f\u0131 bir adam sol elinin iki parma\u011f\u0131n\u0131 kestirir ve bu olay onun hayat\u0131na damgas\u0131n\u0131 vurur. Artvin\u2019in yeni g\u00f6revi Ziya Bey\u2019in bak\u0131c\u0131l\u0131\u011f\u0131d\u0131r. Sel\u00e7uk Altun romanlar\u0131n\u0131n bildi\u011fimiz muzip ve gizemli atmosferine k\u00f6r bir Osmanl\u0131 \u00e7e\u015fmesinin tan\u0131kl\u0131\u011f\u0131nda davet ediliyoruz. Roman\u0131n iki ana karakterini bekleyen b\u00fcy\u00fck s\u0131rra do\u011fru yakla\u015f\u0131rken, ustaca aktar\u0131lan ilgin\u00e7 yan hik\u00e2yelerle pek \u00e7ok tarihi olaya, ki\u015fiye, sanat yap\u0131t\u0131na k\u0131sacas\u0131 hayata dair bilgilerle de donan\u0131yoruz. <\/p>\n","protected":false},"excerpt":{"rendered":"<p>Ziya Adlan k\u0131rk y\u0131ld\u0131r akademisyenlik yapt\u0131\u011f\u0131 Cenevre\u2019den d\u00f6n\u00fcp, Ayr\u0131l\u0131k \u00c7e\u015fmesi Soka\u011f\u0131\u2019ndaki bak\u0131ms\u0131z kona\u011f\u0131na s\u0131\u011f\u0131n\u0131r. Osmanl\u0131 hanedan\u0131na mensup bu gizemli adam hastad\u0131r. Artvin hayatta en b\u00fcy\u00fck tutkusu<span class=\"excerpt-hellip\"> [\u2026]<\/span><\/p>\n","protected":false},"featured_media":0,"template":"","meta":{"_monsterinsights_skip_tracking":false,"_monsterinsights_sitenote_active":false,"_monsterinsights_sitenote_note":"","_monsterinsights_sitenote_category":0},"product_brand":[],"product_cat":[12291,12292],"product_tag":[],"class_list":{"0":"post-724497","1":"product","2":"type-product","3":"status-publish","5":"product_cat-edebiyat","6":"product_cat-turk-edebiyati","7":"pa_cilt-ciltsiz","8":"pa_tur-kitap","9":"pa_yayinevi-is-bankasi-kultur-yayinlari","10":"pa_yazar-selcuk-altun","12":"first","13":"instock","14":"sale","15":"shipping-taxable","16":"purchasable","17":"product-type-simple"},"_links":{"self":[{"href":"https:\/\/roveyayinevi.com.tr\/index.php\/wp-json\/wp\/v2\/product\/724497","targetHints":{"allow":["GET"]}}],"collection":[{"href":"https:\/\/roveyayinevi.com.tr\/index.php\/wp-json\/wp\/v2\/product"}],"about":[{"href":"https:\/\/roveyayinevi.com.tr\/index.php\/wp-json\/wp\/v2\/types\/product"}],"wp:attachment":[{"href":"https:\/\/roveyayinevi.com.tr\/index.php\/wp-json\/wp\/v2\/media?parent=724497"}],"wp:term":[{"taxonomy":"product_brand","embeddable":true,"href":"https:\/\/roveyayinevi.com.tr\/index.php\/wp-json\/wp\/v2\/product_brand?post=724497"},{"taxonomy":"product_cat","embeddable":true,"href":"https:\/\/roveyayinevi.com.tr\/index.php\/wp-json\/wp\/v2\/product_cat?post=724497"},{"taxonomy":"product_tag","embeddable":true,"href":"https:\/\/roveyayinevi.com.tr\/index.php\/wp-json\/wp\/v2\/product_tag?post=724497"}],"curies":[{"name":"wp","href":"https:\/\/api.w.org\/{rel}","templated":true}]}}