{"id":724491,"date":"2025-08-27T19:35:21","date_gmt":"2025-08-27T16:35:21","guid":{"rendered":"https:\/\/roveyayinevi.com.tr\/index.php\/urun\/martha-kohen\/"},"modified":"2026-04-16T02:32:22","modified_gmt":"2026-04-15T23:32:22","slug":"martha-kohen","status":"publish","type":"product","link":"https:\/\/roveyayinevi.com.tr\/index.php\/urun\/martha-kohen\/","title":{"rendered":"Martha Kohen"},"content":{"rendered":"<p>Roman\u0131n kad\u0131n kahraman\u0131 Martha Kohen\u2019in dedesi bir Osmanl\u0131 Pa\u015fas\u0131d\u0131r. Martha Almanya\u2019da yeti\u015fmi\u015f, sonunda en b\u00fcy\u00fck hayalini de ger\u00e7ekle\u015ftirerek ata topra\u011f\u0131 T\u00fcrkiye\u2019de Alman Sefaretinde g\u00f6reve ba\u015flam\u0131\u015ft\u0131r. Ancak az\u0131nl\u0131k kimli\u011fi ba\u015f\u0131na dert a\u00e7acakt\u0131r\u2026 Martha\u2019n\u0131n 1942 y\u0131l\u0131nda Ankara\u2019dan ba\u015flay\u0131p Eski\u015fehir ve oradan da \u0130stanbul\u2019a uzayan hik\u00e2yesini soluksuz okuyacaks\u0131n\u0131z. \u0130kinci D\u00fcnya Sava\u015f\u0131\u2019nda memleketimizi merak ediyorsan\u0131z\u2026 Polisiye, macera, h\u00fcz\u00fcn ve a\u015fk\u2019\u0131 bir arada g\u00f6rebilece\u011finiz farkl\u0131 bir roman\u2026 <\/p>\n","protected":false},"excerpt":{"rendered":"<p>Roman\u0131n kad\u0131n kahraman\u0131 Martha Kohen\u2019in dedesi bir Osmanl\u0131 Pa\u015fas\u0131d\u0131r. Martha Almanya\u2019da yeti\u015fmi\u015f, sonunda en b\u00fcy\u00fck hayalini de ger\u00e7ekle\u015ftirerek ata topra\u011f\u0131 T\u00fcrkiye\u2019de Alman Sefaretinde g\u00f6reve ba\u015flam\u0131\u015ft\u0131r. Ancak<span class=\"excerpt-hellip\"> [\u2026]<\/span><\/p>\n","protected":false},"featured_media":0,"template":"","meta":{"_monsterinsights_skip_tracking":false,"_monsterinsights_sitenote_active":false,"_monsterinsights_sitenote_note":"","_monsterinsights_sitenote_category":0},"product_brand":[],"product_cat":[12291,12711],"product_tag":[],"class_list":{"0":"post-724491","1":"product","2":"type-product","3":"status-publish","5":"product_cat-edebiyat","6":"product_cat-roman-oyku","7":"pa_cilt-ciltsiz","8":"pa_tur-kitap","9":"pa_yayinevi-deka-yayinlari","10":"pa_yazar-ali-kayacan","12":"first","13":"instock","14":"sale","15":"shipping-taxable","16":"purchasable","17":"product-type-simple"},"_links":{"self":[{"href":"https:\/\/roveyayinevi.com.tr\/index.php\/wp-json\/wp\/v2\/product\/724491","targetHints":{"allow":["GET"]}}],"collection":[{"href":"https:\/\/roveyayinevi.com.tr\/index.php\/wp-json\/wp\/v2\/product"}],"about":[{"href":"https:\/\/roveyayinevi.com.tr\/index.php\/wp-json\/wp\/v2\/types\/product"}],"wp:attachment":[{"href":"https:\/\/roveyayinevi.com.tr\/index.php\/wp-json\/wp\/v2\/media?parent=724491"}],"wp:term":[{"taxonomy":"product_brand","embeddable":true,"href":"https:\/\/roveyayinevi.com.tr\/index.php\/wp-json\/wp\/v2\/product_brand?post=724491"},{"taxonomy":"product_cat","embeddable":true,"href":"https:\/\/roveyayinevi.com.tr\/index.php\/wp-json\/wp\/v2\/product_cat?post=724491"},{"taxonomy":"product_tag","embeddable":true,"href":"https:\/\/roveyayinevi.com.tr\/index.php\/wp-json\/wp\/v2\/product_tag?post=724491"}],"curies":[{"name":"wp","href":"https:\/\/api.w.org\/{rel}","templated":true}]}}