{"id":724490,"date":"2025-08-27T19:35:20","date_gmt":"2025-08-27T16:35:20","guid":{"rendered":"https:\/\/roveyayinevi.com.tr\/index.php\/urun\/merhaba-genc-adam\/"},"modified":"2025-11-21T06:04:23","modified_gmt":"2025-11-21T03:04:23","slug":"merhaba-genc-adam","status":"publish","type":"product","link":"https:\/\/roveyayinevi.com.tr\/index.php\/urun\/merhaba-genc-adam\/","title":{"rendered":"Merhaba Gen\u00e7 Adam"},"content":{"rendered":"<p>Roman 1975-1976 y\u0131llar\u0131nda Ankara\u2019da ge\u00e7iyor. Gen\u00e7 bir gazeteci, yazar ve psikoloji \u00f6\u011frencisi olan Hakan Pars ilk roman\u0131 \u00fczerinde \u00e7al\u0131\u015f\u0131rken D\u00fc\u015f \u00c7\u0131kmaz\u0131 Soka\u011f\u0131\u2019nda Otto ve kar\u0131s\u0131 Kielo ile kar\u015f\u0131la\u015f\u0131r\u2026 Bu tan\u0131\u015fma ile ilerleyen dostluk gizemli bir sona do\u011fru evrilir\u2026 <\/p>\n","protected":false},"excerpt":{"rendered":"<p>Roman 1975-1976 y\u0131llar\u0131nda Ankara\u2019da ge\u00e7iyor. Gen\u00e7 bir gazeteci, yazar ve psikoloji \u00f6\u011frencisi olan Hakan Pars ilk roman\u0131 \u00fczerinde \u00e7al\u0131\u015f\u0131rken D\u00fc\u015f \u00c7\u0131kmaz\u0131 Soka\u011f\u0131\u2019nda Otto ve kar\u0131s\u0131 Kielo<span class=\"excerpt-hellip\"> [\u2026]<\/span><\/p>\n","protected":false},"featured_media":0,"template":"","meta":{"_monsterinsights_skip_tracking":false,"_monsterinsights_sitenote_active":false,"_monsterinsights_sitenote_note":"","_monsterinsights_sitenote_category":0},"product_brand":[],"product_cat":[12291,12711],"product_tag":[],"class_list":{"0":"post-724490","1":"product","2":"type-product","3":"status-publish","5":"product_cat-edebiyat","6":"product_cat-roman-oyku","7":"pa_cilt-ciltsiz","8":"pa_tur-kitap","9":"pa_yayinevi-deka-yayinlari","10":"pa_yazar-ali-kayacan","12":"first","13":"instock","14":"sale","15":"shipping-taxable","16":"purchasable","17":"product-type-simple"},"_links":{"self":[{"href":"https:\/\/roveyayinevi.com.tr\/index.php\/wp-json\/wp\/v2\/product\/724490","targetHints":{"allow":["GET"]}}],"collection":[{"href":"https:\/\/roveyayinevi.com.tr\/index.php\/wp-json\/wp\/v2\/product"}],"about":[{"href":"https:\/\/roveyayinevi.com.tr\/index.php\/wp-json\/wp\/v2\/types\/product"}],"wp:attachment":[{"href":"https:\/\/roveyayinevi.com.tr\/index.php\/wp-json\/wp\/v2\/media?parent=724490"}],"wp:term":[{"taxonomy":"product_brand","embeddable":true,"href":"https:\/\/roveyayinevi.com.tr\/index.php\/wp-json\/wp\/v2\/product_brand?post=724490"},{"taxonomy":"product_cat","embeddable":true,"href":"https:\/\/roveyayinevi.com.tr\/index.php\/wp-json\/wp\/v2\/product_cat?post=724490"},{"taxonomy":"product_tag","embeddable":true,"href":"https:\/\/roveyayinevi.com.tr\/index.php\/wp-json\/wp\/v2\/product_tag?post=724490"}],"curies":[{"name":"wp","href":"https:\/\/api.w.org\/{rel}","templated":true}]}}