{"id":724483,"date":"2025-08-27T19:35:13","date_gmt":"2025-08-27T16:35:13","guid":{"rendered":"https:\/\/roveyayinevi.com.tr\/index.php\/urun\/bilgiden-kurmacaya\/"},"modified":"2026-04-16T02:32:21","modified_gmt":"2026-04-15T23:32:21","slug":"bilgiden-kurmacaya","status":"publish","type":"product","link":"https:\/\/roveyayinevi.com.tr\/index.php\/urun\/bilgiden-kurmacaya\/","title":{"rendered":"Bilgiden Kurmacaya"},"content":{"rendered":"<p>Bir edeb\u00ee eser nas\u0131l olu\u015fur? Edeb\u00ee eserde bilimin ve felsefenin rol\u00fc nedir? Bu sorular, edebiyat\u0131n di\u011fer alanlarla ba\u011flant\u0131 kurdu\u011fu noktalarda g\u00fcncel olarak varl\u0131\u011f\u0131n\u0131 s\u00fcrd\u00fcrmektedir. G\u00fcrsel Ayta\u00e7, elinizdeki kitab\u0131nda edeb\u00ee eserde bilginin, bilimin ve felsefenin kurmacaya d\u00f6n\u00fc\u015f\u00fcm\u00fcn\u00fc mercek alt\u0131na al\u0131yor. Ba\u015far\u0131l\u0131 bir romanc\u0131n\u0131n veya \u00f6yk\u00fcc\u00fcn\u00fcn yola \u00e7\u0131karken heybesine neler koydu\u011funa dair yak\u0131n okumalar yap\u0131yor. Orhan Pamuk\u2019tan Ahmet \u00dcmit\u2019e, Ferit Edg\u00fc\u2019den Thomas Mann\u2019a kadar bilginin kurmacaya evrili\u015fini ve kurmaca ard\u0131ndaki konumunu inceliyor. Edeb\u00ee eserin kimi zaman Kemal Tahir\u2019in Devlet Ana roman\u0131nda oldu\u011fu gibi tarih temelinde, kimi zaman Erendiz Atas\u00fc\u2019de oldu\u011fu gibi biyoloji ve kimya temelinde y\u00fckseldi\u011fini g\u00f6steriyor. G\u00fcrsel Ayta\u00e7, okuru, edeb\u00ee eserin bilgi temellerini anlamaya davet ediyor.<\/p>\n","protected":false},"excerpt":{"rendered":"<p>Bir edeb\u00ee eser nas\u0131l olu\u015fur? Edeb\u00ee eserde bilimin ve felsefenin rol\u00fc nedir? Bu sorular, edebiyat\u0131n di\u011fer alanlarla ba\u011flant\u0131 kurdu\u011fu noktalarda g\u00fcncel olarak varl\u0131\u011f\u0131n\u0131 s\u00fcrd\u00fcrmektedir. G\u00fcrsel Ayta\u00e7,<span class=\"excerpt-hellip\"> [\u2026]<\/span><\/p>\n","protected":false},"featured_media":0,"template":"","meta":{"_monsterinsights_skip_tracking":false,"_monsterinsights_sitenote_active":false,"_monsterinsights_sitenote_note":"","_monsterinsights_sitenote_category":0},"product_brand":[],"product_cat":[12389,12388],"product_tag":[],"class_list":{"0":"post-724483","1":"product","2":"type-product","3":"status-publish","5":"product_cat-diger-felsefe","6":"product_cat-felsefe","7":"pa_cilt-ciltsiz","8":"pa_tur-kitap","9":"pa_yayinevi-fol-kitap","10":"pa_yazar-gursel-aytac","12":"first","13":"instock","14":"sale","15":"shipping-taxable","16":"purchasable","17":"product-type-simple"},"_links":{"self":[{"href":"https:\/\/roveyayinevi.com.tr\/index.php\/wp-json\/wp\/v2\/product\/724483","targetHints":{"allow":["GET"]}}],"collection":[{"href":"https:\/\/roveyayinevi.com.tr\/index.php\/wp-json\/wp\/v2\/product"}],"about":[{"href":"https:\/\/roveyayinevi.com.tr\/index.php\/wp-json\/wp\/v2\/types\/product"}],"wp:attachment":[{"href":"https:\/\/roveyayinevi.com.tr\/index.php\/wp-json\/wp\/v2\/media?parent=724483"}],"wp:term":[{"taxonomy":"product_brand","embeddable":true,"href":"https:\/\/roveyayinevi.com.tr\/index.php\/wp-json\/wp\/v2\/product_brand?post=724483"},{"taxonomy":"product_cat","embeddable":true,"href":"https:\/\/roveyayinevi.com.tr\/index.php\/wp-json\/wp\/v2\/product_cat?post=724483"},{"taxonomy":"product_tag","embeddable":true,"href":"https:\/\/roveyayinevi.com.tr\/index.php\/wp-json\/wp\/v2\/product_tag?post=724483"}],"curies":[{"name":"wp","href":"https:\/\/api.w.org\/{rel}","templated":true}]}}