{"id":724480,"date":"2025-08-27T19:35:11","date_gmt":"2025-08-27T16:35:11","guid":{"rendered":"https:\/\/roveyayinevi.com.tr\/index.php\/urun\/gec-kaldin-usta\/"},"modified":"2025-11-21T06:04:19","modified_gmt":"2025-11-21T03:04:19","slug":"gec-kaldin-usta","status":"publish","type":"product","link":"https:\/\/roveyayinevi.com.tr\/index.php\/urun\/gec-kaldin-usta\/","title":{"rendered":"Ge\u00e7 Kald\u0131n Usta"},"content":{"rendered":"<p>Salk\u0131m s\u00f6\u011f\u00fct bir derenin kenar\u0131nda kald\u0131 sarmal d\u00f6ng\u00fc Betonarme bir cezaevini an\u0131msat\u0131yor kentler Topra\u011f\u0131 d\u00f6lleyen ya\u011fmur tanesi nereye savruldu D\u00fc\u015f\u00fcmde gezinen bir g\u00f6lge gibi Avurtlar\u0131ma kondu o u\u011fursuz b\u00f6cek Elime kim verdi bu Devrek bastonunu G\u00f6zlerim eskisi gibi g\u00f6rm\u00fcyor Modern bir sessizli\u011fe b\u00fcr\u00fcnd\u00fc \u015fiir Selam\u0131 kim okur modern a\u011f\u0131tlarda <\/p>\n","protected":false},"excerpt":{"rendered":"<p>Salk\u0131m s\u00f6\u011f\u00fct bir derenin kenar\u0131nda kald\u0131 sarmal d\u00f6ng\u00fc Betonarme bir cezaevini an\u0131msat\u0131yor kentler Topra\u011f\u0131 d\u00f6lleyen ya\u011fmur tanesi nereye savruldu D\u00fc\u015f\u00fcmde gezinen bir g\u00f6lge gibi Avurtlar\u0131ma kondu<span class=\"excerpt-hellip\"> [\u2026]<\/span><\/p>\n","protected":false},"featured_media":0,"template":"","meta":{"_monsterinsights_skip_tracking":false,"_monsterinsights_sitenote_active":false,"_monsterinsights_sitenote_note":"","_monsterinsights_sitenote_category":0},"product_brand":[],"product_cat":[12291,12509],"product_tag":[],"class_list":{"0":"post-724480","1":"product","2":"type-product","3":"status-publish","5":"product_cat-edebiyat","6":"product_cat-siir","7":"pa_cilt-ciltsiz","8":"pa_tur-kitap","9":"pa_yayinevi-favori-yayinlari","10":"pa_yazar-vedat-icen","12":"first","13":"instock","14":"sale","15":"shipping-taxable","16":"purchasable","17":"product-type-simple"},"_links":{"self":[{"href":"https:\/\/roveyayinevi.com.tr\/index.php\/wp-json\/wp\/v2\/product\/724480","targetHints":{"allow":["GET"]}}],"collection":[{"href":"https:\/\/roveyayinevi.com.tr\/index.php\/wp-json\/wp\/v2\/product"}],"about":[{"href":"https:\/\/roveyayinevi.com.tr\/index.php\/wp-json\/wp\/v2\/types\/product"}],"wp:attachment":[{"href":"https:\/\/roveyayinevi.com.tr\/index.php\/wp-json\/wp\/v2\/media?parent=724480"}],"wp:term":[{"taxonomy":"product_brand","embeddable":true,"href":"https:\/\/roveyayinevi.com.tr\/index.php\/wp-json\/wp\/v2\/product_brand?post=724480"},{"taxonomy":"product_cat","embeddable":true,"href":"https:\/\/roveyayinevi.com.tr\/index.php\/wp-json\/wp\/v2\/product_cat?post=724480"},{"taxonomy":"product_tag","embeddable":true,"href":"https:\/\/roveyayinevi.com.tr\/index.php\/wp-json\/wp\/v2\/product_tag?post=724480"}],"curies":[{"name":"wp","href":"https:\/\/api.w.org\/{rel}","templated":true}]}}