{"id":724479,"date":"2025-08-27T19:35:10","date_gmt":"2025-08-27T16:35:10","guid":{"rendered":"https:\/\/roveyayinevi.com.tr\/index.php\/urun\/bir-kalbin-var-unutma\/"},"modified":"2026-04-16T02:32:21","modified_gmt":"2026-04-15T23:32:21","slug":"bir-kalbin-var-unutma","status":"publish","type":"product","link":"https:\/\/roveyayinevi.com.tr\/index.php\/urun\/bir-kalbin-var-unutma\/","title":{"rendered":"\u2018Bir\u2019 Kalbin Var Unutma!"},"content":{"rendered":"<p>\u201cD\u00fcnya\u2019da kendim kadar az bildi\u011fim ba\u015fka hi\u00e7bir \u015fey yok\u201d Hermann Hesse   Ne kadar fark\u0131nday\u0131z, kalbimizin.  Sadece sahilini dola\u015ft\u0131\u011f\u0131m\u0131z okyanusun, yani beynimizin. \u0130\u00e7 organlar\u0131m\u0131z\u0131n orkestra \u015fefi olan k\u00fc\u00e7\u00fcc\u00fck hipofiz bezinin. Bir tenis kortu y\u00fczeyine sahip akci\u011ferlerimizin. En k\u00fc\u00e7\u00fck g\u00f6revlerini yapabilmek i\u00e7in bile, d\u00f6n\u00fcmlerce fabrika tesisine ihtiya\u00e7 olan karaci\u011ferimizin. S\u00fcper mikroskopla incelendi\u011finde g\u00f6r\u00fclen, h\u00fccre metropol\u00fcnde olanlar\u0131n. V\u00fccudumuz i\u00e7inde yer alan ve problem \u00e7\u0131karmad\u0131\u011f\u0131 m\u00fcddet\u00e7e fark\u0131nda olmad\u0131\u011f\u0131m\u0131z bir\u00e7ok organ\u0131m\u0131z\u0131n.   \u00d6\u011frenmek, ya\u015famakt\u0131r. \u00d6\u011frenmek ve fark\u0131nda olmak\u2026 V\u00fccudunuzdaki mucizelerden birka\u00e7\u0131n\u0131n fark\u0131nda olmaya, hat\u0131rlamaya ve kendinize \u201cmerhaba\u201d demeye ne dersiniz? Cevab\u0131n\u0131z evet ise, buyurun i\u00e7inizde bir devr-i \u00e2leme.Muhte\u015fem bir ke\u015fif yolculu\u011fu sizi bekliyor&#8230; <\/p>\n","protected":false},"excerpt":{"rendered":"<p>\u201cD\u00fcnya\u2019da kendim kadar az bildi\u011fim ba\u015fka hi\u00e7bir \u015fey yok\u201d Hermann Hesse Ne kadar fark\u0131nday\u0131z, kalbimizin. Sadece sahilini dola\u015ft\u0131\u011f\u0131m\u0131z okyanusun, yani beynimizin. \u0130\u00e7 organlar\u0131m\u0131z\u0131n orkestra \u015fefi olan<span class=\"excerpt-hellip\"> [\u2026]<\/span><\/p>\n","protected":false},"featured_media":0,"template":"","meta":{"_monsterinsights_skip_tracking":false,"_monsterinsights_sitenote_active":false,"_monsterinsights_sitenote_note":"","_monsterinsights_sitenote_category":0},"product_brand":[],"product_cat":[12364,12376],"product_tag":[],"class_list":{"0":"post-724479","1":"product","2":"type-product","3":"status-publish","5":"product_cat-genel-konular","6":"product_cat-kisisel-gelisim","7":"pa_cilt-ciltsiz","8":"pa_tur-kitap","9":"pa_yayinevi-hayykitap","10":"pa_yazar-adnan-simsek","12":"first","13":"instock","14":"sale","15":"shipping-taxable","16":"purchasable","17":"product-type-simple"},"_links":{"self":[{"href":"https:\/\/roveyayinevi.com.tr\/index.php\/wp-json\/wp\/v2\/product\/724479","targetHints":{"allow":["GET"]}}],"collection":[{"href":"https:\/\/roveyayinevi.com.tr\/index.php\/wp-json\/wp\/v2\/product"}],"about":[{"href":"https:\/\/roveyayinevi.com.tr\/index.php\/wp-json\/wp\/v2\/types\/product"}],"wp:attachment":[{"href":"https:\/\/roveyayinevi.com.tr\/index.php\/wp-json\/wp\/v2\/media?parent=724479"}],"wp:term":[{"taxonomy":"product_brand","embeddable":true,"href":"https:\/\/roveyayinevi.com.tr\/index.php\/wp-json\/wp\/v2\/product_brand?post=724479"},{"taxonomy":"product_cat","embeddable":true,"href":"https:\/\/roveyayinevi.com.tr\/index.php\/wp-json\/wp\/v2\/product_cat?post=724479"},{"taxonomy":"product_tag","embeddable":true,"href":"https:\/\/roveyayinevi.com.tr\/index.php\/wp-json\/wp\/v2\/product_tag?post=724479"}],"curies":[{"name":"wp","href":"https:\/\/api.w.org\/{rel}","templated":true}]}}