{"id":724478,"date":"2025-08-27T19:35:10","date_gmt":"2025-08-27T16:35:10","guid":{"rendered":"https:\/\/roveyayinevi.com.tr\/index.php\/urun\/7-ced-7-nesil-ailenin-mutluluk-atolyesi\/"},"modified":"2026-04-16T02:32:21","modified_gmt":"2026-04-15T23:32:21","slug":"7-ced-7-nesil-ailenin-mutluluk-atolyesi","status":"publish","type":"product","link":"https:\/\/roveyayinevi.com.tr\/index.php\/urun\/7-ced-7-nesil-ailenin-mutluluk-atolyesi\/","title":{"rendered":"7 Ced 7 Nesil Ailenin Mutluluk At\u00f6lyesi"},"content":{"rendered":"<p>Kuran Ayetleri, Rasulullah\u2019\u0131n ve Hz. \u0130brahim\u2019in S\u00fcnneti, Epigenetik ve Aile Dizimi Terapisinin I\u015f\u0131\u011f\u0131nda; Anne Baba \u0130li\u015fkilerini \u015eifaland\u0131rma, 7 Ceddimizin Travmalar\u0131ndan Ar\u0131nma ve Gelecek Nesillere Temiz Genler B\u0131rakma Yolculu\u011fu  Sen, sadece sen de\u011filsin!!! \u015eu an ya\u015fad\u0131\u011f\u0131n hayat, ge\u00e7mi\u015fte atalar\u0131n\u0131n d\u00fc\u015f\u00fcnce ve davran\u0131\u015flar\u0131n\u0131n bir sonucu.  Ya\u015fayaca\u011f\u0131n hayat ise gelecek nesillerinin nas\u0131l insanlar olaca\u011f\u0131n\u0131 belirliyor.   Hayat\u0131n\u0131 sadece kendin i\u00e7in de\u011fil, senden sonraki nesillerin i\u00e7in de de\u011ferlendirmelisin.  Ac\u0131na, kederlerine, sahipsiz kalm\u0131\u015f yaralar\u0131na uzakl\u0131\u011f\u0131n, hayat\u0131n \u00f6z\u00fc olan sevgiye ve mutlulu\u011fa olan uzakl\u0131\u011f\u0131nd\u0131r. Sen kendini \u015fifaland\u0131rd\u0131\u011f\u0131nda, senin i\u00e7inde \u015fifalanan, ge\u00e7mi\u015f ve gelecekte herkesin i\u00e7inde \u015fifalan\u0131r. Kendi i\u00e7inden temizledi\u011fin her ac\u0131, her yara, her umutsuzluk, her \u00f6fke, her hastal\u0131\u011f\u0131n yerini ilahi nur alacakt\u0131r. Senden gelecek nesiller, senin olu\u015fturdu\u011fun bu nuru hayata yans\u0131tt\u0131\u011f\u0131 s\u00fcrece, sen bu d\u00fcnyada var olmaya devam edeceksin. \u0130\u015fte bu, sonsuzluk demektir!   Sahip oldu\u011fun \u00f6fke, nefret ve korkular, seni ku\u015fatan b\u00fcy\u00fck sevgiyi g\u00f6rmeni engelliyor. Onlar\u0131n gitmesine izin verdi\u011finde, geride kalacak olan b\u00fcy\u00fck sevgi ile kucakla\u015fabilirsin. Bu, atalar\u0131ndan sana do\u011fru akan derin sevgidir. Bu, onlar\u0131n hatalar\u0131n\u0131 tekrar etmeden, onlar\u0131n genlerini, yani atalar\u0131n\u0131n bayra\u011f\u0131n\u0131, daha ilerilere ta\u015f\u0131man i\u00e7in, sen izin verdi\u011finde seni ku\u015fatacak olan b\u00fcy\u00fck g\u00fc\u00e7t\u00fcr. Bu, kendini ke\u015ffetmen, bu d\u00fcnyada Yarat\u0131c\u0131n\u0131n sadece ve sadece sana verdi\u011fi has esman\u0131, e\u015fsiz \u00f6zelliklerini hayata sunman i\u00e7in seni destekleyecek ve sonsuz olana yakla\u015ft\u0131racak derin sevgidir. Bu, sana verdi\u011fi kaderi kabullenmen ve bunun olabileceklerin en g\u00fczeli oldu\u011funu g\u00f6rmen i\u00e7in Rabbinin sana olan \u00e7a\u011fr\u0131s\u0131d\u0131r. Bu, ancak ana baban\u0131n r\u0131zas\u0131ndan ge\u00e7erek girebilece\u011fin, cennete a\u00e7\u0131lan kap\u0131nd\u0131r.    \u0130yili\u011fin ve mutlulu\u011fun, ya\u015fam ama\u00e7lar\u0131na ula\u015fm\u0131\u015fl\u0131\u011f\u0131n, torunlar\u0131na b\u0131rakabilece\u011fin en de\u011ferli miras\u0131nd\u0131r. <\/p>\n","protected":false},"excerpt":{"rendered":"<p>Kuran Ayetleri, Rasulullah\u2019\u0131n ve Hz. \u0130brahim\u2019in S\u00fcnneti, Epigenetik ve Aile Dizimi Terapisinin I\u015f\u0131\u011f\u0131nda; Anne Baba \u0130li\u015fkilerini \u015eifaland\u0131rma, 7 Ceddimizin Travmalar\u0131ndan Ar\u0131nma ve Gelecek Nesillere Temiz Genler<span class=\"excerpt-hellip\"> [\u2026]<\/span><\/p>\n","protected":false},"featured_media":0,"template":"","meta":{"_monsterinsights_skip_tracking":false,"_monsterinsights_sitenote_active":false,"_monsterinsights_sitenote_note":"","_monsterinsights_sitenote_category":0},"product_brand":[],"product_cat":[12364,12376],"product_tag":[],"class_list":{"0":"post-724478","1":"product","2":"type-product","3":"status-publish","5":"product_cat-genel-konular","6":"product_cat-kisisel-gelisim","7":"pa_cilt-ciltsiz","8":"pa_tur-kitap","9":"pa_yayinevi-hayykitap","10":"pa_yazar-nevin-nesrin-soysal","12":"first","13":"instock","14":"sale","15":"shipping-taxable","16":"purchasable","17":"product-type-simple"},"_links":{"self":[{"href":"https:\/\/roveyayinevi.com.tr\/index.php\/wp-json\/wp\/v2\/product\/724478","targetHints":{"allow":["GET"]}}],"collection":[{"href":"https:\/\/roveyayinevi.com.tr\/index.php\/wp-json\/wp\/v2\/product"}],"about":[{"href":"https:\/\/roveyayinevi.com.tr\/index.php\/wp-json\/wp\/v2\/types\/product"}],"wp:attachment":[{"href":"https:\/\/roveyayinevi.com.tr\/index.php\/wp-json\/wp\/v2\/media?parent=724478"}],"wp:term":[{"taxonomy":"product_brand","embeddable":true,"href":"https:\/\/roveyayinevi.com.tr\/index.php\/wp-json\/wp\/v2\/product_brand?post=724478"},{"taxonomy":"product_cat","embeddable":true,"href":"https:\/\/roveyayinevi.com.tr\/index.php\/wp-json\/wp\/v2\/product_cat?post=724478"},{"taxonomy":"product_tag","embeddable":true,"href":"https:\/\/roveyayinevi.com.tr\/index.php\/wp-json\/wp\/v2\/product_tag?post=724478"}],"curies":[{"name":"wp","href":"https:\/\/api.w.org\/{rel}","templated":true}]}}