{"id":724476,"date":"2025-08-27T19:35:08","date_gmt":"2025-08-27T16:35:08","guid":{"rendered":"https:\/\/roveyayinevi.com.tr\/index.php\/urun\/kalbinde-iyilik-biriktirenin-yolu-hep-aciktir\/"},"modified":"2026-04-16T02:32:21","modified_gmt":"2026-04-15T23:32:21","slug":"kalbinde-iyilik-biriktirenin-yolu-hep-aciktir","status":"publish","type":"product","link":"https:\/\/roveyayinevi.com.tr\/index.php\/urun\/kalbinde-iyilik-biriktirenin-yolu-hep-aciktir\/","title":{"rendered":"Kalbinde \u0130yilik Biriktirenin Yolu Hep A\u00e7\u0131kt\u0131r"},"content":{"rendered":"<p>\u201cEy insan! Kafda\u011f\u0131 kadar y\u00fcksekte olsan da, kefene s\u0131\u011facak kadar k\u00fc\u00e7\u00fcks\u00fcn. Unutma, her \u015feyin bir hesab\u0131 var, \u00fczd\u00fc\u011f\u00fcn kadar \u00fcz\u00fcl\u00fcrs\u00fcn.\u201d   \u015eems-i Tebrizi\u2019nin ad\u0131, Mevlana Celaleddin-i Rumi ile duyulmu\u015f gibi san\u0131lsa da asl\u0131nda o, \u201c\u0130slam Dininin G\u00fcne\u015fi\u201ddir. Rumi\u2019nin olgunla\u015fmas\u0131n\u0131 sa\u011flar ve Divan-\u0131 \u015eems-i Tebrizi olmak \u00fczere pek \u00e7ok eseri yazmas\u0131nda ona ilham ve bilgi kayna\u011f\u0131 olur. \u015eems, Rumi\u2019nin g\u00f6lgede kalan k\u0131sm\u0131n\u0131 ayd\u0131nlatan cevherdir. Rumi\u2019nin \u201cmerhamet okyanusuna\u201d okyanus, \u201cbilgi umman\u0131na\u201d umman katar. Rumi\u2019yi t\u0131kand\u0131\u011f\u0131 yerden \u00e7\u0131kar\u0131r, hakikatin g\u00f6z kama\u015ft\u0131r\u0131c\u0131 ayd\u0131nl\u0131\u011f\u0131 ile kavu\u015fturur. <\/p>\n","protected":false},"excerpt":{"rendered":"<p>\u201cEy insan! Kafda\u011f\u0131 kadar y\u00fcksekte olsan da, kefene s\u0131\u011facak kadar k\u00fc\u00e7\u00fcks\u00fcn. Unutma, her \u015feyin bir hesab\u0131 var, \u00fczd\u00fc\u011f\u00fcn kadar \u00fcz\u00fcl\u00fcrs\u00fcn.\u201d \u015eems-i Tebrizi\u2019nin ad\u0131, Mevlana Celaleddin-i Rumi<span class=\"excerpt-hellip\"> [\u2026]<\/span><\/p>\n","protected":false},"featured_media":0,"template":"","meta":{"_monsterinsights_skip_tracking":false,"_monsterinsights_sitenote_active":false,"_monsterinsights_sitenote_note":"","_monsterinsights_sitenote_category":0},"product_brand":[],"product_cat":[19998,12388],"product_tag":[],"class_list":{"0":"post-724476","1":"product","2":"type-product","3":"status-publish","5":"product_cat-din-felsefesi","6":"product_cat-felsefe","7":"pa_cilt-ciltsiz","8":"pa_tur-kitap","9":"pa_yayinevi-destek-yayinlari","10":"pa_yazar-sems-i-tebrizi","12":"first","13":"instock","14":"sale","15":"shipping-taxable","16":"purchasable","17":"product-type-simple"},"_links":{"self":[{"href":"https:\/\/roveyayinevi.com.tr\/index.php\/wp-json\/wp\/v2\/product\/724476","targetHints":{"allow":["GET"]}}],"collection":[{"href":"https:\/\/roveyayinevi.com.tr\/index.php\/wp-json\/wp\/v2\/product"}],"about":[{"href":"https:\/\/roveyayinevi.com.tr\/index.php\/wp-json\/wp\/v2\/types\/product"}],"wp:attachment":[{"href":"https:\/\/roveyayinevi.com.tr\/index.php\/wp-json\/wp\/v2\/media?parent=724476"}],"wp:term":[{"taxonomy":"product_brand","embeddable":true,"href":"https:\/\/roveyayinevi.com.tr\/index.php\/wp-json\/wp\/v2\/product_brand?post=724476"},{"taxonomy":"product_cat","embeddable":true,"href":"https:\/\/roveyayinevi.com.tr\/index.php\/wp-json\/wp\/v2\/product_cat?post=724476"},{"taxonomy":"product_tag","embeddable":true,"href":"https:\/\/roveyayinevi.com.tr\/index.php\/wp-json\/wp\/v2\/product_tag?post=724476"}],"curies":[{"name":"wp","href":"https:\/\/api.w.org\/{rel}","templated":true}]}}