{"id":724475,"date":"2025-08-27T19:35:08","date_gmt":"2025-08-27T16:35:08","guid":{"rendered":"https:\/\/roveyayinevi.com.tr\/index.php\/urun\/en-kutsal-gozyaslarimizin-gozlerimize-ihtiyaci-yoktur\/"},"modified":"2026-04-16T02:32:21","modified_gmt":"2026-04-15T23:32:21","slug":"en-kutsal-gozyaslarimizin-gozlerimize-ihtiyaci-yoktur","status":"publish","type":"product","link":"https:\/\/roveyayinevi.com.tr\/index.php\/urun\/en-kutsal-gozyaslarimizin-gozlerimize-ihtiyaci-yoktur\/","title":{"rendered":"En Kutsal G\u00f6zya\u015flar\u0131m\u0131z\u0131n G\u00f6zlerimize \u0130htiyac\u0131 Yoktur"},"content":{"rendered":"<p>\u201cYa\u015fam, kalbinin \u015fark\u0131s\u0131n\u0131 s\u00f6yleyecek bir \u015fark\u0131c\u0131 bulamad\u0131\u011f\u0131nda, zihnini konu\u015fturacak bir filozof yarat\u0131r.\u201d   L\u00fcbnan\u2019\u0131n k\u00fc\u00e7\u00fck bir k\u00f6y\u00fcnde d\u00fcnyaya gelen Halil Cibran hem do\u011fdu\u011fu topraklar\u0131 hem de zaman\u0131n\u0131 a\u015fm\u0131\u015f bir sestir. Ona g\u00f6re \u015fiir y\u00fcre\u011fi b\u00fcy\u00fcleyen bilgeliktir. Bilgelik ak\u0131lda \u015fark\u0131 s\u00f6yleyen \u015fiirdir. Bu y\u00fczden sevgiyi, a\u015fk\u0131, \u00f6zg\u00fcrl\u00fc\u011f\u00fc, erdemi, ne\u015feyi, kederi, z\u0131tl\u0131klar\u0131 bilgelikle ve \u015fiirsel bir dille anlatm\u0131\u015ft\u0131r. \u015eairdir, ressamd\u0131r, yazard\u0131r, filozoftur ama hepsinden \u00f6te hayat\u0131n ger\u00e7ek \u015fark\u0131s\u0131n\u0131 s\u00f6yleyen bir ermi\u015ftir o. <\/p>\n","protected":false},"excerpt":{"rendered":"<p>\u201cYa\u015fam, kalbinin \u015fark\u0131s\u0131n\u0131 s\u00f6yleyecek bir \u015fark\u0131c\u0131 bulamad\u0131\u011f\u0131nda, zihnini konu\u015fturacak bir filozof yarat\u0131r.\u201d L\u00fcbnan\u2019\u0131n k\u00fc\u00e7\u00fck bir k\u00f6y\u00fcnde d\u00fcnyaya gelen Halil Cibran hem do\u011fdu\u011fu topraklar\u0131 hem de zaman\u0131n\u0131<span class=\"excerpt-hellip\"> [\u2026]<\/span><\/p>\n","protected":false},"featured_media":0,"template":"","meta":{"_monsterinsights_skip_tracking":false,"_monsterinsights_sitenote_active":false,"_monsterinsights_sitenote_note":"","_monsterinsights_sitenote_category":0},"product_brand":[],"product_cat":[19998,12388],"product_tag":[],"class_list":{"0":"post-724475","1":"product","2":"type-product","3":"status-publish","5":"product_cat-din-felsefesi","6":"product_cat-felsefe","7":"pa_cilt-ciltsiz","8":"pa_tur-kitap","9":"pa_yayinevi-destek-yayinlari","10":"pa_yazar-halil-cibran","12":"first","13":"instock","14":"sale","15":"shipping-taxable","16":"purchasable","17":"product-type-simple"},"_links":{"self":[{"href":"https:\/\/roveyayinevi.com.tr\/index.php\/wp-json\/wp\/v2\/product\/724475","targetHints":{"allow":["GET"]}}],"collection":[{"href":"https:\/\/roveyayinevi.com.tr\/index.php\/wp-json\/wp\/v2\/product"}],"about":[{"href":"https:\/\/roveyayinevi.com.tr\/index.php\/wp-json\/wp\/v2\/types\/product"}],"wp:attachment":[{"href":"https:\/\/roveyayinevi.com.tr\/index.php\/wp-json\/wp\/v2\/media?parent=724475"}],"wp:term":[{"taxonomy":"product_brand","embeddable":true,"href":"https:\/\/roveyayinevi.com.tr\/index.php\/wp-json\/wp\/v2\/product_brand?post=724475"},{"taxonomy":"product_cat","embeddable":true,"href":"https:\/\/roveyayinevi.com.tr\/index.php\/wp-json\/wp\/v2\/product_cat?post=724475"},{"taxonomy":"product_tag","embeddable":true,"href":"https:\/\/roveyayinevi.com.tr\/index.php\/wp-json\/wp\/v2\/product_tag?post=724475"}],"curies":[{"name":"wp","href":"https:\/\/api.w.org\/{rel}","templated":true}]}}