{"id":724472,"date":"2025-08-27T19:35:05","date_gmt":"2025-08-27T16:35:05","guid":{"rendered":"https:\/\/roveyayinevi.com.tr\/index.php\/urun\/bazi-tipler\/"},"modified":"2026-04-16T02:32:21","modified_gmt":"2026-04-15T23:32:21","slug":"bazi-tipler","status":"publish","type":"product","link":"https:\/\/roveyayinevi.com.tr\/index.php\/urun\/bazi-tipler\/","title":{"rendered":"Baz\u0131 Tipler"},"content":{"rendered":"<p>Mizah dergilerindeki Replikler ve Osman Gazi ve Mahdumlar\u0131 adl\u0131 k\u00f6\u015feleriyle ad\u0131ndan s\u00f6z ettiren Emirhan Perker, bu defa ince tespitler kitab\u0131yla kar\u015f\u0131m\u0131zda! Tatil beldesi sakinleri, mahalle bakkal\u0131, \u00fc\u00e7\u00fcnc\u00fc nesil kahveci, nargile kafe m\u00fcdavimi, 90\u2019lar pop\u00e7usu, instagram fenomeni, TV yorumcular\u0131, home ofis \u00e7al\u0131\u015fanlar\u0131, plaza \u00e7al\u0131\u015fanlar\u0131, \u00c7a\u011fan Irmak ve Nuri Bilge Ceylan karakterleri&#8230; Baz\u0131 Tipler, g\u00fcndelik hayat\u0131n i\u00e7indeki g\u00f6zden ka\u00e7an k\u00fc\u00e7\u00fck detaylar\u0131 keyifli bir \u00fcslupla didikliyor. <\/p>\n","protected":false},"excerpt":{"rendered":"<p>Mizah dergilerindeki Replikler ve Osman Gazi ve Mahdumlar\u0131 adl\u0131 k\u00f6\u015feleriyle ad\u0131ndan s\u00f6z ettiren Emirhan Perker, bu defa ince tespitler kitab\u0131yla kar\u015f\u0131m\u0131zda! Tatil beldesi sakinleri, mahalle bakkal\u0131,<span class=\"excerpt-hellip\"> [\u2026]<\/span><\/p>\n","protected":false},"featured_media":0,"template":"","meta":{"_monsterinsights_skip_tracking":false,"_monsterinsights_sitenote_active":false,"_monsterinsights_sitenote_note":"","_monsterinsights_sitenote_category":0},"product_brand":[],"product_cat":[12291,49405],"product_tag":[],"class_list":{"0":"post-724472","1":"product","2":"type-product","3":"status-publish","5":"product_cat-edebiyat","6":"product_cat-karikatur","7":"pa_cilt-ciltsiz","8":"pa_tur-kitap","9":"pa_yayinevi-kara-karga-yayinlari","10":"pa_yazar-emirhan-perker","12":"first","13":"instock","14":"sale","15":"shipping-taxable","16":"purchasable","17":"product-type-simple"},"_links":{"self":[{"href":"https:\/\/roveyayinevi.com.tr\/index.php\/wp-json\/wp\/v2\/product\/724472","targetHints":{"allow":["GET"]}}],"collection":[{"href":"https:\/\/roveyayinevi.com.tr\/index.php\/wp-json\/wp\/v2\/product"}],"about":[{"href":"https:\/\/roveyayinevi.com.tr\/index.php\/wp-json\/wp\/v2\/types\/product"}],"wp:attachment":[{"href":"https:\/\/roveyayinevi.com.tr\/index.php\/wp-json\/wp\/v2\/media?parent=724472"}],"wp:term":[{"taxonomy":"product_brand","embeddable":true,"href":"https:\/\/roveyayinevi.com.tr\/index.php\/wp-json\/wp\/v2\/product_brand?post=724472"},{"taxonomy":"product_cat","embeddable":true,"href":"https:\/\/roveyayinevi.com.tr\/index.php\/wp-json\/wp\/v2\/product_cat?post=724472"},{"taxonomy":"product_tag","embeddable":true,"href":"https:\/\/roveyayinevi.com.tr\/index.php\/wp-json\/wp\/v2\/product_tag?post=724472"}],"curies":[{"name":"wp","href":"https:\/\/api.w.org\/{rel}","templated":true}]}}