{"id":724471,"date":"2025-08-27T19:35:04","date_gmt":"2025-08-27T16:35:04","guid":{"rendered":"https:\/\/roveyayinevi.com.tr\/index.php\/urun\/hayvanlar-aleminden-uygunsuz-gercekler\/"},"modified":"2026-04-16T02:32:21","modified_gmt":"2026-04-15T23:32:21","slug":"hayvanlar-aleminden-uygunsuz-gercekler","status":"publish","type":"product","link":"https:\/\/roveyayinevi.com.tr\/index.php\/urun\/hayvanlar-aleminden-uygunsuz-gercekler\/","title":{"rendered":"Hayvanlar Aleminden Uygunsuz Ger\u00e7ekler"},"content":{"rendered":"<p>\u201cOxford\u2019lu bir hayvanbilimciden beklenece\u011fi gibi, kusursuzca ara\u015ft\u0131r\u0131lm\u0131\u015f. Bir de \u00fcst\u00fcne d\u00fcped\u00fcz komik.\u201d Richard Dawkins   2018 Kraliyet Akademisi Bilim Kitab\u0131 \u00d6d\u00fcl\u00fc Finalisti   Atomu par\u00e7alam\u0131\u015f, Ay\u2019\u0131 fethetmi\u015f, Higgs bozonunun izini bulmu\u015f olabiliriz ama i\u015f hayvanlar\u0131 anlamaya gelince \u00f6n\u00fcm\u00fczde h\u00e2l\u00e2 uzun bir yol var. \u0130ster didi\u015fen bebek pandalar\u0131n videosu, ister el ele tutu\u015fmu\u015f penguenlerin foto\u011fraf\u0131; s\u00f6z konusu hayvanlar oldu\u011funda masumiyet, sadakat, \u00f6l\u00e7\u00fcl\u00fcl\u00fck, \u00e7al\u0131\u015fkanl\u0131k gibi basmakal\u0131p insani erdemleri onlara y\u00fcklemeden duram\u0131yoruz. Kendi yaratt\u0131\u011f\u0131m\u0131z mitlere, yalan yanl\u0131\u015f bilgilerle inanmak, bir s\u0131\u011f\u0131n\u0131n sarho\u015f olabilece\u011fine, bir penguenin e\u015fini aldatabilece\u011fine ya da i\u015f\u00e7i kar\u0131ncalar\u0131n i\u015ften kaytarabilece\u011fine ihtimal vermekten \u00e7ok daha kolay. Halbuki bunlar ger\u00e7ek. Hatta dahas\u0131 var. Lucy Cooke hayvan akl\u0131n\u0131 oldu\u011fu gibi anlayabilmek i\u00e7in Kolombiyal\u0131 bir \u201csuayg\u0131r\u0131 burucusu\u201dndan \u00c7inli bir \u201cpanda \u00e7\u00f6p\u00e7atan\u0131\u201dna kadar hayli renkli karakterle tan\u0131\u015faca\u011f\u0131 bir d\u00fcnya turuna \u00e7\u0131k\u0131yor ve bizleri hayvanlar\u0131n gizli \u2212ya da bizim g\u00f6rmezden geldi\u011fimiz\u2212 ve bir o kadar e\u011flenceli d\u00fcnyas\u0131yla tan\u0131\u015ft\u0131r\u0131yor. Hayvanlar \u00c2leminden Uygunsuz Ger\u00e7ekler, sadece hayvanlar\u0131 de\u011fil, t\u00fcm o ak\u0131ld\u0131\u015f\u0131 \u00f6nyarg\u0131lar\u0131 ve u\u00e7uk hayal g\u00fcc\u00fcyle insan\u0131 da anlatan, yanl\u0131\u015f anla\u015f\u0131lmalarla dolu bir hayvanat bah\u00e7esi.   \u201cBir kurgu d\u0131\u015f\u0131 kitaptan en son ne zaman bu kadar keyif ald\u0131\u011f\u0131m\u0131 hat\u0131rlayam\u0131yorum.\u201d Daily Express   \u201cDo\u011fa tarihi kitaplar\u0131nda y\u0131l\u0131n kazanan\u0131. Harika.\u201d Mail On Sunday   &#8220;Ba\u015ftan sona b\u00fcy\u00fcleyici.&#8221; Bill Bryson <\/p>\n","protected":false},"excerpt":{"rendered":"<p>\u201cOxford\u2019lu bir hayvanbilimciden beklenece\u011fi gibi, kusursuzca ara\u015ft\u0131r\u0131lm\u0131\u015f. Bir de \u00fcst\u00fcne d\u00fcped\u00fcz komik.\u201d Richard Dawkins 2018 Kraliyet Akademisi Bilim Kitab\u0131 \u00d6d\u00fcl\u00fc Finalisti Atomu par\u00e7alam\u0131\u015f, Ay\u2019\u0131 fethetmi\u015f, Higgs<span class=\"excerpt-hellip\"> [\u2026]<\/span><\/p>\n","protected":false},"featured_media":0,"template":"","meta":{"_monsterinsights_skip_tracking":false,"_monsterinsights_sitenote_active":false,"_monsterinsights_sitenote_note":"","_monsterinsights_sitenote_category":0},"product_brand":[],"product_cat":[12540,12291],"product_tag":[],"class_list":{"0":"post-724471","1":"product","2":"type-product","3":"status-publish","5":"product_cat-bilim-kurgu","6":"product_cat-edebiyat","7":"pa_cilt-ciltsiz","8":"pa_tur-kitap","9":"pa_yayinevi-domingo-yayinevi","10":"pa_yazar-lucy-cooke","12":"first","13":"instock","14":"sale","15":"shipping-taxable","16":"purchasable","17":"product-type-simple"},"_links":{"self":[{"href":"https:\/\/roveyayinevi.com.tr\/index.php\/wp-json\/wp\/v2\/product\/724471","targetHints":{"allow":["GET"]}}],"collection":[{"href":"https:\/\/roveyayinevi.com.tr\/index.php\/wp-json\/wp\/v2\/product"}],"about":[{"href":"https:\/\/roveyayinevi.com.tr\/index.php\/wp-json\/wp\/v2\/types\/product"}],"wp:attachment":[{"href":"https:\/\/roveyayinevi.com.tr\/index.php\/wp-json\/wp\/v2\/media?parent=724471"}],"wp:term":[{"taxonomy":"product_brand","embeddable":true,"href":"https:\/\/roveyayinevi.com.tr\/index.php\/wp-json\/wp\/v2\/product_brand?post=724471"},{"taxonomy":"product_cat","embeddable":true,"href":"https:\/\/roveyayinevi.com.tr\/index.php\/wp-json\/wp\/v2\/product_cat?post=724471"},{"taxonomy":"product_tag","embeddable":true,"href":"https:\/\/roveyayinevi.com.tr\/index.php\/wp-json\/wp\/v2\/product_tag?post=724471"}],"curies":[{"name":"wp","href":"https:\/\/api.w.org\/{rel}","templated":true}]}}