{"id":724466,"date":"2025-08-27T19:35:00","date_gmt":"2025-08-27T16:35:00","guid":{"rendered":"https:\/\/roveyayinevi.com.tr\/index.php\/urun\/korona-gunlukleri\/"},"modified":"2026-04-16T02:32:21","modified_gmt":"2026-04-15T23:32:21","slug":"korona-gunlukleri","status":"publish","type":"product","link":"https:\/\/roveyayinevi.com.tr\/index.php\/urun\/korona-gunlukleri\/","title":{"rendered":"Ko*rona G\u00fcnl\u00fckleri"},"content":{"rendered":"<p>Ko*rana vir\u00fcs\u00fc binlerce can ald\u0131. Sanki d\u00fcnyaya k\u0131ran girdi. B\u00fcy\u00fck g\u00fc\u00e7lerin b\u00fcy\u00fcs\u00fc bozuldu. Hepimiz elimiz kolumuz ba\u011fl\u0131 kendimizle y\u00fczy\u00fcze geldik. Adnan Ocak Ko*rona G\u00fcnl\u00fckleri-Y\u00fczle\u015fme Vakti kitab\u0131yla, bizi kendimizle ba\u015fba\u015fa kal\u0131p y\u00fczle\u015fmeye \u00e7a\u011f\u0131r\u0131yor.   Sokakta oynard\u0131 \u00e7ocuklar\u0131m\u0131z. Akranlar\u0131yla b\u00fcy\u00fcrd\u00fc. Kom\u015fular akrabadan \u00f6nce gelirdi. Kirvelerimiz vard\u0131, sa\u011fd\u0131\u00e7lar\u0131m\u0131z vard\u0131, ahretliklerimiz vard\u0131, s\u00fctkarde\u015flerimiz vard\u0131. Baba dostlar\u0131m\u0131z vard\u0131. Can dostum derdik. K\u00f6ylerimiz vard\u0131. Kasabalar\u0131m\u0131z vard\u0131. Mahallenin, k\u00f6y\u00fcn delisi de olurdu velisi de. Bakkal\u0131 olurdu. Tanr\u0131 misafirlerimiz olurdu. S\u00f6z\u00fcm\u00fcz senetti. Kuldan utan\u0131r, Allahtan korkard\u0131k.Y\u00fcz y\u00fcze bakaca\u011f\u0131z der haddimizi a\u015fmazd\u0131k. Ne oldu bize?   Uykuday\u0131z! Can ku\u015fu ten kafesinden kurtulunca uyanaca\u011f\u0131z.  <\/p>\n","protected":false},"excerpt":{"rendered":"<p>Ko*rana vir\u00fcs\u00fc binlerce can ald\u0131. Sanki d\u00fcnyaya k\u0131ran girdi. B\u00fcy\u00fck g\u00fc\u00e7lerin b\u00fcy\u00fcs\u00fc bozuldu. Hepimiz elimiz kolumuz ba\u011fl\u0131 kendimizle y\u00fczy\u00fcze geldik. Adnan Ocak Ko*rona G\u00fcnl\u00fckleri-Y\u00fczle\u015fme Vakti kitab\u0131yla,<span class=\"excerpt-hellip\"> [\u2026]<\/span><\/p>\n","protected":false},"featured_media":0,"template":"","meta":{"_monsterinsights_skip_tracking":false,"_monsterinsights_sitenote_active":false,"_monsterinsights_sitenote_note":"","_monsterinsights_sitenote_category":0},"product_brand":[],"product_cat":[12777,12291],"product_tag":[],"class_list":{"0":"post-724466","1":"product","2":"type-product","3":"status-publish","5":"product_cat-deneme","6":"product_cat-edebiyat","7":"pa_cilt-ciltsiz","8":"pa_tur-kitap","9":"pa_yayinevi-biyografi-net-yayincilik","10":"pa_yazar-adnan-ocak","12":"first","13":"instock","14":"sale","15":"shipping-taxable","16":"purchasable","17":"product-type-simple"},"_links":{"self":[{"href":"https:\/\/roveyayinevi.com.tr\/index.php\/wp-json\/wp\/v2\/product\/724466","targetHints":{"allow":["GET"]}}],"collection":[{"href":"https:\/\/roveyayinevi.com.tr\/index.php\/wp-json\/wp\/v2\/product"}],"about":[{"href":"https:\/\/roveyayinevi.com.tr\/index.php\/wp-json\/wp\/v2\/types\/product"}],"wp:attachment":[{"href":"https:\/\/roveyayinevi.com.tr\/index.php\/wp-json\/wp\/v2\/media?parent=724466"}],"wp:term":[{"taxonomy":"product_brand","embeddable":true,"href":"https:\/\/roveyayinevi.com.tr\/index.php\/wp-json\/wp\/v2\/product_brand?post=724466"},{"taxonomy":"product_cat","embeddable":true,"href":"https:\/\/roveyayinevi.com.tr\/index.php\/wp-json\/wp\/v2\/product_cat?post=724466"},{"taxonomy":"product_tag","embeddable":true,"href":"https:\/\/roveyayinevi.com.tr\/index.php\/wp-json\/wp\/v2\/product_tag?post=724466"}],"curies":[{"name":"wp","href":"https:\/\/api.w.org\/{rel}","templated":true}]}}