{"id":724465,"date":"2025-08-27T19:34:59","date_gmt":"2025-08-27T16:34:59","guid":{"rendered":"https:\/\/roveyayinevi.com.tr\/index.php\/urun\/her-sey-degisir-genisletilmis-baski\/"},"modified":"2026-04-08T02:40:30","modified_gmt":"2026-04-07T23:40:30","slug":"her-sey-degisir-genisletilmis-baski","status":"publish","type":"product","link":"https:\/\/roveyayinevi.com.tr\/index.php\/urun\/her-sey-degisir-genisletilmis-baski\/","title":{"rendered":"Her \u015eey De\u011fi\u015fir &#8211; Geni\u015fletilmi\u015f Bask\u0131"},"content":{"rendered":"<p>Can\u0131n m\u0131 s\u0131kk\u0131n? Moralsiz misin? \u0130\u00e7in mi yan\u0131yor? \u0130\u015ften mi at\u0131ld\u0131n? Hayat yolunda hepsi ba\u015f\u0131m\u0131za gelebilecek \u015feyler&#8230;   \u00d6nemli olan d\u00fc\u015ft\u00fcysen aya\u011fa kalkmak, korksan da yola devam etmek ve her \u015feyin de\u011fi\u015fece\u011fine, yoluna girece\u011fine inanmak&#8230;   Nas\u0131l m\u0131?   Bu kitapta sana anlatt\u0131\u011f\u0131m rit\u00fcellerle, meditasyonlarla, \u00f6devlerle&#8230; B\u00f6ylece enerjin y\u00fckselecek, d\u00fc\u015f\u00fcnce yap\u0131n de\u011fi\u015fecek, karanl\u0131ktaki \u0131\u015f\u0131\u011f\u0131 g\u00f6rmeye ba\u015flayacaks\u0131n&#8230;   H\u00e2l\u00e2 duruyor musun? G\u00f6zlerini kapat\u0131p herhangi bir sayfay\u0131 a\u00e7 ve kar\u015f\u0131na \u00e7\u0131kan rit\u00fceli yapmaya ba\u015fla&#8230; Senin ve b\u00fct\u00fcn\u00fcn hayr\u0131na olsun in\u015fAllah&#8230; <\/p>\n","protected":false},"excerpt":{"rendered":"<p>Can\u0131n m\u0131 s\u0131kk\u0131n? Moralsiz misin? \u0130\u00e7in mi yan\u0131yor? \u0130\u015ften mi at\u0131ld\u0131n? Hayat yolunda hepsi ba\u015f\u0131m\u0131za gelebilecek \u015feyler&#8230; \u00d6nemli olan d\u00fc\u015ft\u00fcysen aya\u011fa kalkmak, korksan da yola devam<span class=\"excerpt-hellip\"> [\u2026]<\/span><\/p>\n","protected":false},"featured_media":0,"template":"","meta":{"_monsterinsights_skip_tracking":false,"_monsterinsights_sitenote_active":false,"_monsterinsights_sitenote_note":"","_monsterinsights_sitenote_category":0},"product_brand":[],"product_cat":[12364,12376],"product_tag":[],"class_list":{"0":"post-724465","1":"product","2":"type-product","3":"status-publish","5":"product_cat-genel-konular","6":"product_cat-kisisel-gelisim","7":"pa_cilt-ciltsiz","8":"pa_tur-kitap","9":"pa_yayinevi-destek-yayinlari","10":"pa_yazar-anette-inselberg","12":"first","13":"instock","14":"sale","15":"shipping-taxable","16":"purchasable","17":"product-type-simple"},"_links":{"self":[{"href":"https:\/\/roveyayinevi.com.tr\/index.php\/wp-json\/wp\/v2\/product\/724465","targetHints":{"allow":["GET"]}}],"collection":[{"href":"https:\/\/roveyayinevi.com.tr\/index.php\/wp-json\/wp\/v2\/product"}],"about":[{"href":"https:\/\/roveyayinevi.com.tr\/index.php\/wp-json\/wp\/v2\/types\/product"}],"wp:attachment":[{"href":"https:\/\/roveyayinevi.com.tr\/index.php\/wp-json\/wp\/v2\/media?parent=724465"}],"wp:term":[{"taxonomy":"product_brand","embeddable":true,"href":"https:\/\/roveyayinevi.com.tr\/index.php\/wp-json\/wp\/v2\/product_brand?post=724465"},{"taxonomy":"product_cat","embeddable":true,"href":"https:\/\/roveyayinevi.com.tr\/index.php\/wp-json\/wp\/v2\/product_cat?post=724465"},{"taxonomy":"product_tag","embeddable":true,"href":"https:\/\/roveyayinevi.com.tr\/index.php\/wp-json\/wp\/v2\/product_tag?post=724465"}],"curies":[{"name":"wp","href":"https:\/\/api.w.org\/{rel}","templated":true}]}}