{"id":724463,"date":"2025-08-27T19:34:57","date_gmt":"2025-08-27T16:34:57","guid":{"rendered":"https:\/\/roveyayinevi.com.tr\/index.php\/urun\/dijital-pazarlama-ve-sosyal-medya\/"},"modified":"2026-04-16T02:32:21","modified_gmt":"2026-04-15T23:32:21","slug":"dijital-pazarlama-ve-sosyal-medya","status":"publish","type":"product","link":"https:\/\/roveyayinevi.com.tr\/index.php\/urun\/dijital-pazarlama-ve-sosyal-medya\/","title":{"rendered":"Dijital Pazarlama ve Sosyal Medya"},"content":{"rendered":"<p>\u201cDijital pazarlama kavram\u0131na bak\u0131\u015f a\u00e7\u0131n\u0131z, gelece\u011finizi olumlu ya da olumsuz etkileyecek en \u00f6nemli etken olabilir. Bu sizin i\u00e7in ge\u00e7erli bir \u00f6nerme oldu\u011fu gibi; t\u00fcm kurum, kurulu\u015f ve \u015firketler i\u00e7in de ge\u00e7erli.\u201dT\u00fcm Boyutlar\u0131yla Dijital Pazarlama ve Sosyal Medya kitab\u0131, T.C. Ba\u015fbakanl\u0131k, T.C. Mill\u00ee Savunma Bakanl\u0131\u011f\u0131, Anadolu Ajans\u0131, \u0130stanbul Okan \u00dcniversitesi, Al Jazeera ve Medya Akademi gibi bir\u00e7ok kurum ve kurulu\u015fta g\u00f6rev alan Okan Y\u00fcksel taraf\u0131ndan yaz\u0131ld\u0131.Dijital pazarlama ve sosyal medya alan\u0131nda bir\u00e7ok ulusal \u00f6d\u00fcl\u00fcn de sahibi olan Okan Y\u00fcksel, alt\u0131 \u00fcniversitede dijital pazarlama, sosyal medya ve ileti\u015fim alanlar\u0131nda ders ve konferanslar verdi.Okan Y\u00fcksel\u2019in profesyonel deneyimlerini, g\u00fcncel bilimsel ara\u015ft\u0131rmalarla harmanlayarak ve \u00e7ok say\u0131da uygulamaya da yer vererek sundu\u011fu bu kitap, herkes i\u00e7in \u00f6nemli bir rehber niteli\u011finde.<\/p>\n","protected":false},"excerpt":{"rendered":"<p>\u201cDijital pazarlama kavram\u0131na bak\u0131\u015f a\u00e7\u0131n\u0131z, gelece\u011finizi olumlu ya da olumsuz etkileyecek en \u00f6nemli etken olabilir. Bu sizin i\u00e7in ge\u00e7erli bir \u00f6nerme oldu\u011fu gibi; t\u00fcm kurum, kurulu\u015f<span class=\"excerpt-hellip\"> [\u2026]<\/span><\/p>\n","protected":false},"featured_media":0,"template":"","meta":{"_monsterinsights_skip_tracking":false,"_monsterinsights_sitenote_active":false,"_monsterinsights_sitenote_note":"","_monsterinsights_sitenote_category":0},"product_brand":[],"product_cat":[22061,13488],"product_tag":[],"class_list":{"0":"post-724463","1":"product","2":"type-product","3":"status-publish","5":"product_cat-sosyal-medya-ve-iletisim","6":"product_cat-toplum-ve-insan","7":"pa_cilt-ciltsiz","8":"pa_tur-kitap","9":"pa_yayinevi-medya-akademi-yayinlari","10":"pa_yazar-okan-yuksel","12":"first","13":"instock","14":"sale","15":"shipping-taxable","16":"purchasable","17":"product-type-simple"},"_links":{"self":[{"href":"https:\/\/roveyayinevi.com.tr\/index.php\/wp-json\/wp\/v2\/product\/724463","targetHints":{"allow":["GET"]}}],"collection":[{"href":"https:\/\/roveyayinevi.com.tr\/index.php\/wp-json\/wp\/v2\/product"}],"about":[{"href":"https:\/\/roveyayinevi.com.tr\/index.php\/wp-json\/wp\/v2\/types\/product"}],"wp:attachment":[{"href":"https:\/\/roveyayinevi.com.tr\/index.php\/wp-json\/wp\/v2\/media?parent=724463"}],"wp:term":[{"taxonomy":"product_brand","embeddable":true,"href":"https:\/\/roveyayinevi.com.tr\/index.php\/wp-json\/wp\/v2\/product_brand?post=724463"},{"taxonomy":"product_cat","embeddable":true,"href":"https:\/\/roveyayinevi.com.tr\/index.php\/wp-json\/wp\/v2\/product_cat?post=724463"},{"taxonomy":"product_tag","embeddable":true,"href":"https:\/\/roveyayinevi.com.tr\/index.php\/wp-json\/wp\/v2\/product_tag?post=724463"}],"curies":[{"name":"wp","href":"https:\/\/api.w.org\/{rel}","templated":true}]}}