{"id":724462,"date":"2025-08-27T19:34:56","date_gmt":"2025-08-27T16:34:56","guid":{"rendered":"https:\/\/roveyayinevi.com.tr\/index.php\/urun\/kral-sakir-muhtisim-egitici-kartlar-3lu-set\/"},"modified":"2026-02-06T21:51:00","modified_gmt":"2026-02-06T18:51:00","slug":"kral-sakir-muhtisim-egitici-kartlar-3lu-set","status":"publish","type":"product","link":"https:\/\/roveyayinevi.com.tr\/index.php\/urun\/kral-sakir-muhtisim-egitici-kartlar-3lu-set\/","title":{"rendered":"Kral \u015eakir Muhti\u015fim E\u011fitici Kartlar! 3&#8217;l\u00fc Set"},"content":{"rendered":"<p>Kral \u015eakir Muhti\u015fim E\u011fitici Kartlar! 3&#8217;l\u00fc Set<\/p>\n","protected":false},"excerpt":{"rendered":"<p>Kral \u015eakir Muhti\u015fim E\u011fitici Kartlar! 3&#8217;l\u00fc Set<\/p>\n","protected":false},"featured_media":0,"template":"","meta":{"_monsterinsights_skip_tracking":false,"_monsterinsights_sitenote_active":false,"_monsterinsights_sitenote_note":"","_monsterinsights_sitenote_category":0},"product_brand":[],"product_cat":[12274,24599],"product_tag":[],"class_list":{"0":"post-724462","1":"product","2":"type-product","3":"status-publish","5":"product_cat-cocuk-ve-genclik-kitaplari","6":"product_cat-zeka-gelisimi","7":"pa_cilt-ciltsiz","8":"pa_tur-kitap","9":"pa_yayinevi-eksik-parca-yayinlari","10":"pa_yazar-kolektif","12":"first","13":"outofstock","14":"sale","15":"shipping-taxable","16":"purchasable","17":"product-type-simple"},"_links":{"self":[{"href":"https:\/\/roveyayinevi.com.tr\/index.php\/wp-json\/wp\/v2\/product\/724462","targetHints":{"allow":["GET"]}}],"collection":[{"href":"https:\/\/roveyayinevi.com.tr\/index.php\/wp-json\/wp\/v2\/product"}],"about":[{"href":"https:\/\/roveyayinevi.com.tr\/index.php\/wp-json\/wp\/v2\/types\/product"}],"wp:attachment":[{"href":"https:\/\/roveyayinevi.com.tr\/index.php\/wp-json\/wp\/v2\/media?parent=724462"}],"wp:term":[{"taxonomy":"product_brand","embeddable":true,"href":"https:\/\/roveyayinevi.com.tr\/index.php\/wp-json\/wp\/v2\/product_brand?post=724462"},{"taxonomy":"product_cat","embeddable":true,"href":"https:\/\/roveyayinevi.com.tr\/index.php\/wp-json\/wp\/v2\/product_cat?post=724462"},{"taxonomy":"product_tag","embeddable":true,"href":"https:\/\/roveyayinevi.com.tr\/index.php\/wp-json\/wp\/v2\/product_tag?post=724462"}],"curies":[{"name":"wp","href":"https:\/\/api.w.org\/{rel}","templated":true}]}}