{"id":724460,"date":"2025-08-27T19:34:55","date_gmt":"2025-08-27T16:34:55","guid":{"rendered":"https:\/\/roveyayinevi.com.tr\/index.php\/urun\/ruhun-derin-yaralari\/"},"modified":"2026-02-02T02:36:12","modified_gmt":"2026-02-01T23:36:12","slug":"ruhun-derin-yaralari","status":"publish","type":"product","link":"https:\/\/roveyayinevi.com.tr\/index.php\/urun\/ruhun-derin-yaralari\/","title":{"rendered":"Ruhun Derin Yaralar\u0131"},"content":{"rendered":"<p>Yaz\u0131lar\u0131nda \u201cyava\u015flamay\u0131\u201d sal\u0131k veren, i\u00e7 \u00e2lemimize dikkat kesilmeye, vicdan\u0131n sesini duymaya \u00e7a\u011f\u0131ran Kemal Sayar\u2019\u0131n s\u00f6zleri, t\u00fcm d\u00fcnyay\u0131 sarsan karantina g\u00fcnlerinde de ruhlara \u015fifa \u00e2deta. D\u00fcnya her birimizi tedirgin eden bir \u201cfelaketler \u00e7a\u011f\u0131\u201dna girmi\u015f g\u00f6r\u00fcn\u00fcyor. Ruhun yaralar\u0131 derinle\u015fiyor. \u015eimdi \u015fu sorular\u0131 sorman\u0131n tam zaman\u0131: Hayat\u0131n \u015famatas\u0131 dindi\u011finde sana anlam verecek olan \u015fey nedir? \u00d6ncelik sayd\u0131klar\u0131n ger\u00e7ekten de \u00f6ne alman gerekenler miymi\u015f? Madem \u015fimdi makam ve para pe\u015finde ko\u015fmak anlams\u0131z, o halde hayat\u0131na de\u011fer veren ne kald\u0131?   Ruhun Derin Yaralar\u0131, kendimizi ve d\u00fcnyay\u0131 sorgulamaya \u00e7a\u011f\u0131ran, bizi can evimize buyur eden bir kitap.   \u201cB\u00fct\u00fcn d\u00fcnyay\u0131 onaramazs\u0131n ama onarmaya kolunun uzand\u0131\u011f\u0131 yerden ba\u015flayabilirsin. Bir ruhun di\u011ferine yard\u0131ma heveslendi\u011fi, bir \u0131st\u0131rab\u0131 dindirmeye talip oldu\u011fu her seferinde d\u00fcnya g\u00fczelle\u015fir ve buraya geldi\u011fimizde, insan oldu\u011fumuza de\u011fer.\u201d <\/p>\n","protected":false},"excerpt":{"rendered":"<p>Yaz\u0131lar\u0131nda \u201cyava\u015flamay\u0131\u201d sal\u0131k veren, i\u00e7 \u00e2lemimize dikkat kesilmeye, vicdan\u0131n sesini duymaya \u00e7a\u011f\u0131ran Kemal Sayar\u2019\u0131n s\u00f6zleri, t\u00fcm d\u00fcnyay\u0131 sarsan karantina g\u00fcnlerinde de ruhlara \u015fifa \u00e2deta. D\u00fcnya her<span class=\"excerpt-hellip\"> [\u2026]<\/span><\/p>\n","protected":false},"featured_media":0,"template":"","meta":{"_monsterinsights_skip_tracking":false,"_monsterinsights_sitenote_active":false,"_monsterinsights_sitenote_note":"","_monsterinsights_sitenote_category":0},"product_brand":[],"product_cat":[12358,12357],"product_tag":[],"class_list":{"0":"post-724460","1":"product","2":"type-product","3":"status-publish","5":"product_cat-genel-psikoloji","6":"product_cat-psikoloji","7":"pa_cilt-ciltsiz","8":"pa_tur-kitap","9":"pa_yayinevi-kapi-yayinlari","10":"pa_yazar-kemal-sayar","12":"first","13":"instock","14":"sale","15":"shipping-taxable","16":"purchasable","17":"product-type-simple"},"_links":{"self":[{"href":"https:\/\/roveyayinevi.com.tr\/index.php\/wp-json\/wp\/v2\/product\/724460","targetHints":{"allow":["GET"]}}],"collection":[{"href":"https:\/\/roveyayinevi.com.tr\/index.php\/wp-json\/wp\/v2\/product"}],"about":[{"href":"https:\/\/roveyayinevi.com.tr\/index.php\/wp-json\/wp\/v2\/types\/product"}],"wp:attachment":[{"href":"https:\/\/roveyayinevi.com.tr\/index.php\/wp-json\/wp\/v2\/media?parent=724460"}],"wp:term":[{"taxonomy":"product_brand","embeddable":true,"href":"https:\/\/roveyayinevi.com.tr\/index.php\/wp-json\/wp\/v2\/product_brand?post=724460"},{"taxonomy":"product_cat","embeddable":true,"href":"https:\/\/roveyayinevi.com.tr\/index.php\/wp-json\/wp\/v2\/product_cat?post=724460"},{"taxonomy":"product_tag","embeddable":true,"href":"https:\/\/roveyayinevi.com.tr\/index.php\/wp-json\/wp\/v2\/product_tag?post=724460"}],"curies":[{"name":"wp","href":"https:\/\/api.w.org\/{rel}","templated":true}]}}