{"id":724458,"date":"2025-08-27T19:34:53","date_gmt":"2025-08-27T16:34:53","guid":{"rendered":"https:\/\/roveyayinevi.com.tr\/index.php\/urun\/dedem-ben-ve-definemiz\/"},"modified":"2026-04-16T02:32:21","modified_gmt":"2026-04-15T23:32:21","slug":"dedem-ben-ve-definemiz","status":"publish","type":"product","link":"https:\/\/roveyayinevi.com.tr\/index.php\/urun\/dedem-ben-ve-definemiz\/","title":{"rendered":"Dedem, Ben ve Definemiz"},"content":{"rendered":"<p>Savulun, define avc\u0131lar\u0131 geliyor!..Dedem, Ben ve Definemiz, &#8220;K\u00fc\u00e7\u00fck Y\u0131ld\u0131zlar &#8211; \u0130lk Okuma Kitapl\u0131\u011f\u0131&#8221; serisindeki yerini al\u0131yor.&#8221;Okuma Seviyesi 1&#8243; olarak s\u0131n\u0131fland\u0131r\u0131lan bu heyecan verici \u00f6yk\u00fc, 7 ya\u015f ve \u00fczerindeki \u00f6\u011frencilerin merak\u0131n\u0131 uyand\u0131r\u0131p onlar\u0131 ara\u015ft\u0131rmaya itiyor, hem e\u011flenceli hem de \u00f6\u011fretici bir ser\u00fcvene \u00e7\u0131kar\u0131yor.Yarat\u0131c\u0131 oyunlar\u0131 ve macerac\u0131 ki\u015fili\u011fiyle \u00e7ocuklar\u0131n dilinden anlayan bir dede ile sevecen torununun ili\u015fkisini konu edinen Dedem, Ben ve Definemiz, k\u00fc\u00e7\u00fck \u015feylerin de insan\u0131 mutlu edebilece\u011fini vurgulayarak, hayal g\u00fcc\u00fcn\u00fc do\u011fru \u015fekilde kullanman\u0131n \u00f6nemine de\u011finiyor. Bir geceli\u011fine dedesinin evinde kalmaya haz\u0131rlanan Kerem&#8217;in i\u00e7i i\u00e7ine s\u0131\u011fm\u0131yor. Her gitti\u011finde b\u00fcy\u00fck keyif ald\u0131\u011f\u0131 bu evde acaba onu bu kez hangi s\u00fcrprizler bekliyor? Bildi\u011fi tek bir \u015fey var, o da yine zaman\u0131n \u00e7abucak ge\u00e7ece\u011fi&#8230; Ne de olsa d\u00fcnyan\u0131n en s\u00fcper dedesi, Kerem&#8217;in dedesi! Oysa dedesinin bu seferki plan\u0131 biraz farkl\u0131.Epeydir \u00e7ekid\u00fczen vermeyi d\u00fc\u015f\u00fcnd\u00fc\u011f\u00fc tavan aras\u0131n\u0131, torununun da yard\u0131m\u0131yla toparlamak niyetinde. Nas\u0131l yani? Kerem zaten evde de s\u00fcrekli odas\u0131n\u0131 topluyor! Bir de burada m\u0131 toplayacak? Ama bu hi\u00e7 e\u011flenceli de\u011fil ki? Peki, bu karanl\u0131k ve tekinsiz odada Kerem&#8217;i, i\u00e7inde bir define haritas\u0131n\u0131n da yatt\u0131\u011f\u0131 gizemli bir sand\u0131\u011f\u0131n bekledi\u011fini s\u00f6ylesek?.. Bir \u00e7ocu\u011fun hayal g\u00fcc\u00fcn\u00fcn nerelere varabilece\u011fini g\u00f6zler \u00f6n\u00fcne seren bu ser\u00fcven dolu kitap, okurlar\u0131n\u0131 yarat\u0131c\u0131 d\u00fc\u015f\u00fcnmeye ve yeni ke\u015fiflerin izini s\u00fcrmeye \u00e7a\u011f\u0131r\u0131yor. Dedem, Ben ve Definemiz, son b\u00f6l\u00fcm\u00fcnde yer verdi\u011fi muhte\u015fem bulmacalar, harika oyunlar ve s\u00f6zl\u00fck sayfalar\u0131yla, yeni okurlar\u0131n kelime da\u011farc\u0131\u011f\u0131n\u0131 zenginle\u015ftiriyor, okuduklar\u0131n\u0131 daha iyi anlamalar\u0131na ve peki\u015ftirmelerine olanak sa\u011fl\u0131yor. <\/p>\n","protected":false},"excerpt":{"rendered":"<p>Savulun, define avc\u0131lar\u0131 geliyor!..Dedem, Ben ve Definemiz, &#8220;K\u00fc\u00e7\u00fck Y\u0131ld\u0131zlar &#8211; \u0130lk Okuma Kitapl\u0131\u011f\u0131&#8221; serisindeki yerini al\u0131yor.&#8221;Okuma Seviyesi 1&#8243; olarak s\u0131n\u0131fland\u0131r\u0131lan bu heyecan verici \u00f6yk\u00fc, 7 ya\u015f<span class=\"excerpt-hellip\"> [\u2026]<\/span><\/p>\n","protected":false},"featured_media":0,"template":"","meta":{"_monsterinsights_skip_tracking":false,"_monsterinsights_sitenote_active":false,"_monsterinsights_sitenote_note":"","_monsterinsights_sitenote_category":0},"product_brand":[],"product_cat":[12275,12274],"product_tag":[],"class_list":{"0":"post-724458","1":"product","2":"type-product","3":"status-publish","5":"product_cat-6-12-yas-kitaplari","6":"product_cat-cocuk-ve-genclik-kitaplari","7":"pa_cilt-ciltsiz","8":"pa_tur-kitap","9":"pa_yayinevi-tudem-yayinlari","10":"pa_yazar-manfred-mai-martin-lenz","12":"first","13":"instock","14":"sale","15":"shipping-taxable","16":"purchasable","17":"product-type-simple"},"_links":{"self":[{"href":"https:\/\/roveyayinevi.com.tr\/index.php\/wp-json\/wp\/v2\/product\/724458","targetHints":{"allow":["GET"]}}],"collection":[{"href":"https:\/\/roveyayinevi.com.tr\/index.php\/wp-json\/wp\/v2\/product"}],"about":[{"href":"https:\/\/roveyayinevi.com.tr\/index.php\/wp-json\/wp\/v2\/types\/product"}],"wp:attachment":[{"href":"https:\/\/roveyayinevi.com.tr\/index.php\/wp-json\/wp\/v2\/media?parent=724458"}],"wp:term":[{"taxonomy":"product_brand","embeddable":true,"href":"https:\/\/roveyayinevi.com.tr\/index.php\/wp-json\/wp\/v2\/product_brand?post=724458"},{"taxonomy":"product_cat","embeddable":true,"href":"https:\/\/roveyayinevi.com.tr\/index.php\/wp-json\/wp\/v2\/product_cat?post=724458"},{"taxonomy":"product_tag","embeddable":true,"href":"https:\/\/roveyayinevi.com.tr\/index.php\/wp-json\/wp\/v2\/product_tag?post=724458"}],"curies":[{"name":"wp","href":"https:\/\/api.w.org\/{rel}","templated":true}]}}