{"id":724457,"date":"2025-08-27T19:34:52","date_gmt":"2025-08-27T16:34:52","guid":{"rendered":"https:\/\/roveyayinevi.com.tr\/index.php\/urun\/ruhunu-giydir\/"},"modified":"2026-04-16T02:32:21","modified_gmt":"2026-04-15T23:32:21","slug":"ruhunu-giydir","status":"publish","type":"product","link":"https:\/\/roveyayinevi.com.tr\/index.php\/urun\/ruhunu-giydir\/","title":{"rendered":"Ruhunu Giydir"},"content":{"rendered":"<p>Kimimiz ruhumuzu doldurmadan gardroplar\u0131m\u0131z\u0131 doldurduk. Kimimiz ruhumuz dedik,  k\u0131l\u0131f\u0131n\u0131 unuttuk. Baz\u0131m\u0131z her ikisine de k\u00fcst\u00fck ve b\u0131rakt\u0131k\u2026 \u015eimdi her ikisini de derleyip toplama zaman\u0131. Zira birini se\u00e7mek zorunda de\u011filiz ve asl\u0131nda ikisi de birbirini etkiliyor: T\u0131pk\u0131 do\u011fadaki kusursuz denge ve uyumda oldu\u011fu gibi! Ruhumuz g\u00fczelle\u015ftik\u00e7e, g\u00fczel d\u00fc\u015f\u00fcn\u00fcp g\u00fczel bakt\u0131k\u00e7a d\u0131\u015f\u0131m\u0131za yans\u0131s\u0131n \u0131\u015f\u0131\u011f\u0131m\u0131z. D\u0131\u015f\u0131m\u0131z parlad\u0131k\u00e7a da ayd\u0131nlats\u0131n, ferahlats\u0131n i\u00e7imizi&#8230; \u0130kisi de olsun, denge olsun, uyum olsun\u2026 \u00d6yle bir olsun ki; rengarenk \u00e7i\u00e7ek bah\u00e7esi gibi a\u00e7\u0131p ne\u015fe verelim birbirimize\u2026 Bu c\u00fcmleler y\u00fcz\u00fcn\u00fc g\u00fcl\u00fcmsetti ve kalbini \u0131s\u0131tt\u0131ysa dile\u011fim ger\u00e7ek olmu\u015ftur.  \u015eimdi s\u0131ra sende\u2026 Bir dilek tutabilir ve bu konular g\u00f6nl\u00fcn\u00fc \u015fenlendiriyorsa, kapaktan i\u00e7eri girebilirsin. Kim bilir, belki sen renklerini bulduk\u00e7a ve daha \u00e7ok payla\u015ft\u0131k\u00e7a senin dile\u011fin de ger\u00e7ek olur&#8230; <\/p>\n","protected":false},"excerpt":{"rendered":"<p>Kimimiz ruhumuzu doldurmadan gardroplar\u0131m\u0131z\u0131 doldurduk. Kimimiz ruhumuz dedik, k\u0131l\u0131f\u0131n\u0131 unuttuk. Baz\u0131m\u0131z her ikisine de k\u00fcst\u00fck ve b\u0131rakt\u0131k\u2026 \u015eimdi her ikisini de derleyip toplama zaman\u0131. Zira birini<span class=\"excerpt-hellip\"> [\u2026]<\/span><\/p>\n","protected":false},"featured_media":0,"template":"","meta":{"_monsterinsights_skip_tracking":false,"_monsterinsights_sitenote_active":false,"_monsterinsights_sitenote_note":"","_monsterinsights_sitenote_category":0},"product_brand":[],"product_cat":[12364,12376],"product_tag":[],"class_list":{"0":"post-724457","1":"product","2":"type-product","3":"status-publish","5":"product_cat-genel-konular","6":"product_cat-kisisel-gelisim","7":"pa_cilt-ciltsiz","8":"pa_tur-kitap","9":"pa_yayinevi-sola-unitas","10":"pa_yazar-basak-bilgen-camgoz","12":"first","13":"instock","14":"sale","15":"shipping-taxable","16":"purchasable","17":"product-type-simple"},"_links":{"self":[{"href":"https:\/\/roveyayinevi.com.tr\/index.php\/wp-json\/wp\/v2\/product\/724457","targetHints":{"allow":["GET"]}}],"collection":[{"href":"https:\/\/roveyayinevi.com.tr\/index.php\/wp-json\/wp\/v2\/product"}],"about":[{"href":"https:\/\/roveyayinevi.com.tr\/index.php\/wp-json\/wp\/v2\/types\/product"}],"wp:attachment":[{"href":"https:\/\/roveyayinevi.com.tr\/index.php\/wp-json\/wp\/v2\/media?parent=724457"}],"wp:term":[{"taxonomy":"product_brand","embeddable":true,"href":"https:\/\/roveyayinevi.com.tr\/index.php\/wp-json\/wp\/v2\/product_brand?post=724457"},{"taxonomy":"product_cat","embeddable":true,"href":"https:\/\/roveyayinevi.com.tr\/index.php\/wp-json\/wp\/v2\/product_cat?post=724457"},{"taxonomy":"product_tag","embeddable":true,"href":"https:\/\/roveyayinevi.com.tr\/index.php\/wp-json\/wp\/v2\/product_tag?post=724457"}],"curies":[{"name":"wp","href":"https:\/\/api.w.org\/{rel}","templated":true}]}}