{"id":724455,"date":"2025-08-27T19:34:50","date_gmt":"2025-08-27T16:34:50","guid":{"rendered":"https:\/\/roveyayinevi.com.tr\/index.php\/urun\/karvelide-kelebekler\/"},"modified":"2026-04-16T02:32:21","modified_gmt":"2026-04-15T23:32:21","slug":"karvelide-kelebekler","status":"publish","type":"product","link":"https:\/\/roveyayinevi.com.tr\/index.php\/urun\/karvelide-kelebekler\/","title":{"rendered":"Karvelide &#8211; Kelebekler"},"content":{"rendered":"<p>Hoton Yay\u0131n, b\u00fct\u00fcn d\u00fcnyan\u0131n Koronavir\u00fcs (Kovid-19) pandemisine kar\u015f\u0131n etkin m\u00fccadele etti\u011fi, insanlar aras\u0131 ili\u015fkilerin sosyal mesafeye g\u00f6re ayarland\u0131\u011f\u0131 bir d\u00f6nemde, Litvanya ve T\u00fcrkiye\u2019den iki milletvekili \u015fairin \u015fiirlerini \u201cKARVEL\u0130DE\/KELEBEKLER\u201d kitab\u0131nda bulu\u015fturdu.   T\u00fcrkiye\u2019de ilk kez Litvanca ve T\u00fcrk\u00e7e 88 \u015fiirin yer ald\u0131\u011f\u0131 kitab\u0131n en \u00f6nemli \u00f6zelli\u011fi ise iki \u015fairinde aktif siyasetin i\u00e7inde olmas\u0131.   Litvanya Milletvekilli Egidijus Vareikis ile Ak Parti eski Osmaniye Milletvekili Dr.Suat \u00d6nal\u2018\u0131n Avrupa Konseyi Parlamenter Meclisi s\u0131ralar\u0131nda ba\u015flayan dostlu\u011fu \u015fiire kanat \u00e7\u0131rpan iki \u015fair olarak Karvelide\/ Kelebekler \u015fiir kitab\u0131yla per\u00e7inlendi. Egidijus Vareikis\u2018in kaleme ald\u0131\u011f\u0131 \u015fiirler g\u00fcvercinlik\u201c anlam\u0131na gelen \u201cKarvelide\u201c, ismini ta\u015f\u0131yor. Dr.Suat \u00d6nal, Litvanyal\u0131 Parlementer Egidijus Vareikis\u2018in daha \u00f6nce yay\u0131nlanm\u0131\u015f 44 adet \u015fiirlerinden esinlenerek 44 ayr\u0131 \u015fiir yazd\u0131. Kitapda \u00d6nal\u2018\u0131n 15 Temmuz darbe giri\u015fimini anlatt\u0131\u011f\u0131 \u201cVatana \u0130hanet\u201c \u015fiiri de ilk kez Litvanca\u2018ya \u00e7evrilmi\u015f oldu. Hoton Yay\u0131n Karvelide\/Kelebekler kitab\u0131n\u0131 \u015fu ba\u015fl\u0131kla tan\u0131tt\u0131: \u201cLitvanya\u2019dan T\u00fcrkiye\u2019ye Kanat \u00c7\u0131rpan \u0130ki \u015eair\u201d \u201c\u0130nsano\u011flu\u2019nun yarat\u0131l\u0131\u015f kodlar\u0131 yaz\u0131, rakam ve nota olarak bilinir. Elbette ki harfler ve kelimelere tutunmaktan ba\u015fka \u00e7aresi olmayan \u015fairler, d\u00fcnyan\u0131n neresinde olursa olsun, hangi dili konu\u015fursa konu\u015fsun \u201cg\u00f6n\u00fcl dili\u201d denen b\u00fcy\u00fck ke\u015ffin mimarlar\u0131d\u0131r.   Ya\u015fad\u0131klar\u0131 co\u011frafya, demografik ve k\u00fclt\u00fcrel yap\u0131 farkl\u0131 da olsa; Balt\u0131k \u00fclkesi Litvanya\u2019dan, Asya ile Avrupa\u2019n\u0131n k\u00f6pr\u00fcs\u00fc T\u00fcrkiye\u2019den iki \u00f6nemli siyaset insan\u0131 ilk defa bir \u015fiir kitab\u0131nda g\u00fcvercin ve kelebekler gibi insanl\u0131k i\u00e7in kanat \u00e7\u0131rp\u0131yorlar.   Karvelide\/Kelebekler \u015fiir kitab\u0131, fen bilimlerinde doktora yapm\u0131\u015f Egidijus Vareikis ve Suat \u00d6nal\u2018\u0131n kaleme ald\u0131\u011f\u0131 toplam 88 \u015fiirinden olu\u015fuyor. Ortak paydalar\u0131 ve okuyuculara mesajlar\u0131 ise hamuru a\u015fk ile y\u0131kanm\u0131\u015f insan olmak\u2026\u201d <\/p>\n","protected":false},"excerpt":{"rendered":"<p>Hoton Yay\u0131n, b\u00fct\u00fcn d\u00fcnyan\u0131n Koronavir\u00fcs (Kovid-19) pandemisine kar\u015f\u0131n etkin m\u00fccadele etti\u011fi, insanlar aras\u0131 ili\u015fkilerin sosyal mesafeye g\u00f6re ayarland\u0131\u011f\u0131 bir d\u00f6nemde, Litvanya ve T\u00fcrkiye\u2019den iki milletvekili \u015fairin<span class=\"excerpt-hellip\"> [\u2026]<\/span><\/p>\n","protected":false},"featured_media":0,"template":"","meta":{"_monsterinsights_skip_tracking":false,"_monsterinsights_sitenote_active":false,"_monsterinsights_sitenote_note":"","_monsterinsights_sitenote_category":0},"product_brand":[],"product_cat":[12291,12509],"product_tag":[],"class_list":{"0":"post-724455","1":"product","2":"type-product","3":"status-publish","5":"product_cat-edebiyat","6":"product_cat-siir","7":"pa_cilt-ciltsiz","8":"pa_tur-kitap","9":"pa_yayinevi-hoton-yayinlari","10":"pa_yazar-egidijus-vareikis-suat-onal","12":"first","13":"instock","14":"sale","15":"shipping-taxable","16":"purchasable","17":"product-type-simple"},"_links":{"self":[{"href":"https:\/\/roveyayinevi.com.tr\/index.php\/wp-json\/wp\/v2\/product\/724455","targetHints":{"allow":["GET"]}}],"collection":[{"href":"https:\/\/roveyayinevi.com.tr\/index.php\/wp-json\/wp\/v2\/product"}],"about":[{"href":"https:\/\/roveyayinevi.com.tr\/index.php\/wp-json\/wp\/v2\/types\/product"}],"wp:attachment":[{"href":"https:\/\/roveyayinevi.com.tr\/index.php\/wp-json\/wp\/v2\/media?parent=724455"}],"wp:term":[{"taxonomy":"product_brand","embeddable":true,"href":"https:\/\/roveyayinevi.com.tr\/index.php\/wp-json\/wp\/v2\/product_brand?post=724455"},{"taxonomy":"product_cat","embeddable":true,"href":"https:\/\/roveyayinevi.com.tr\/index.php\/wp-json\/wp\/v2\/product_cat?post=724455"},{"taxonomy":"product_tag","embeddable":true,"href":"https:\/\/roveyayinevi.com.tr\/index.php\/wp-json\/wp\/v2\/product_tag?post=724455"}],"curies":[{"name":"wp","href":"https:\/\/api.w.org\/{rel}","templated":true}]}}