{"id":724454,"date":"2025-08-27T19:34:49","date_gmt":"2025-08-27T16:34:49","guid":{"rendered":"https:\/\/roveyayinevi.com.tr\/index.php\/urun\/zuzu-ile-allahin-guzel-isimlerini-ogreniyorum-1-benim-canim-fasulyem\/"},"modified":"2026-04-16T02:32:21","modified_gmt":"2026-04-15T23:32:21","slug":"zuzu-ile-allahin-guzel-isimlerini-ogreniyorum-1-benim-canim-fasulyem","status":"publish","type":"product","link":"https:\/\/roveyayinevi.com.tr\/index.php\/urun\/zuzu-ile-allahin-guzel-isimlerini-ogreniyorum-1-benim-canim-fasulyem\/","title":{"rendered":"Zuzu ile Allah\u2019\u0131n G\u00fczel \u0130simlerini \u00d6\u011freniyorum-1 Benim Can\u0131m Fasulyem"},"content":{"rendered":"<p>Zuzu, k\u00fc\u00e7\u00fck bir fasulye yeti\u015ftirmeye ba\u015fl\u0131yor. Bu g\u00fczel fasulye bakal\u0131m O\u2019na Allah\u2019\u0131n hangi isimlerini \u00f6\u011fretiyor.   K\u00fc\u00e7\u00fck yavrular\u0131m\u0131za Allah\u2019\u0131n 3 g\u00fczel ismini anlatan bu s\u0131cac\u0131k \u00f6yk\u00fcye davetlisiniz.   \u2018El-Musavvir, Er-Rezzak, El-Vedud\u2019 <\/p>\n","protected":false},"excerpt":{"rendered":"<p>Zuzu, k\u00fc\u00e7\u00fck bir fasulye yeti\u015ftirmeye ba\u015fl\u0131yor. Bu g\u00fczel fasulye bakal\u0131m O\u2019na Allah\u2019\u0131n hangi isimlerini \u00f6\u011fretiyor. K\u00fc\u00e7\u00fck yavrular\u0131m\u0131za Allah\u2019\u0131n 3 g\u00fczel ismini anlatan bu s\u0131cac\u0131k \u00f6yk\u00fcye davetlisiniz.<span class=\"excerpt-hellip\"> [\u2026]<\/span><\/p>\n","protected":false},"featured_media":0,"template":"","meta":{"_monsterinsights_skip_tracking":false,"_monsterinsights_sitenote_active":false,"_monsterinsights_sitenote_note":"","_monsterinsights_sitenote_category":0},"product_brand":[],"product_cat":[12274,18802],"product_tag":[],"class_list":{"0":"post-724454","1":"product","2":"type-product","3":"status-publish","5":"product_cat-cocuk-ve-genclik-kitaplari","6":"product_cat-din-egitimi","7":"pa_cilt-ciltsiz","8":"pa_tur-kitap","9":"pa_yayinevi-hayykitap","10":"pa_yazar-hatice-kubra-tongar","12":"first","13":"instock","14":"sale","15":"shipping-taxable","16":"purchasable","17":"product-type-simple"},"_links":{"self":[{"href":"https:\/\/roveyayinevi.com.tr\/index.php\/wp-json\/wp\/v2\/product\/724454","targetHints":{"allow":["GET"]}}],"collection":[{"href":"https:\/\/roveyayinevi.com.tr\/index.php\/wp-json\/wp\/v2\/product"}],"about":[{"href":"https:\/\/roveyayinevi.com.tr\/index.php\/wp-json\/wp\/v2\/types\/product"}],"wp:attachment":[{"href":"https:\/\/roveyayinevi.com.tr\/index.php\/wp-json\/wp\/v2\/media?parent=724454"}],"wp:term":[{"taxonomy":"product_brand","embeddable":true,"href":"https:\/\/roveyayinevi.com.tr\/index.php\/wp-json\/wp\/v2\/product_brand?post=724454"},{"taxonomy":"product_cat","embeddable":true,"href":"https:\/\/roveyayinevi.com.tr\/index.php\/wp-json\/wp\/v2\/product_cat?post=724454"},{"taxonomy":"product_tag","embeddable":true,"href":"https:\/\/roveyayinevi.com.tr\/index.php\/wp-json\/wp\/v2\/product_tag?post=724454"}],"curies":[{"name":"wp","href":"https:\/\/api.w.org\/{rel}","templated":true}]}}