{"id":724452,"date":"2025-08-27T19:34:47","date_gmt":"2025-08-27T16:34:47","guid":{"rendered":"https:\/\/roveyayinevi.com.tr\/index.php\/urun\/8\/"},"modified":"2026-04-16T02:32:21","modified_gmt":"2026-04-15T23:32:21","slug":"8","status":"publish","type":"product","link":"https:\/\/roveyayinevi.com.tr\/index.php\/urun\/8\/","title":{"rendered":"%8"},"content":{"rendered":"<p>Korku ve umudun d\u00fcnyas\u0131nda gezinirken, hayat bize rengarenk bir Fakr ku\u015fu olarak g\u00f6r\u00fcn\u00fcr. Bazen umut t\u00fckenir; karanl\u0131kta bo\u011fulur insan, bazen ise adeta bir sava\u015f\u00e7\u0131 oluverir. Kumku, bizi harmanlayan bir kelime olarak \u00e7\u0131kar kar\u015f\u0131m\u0131za. Zor, ac\u0131 ve hayat dolu. Kitap, kendi ser\u00fcveninde; hem bilimle, hem ruh ile ba\u015f\u0131m\u0131z\u0131 d\u00f6nd\u00fcr\u00fcyorken nefes almay\u0131 unuttu\u011fumuzu fark ediyoruz. Aral\u0131k kap\u0131lardaki \u0131\u015f\u0131k, bize en i\u00e7tenli\u011fiyle g\u00fcl\u00fcms\u00fcyor.<\/p>\n","protected":false},"excerpt":{"rendered":"<p>Korku ve umudun d\u00fcnyas\u0131nda gezinirken, hayat bize rengarenk bir Fakr ku\u015fu olarak g\u00f6r\u00fcn\u00fcr. Bazen umut t\u00fckenir; karanl\u0131kta bo\u011fulur insan, bazen ise adeta bir sava\u015f\u00e7\u0131 oluverir. Kumku,<span class=\"excerpt-hellip\"> [\u2026]<\/span><\/p>\n","protected":false},"featured_media":0,"template":"","meta":{"_monsterinsights_skip_tracking":false,"_monsterinsights_sitenote_active":false,"_monsterinsights_sitenote_note":"","_monsterinsights_sitenote_category":0},"product_brand":[],"product_cat":[12291,12711],"product_tag":[],"class_list":{"0":"post-724452","1":"product","2":"type-product","3":"status-publish","5":"product_cat-edebiyat","6":"product_cat-roman-oyku","7":"pa_cilt-ciltsiz","8":"pa_tur-kitap","9":"pa_yayinevi-elpis-yayinlari","10":"pa_yazar-hakan-kantarceken","12":"first","13":"instock","14":"sale","15":"shipping-taxable","16":"purchasable","17":"product-type-simple"},"_links":{"self":[{"href":"https:\/\/roveyayinevi.com.tr\/index.php\/wp-json\/wp\/v2\/product\/724452","targetHints":{"allow":["GET"]}}],"collection":[{"href":"https:\/\/roveyayinevi.com.tr\/index.php\/wp-json\/wp\/v2\/product"}],"about":[{"href":"https:\/\/roveyayinevi.com.tr\/index.php\/wp-json\/wp\/v2\/types\/product"}],"wp:attachment":[{"href":"https:\/\/roveyayinevi.com.tr\/index.php\/wp-json\/wp\/v2\/media?parent=724452"}],"wp:term":[{"taxonomy":"product_brand","embeddable":true,"href":"https:\/\/roveyayinevi.com.tr\/index.php\/wp-json\/wp\/v2\/product_brand?post=724452"},{"taxonomy":"product_cat","embeddable":true,"href":"https:\/\/roveyayinevi.com.tr\/index.php\/wp-json\/wp\/v2\/product_cat?post=724452"},{"taxonomy":"product_tag","embeddable":true,"href":"https:\/\/roveyayinevi.com.tr\/index.php\/wp-json\/wp\/v2\/product_tag?post=724452"}],"curies":[{"name":"wp","href":"https:\/\/api.w.org\/{rel}","templated":true}]}}