{"id":724451,"date":"2025-08-27T19:34:46","date_gmt":"2025-08-27T16:34:46","guid":{"rendered":"https:\/\/roveyayinevi.com.tr\/index.php\/urun\/ip\/"},"modified":"2026-04-16T02:32:21","modified_gmt":"2026-04-15T23:32:21","slug":"ip","status":"publish","type":"product","link":"https:\/\/roveyayinevi.com.tr\/index.php\/urun\/ip\/","title":{"rendered":"\u0130p"},"content":{"rendered":"<p>Birini k\u0131rmak i\u00e7in \u00fczerine basa basa kurdu\u011fumuz c\u00fcmlelerde a\u011fz\u0131m\u0131zdan \u00e7\u0131kanlar asl\u0131nda korkular\u0131m\u0131z de\u011fil midir? Peki bu korkular\u0131m\u0131z bizi bir canavar m\u0131 yapar yoksa bizi cana-var yapan da bir ba\u015fkas\u0131n\u0131n korkular\u0131 m\u0131d\u0131r? Asl\u0131nda birbirleriyle daha do\u011fmadan ba\u011flanan iki korkak onlar. K\u0131r\u0131lm\u0131\u015f kalplerini in\u015fa ettikleri sert duvarlar\u0131n ard\u0131nda onarmaya \u00e7al\u0131\u015fsalar da sevginin iyile\u015ftirici g\u00fcc\u00fc olmadan bu pek m\u00fcmk\u00fcn olmayacak&#8230;<\/p>\n","protected":false},"excerpt":{"rendered":"<p>Birini k\u0131rmak i\u00e7in \u00fczerine basa basa kurdu\u011fumuz c\u00fcmlelerde a\u011fz\u0131m\u0131zdan \u00e7\u0131kanlar asl\u0131nda korkular\u0131m\u0131z de\u011fil midir? Peki bu korkular\u0131m\u0131z bizi bir canavar m\u0131 yapar yoksa bizi cana-var yapan<span class=\"excerpt-hellip\"> [\u2026]<\/span><\/p>\n","protected":false},"featured_media":0,"template":"","meta":{"_monsterinsights_skip_tracking":false,"_monsterinsights_sitenote_active":false,"_monsterinsights_sitenote_note":"","_monsterinsights_sitenote_category":0},"product_brand":[],"product_cat":[12291,12711],"product_tag":[],"class_list":{"0":"post-724451","1":"product","2":"type-product","3":"status-publish","5":"product_cat-edebiyat","6":"product_cat-roman-oyku","7":"pa_cilt-ciltsiz","8":"pa_tur-kitap","9":"pa_yayinevi-perseus","10":"pa_yazar-ozge-cennet-akbulut","12":"first","13":"instock","14":"sale","15":"shipping-taxable","16":"purchasable","17":"product-type-simple"},"_links":{"self":[{"href":"https:\/\/roveyayinevi.com.tr\/index.php\/wp-json\/wp\/v2\/product\/724451","targetHints":{"allow":["GET"]}}],"collection":[{"href":"https:\/\/roveyayinevi.com.tr\/index.php\/wp-json\/wp\/v2\/product"}],"about":[{"href":"https:\/\/roveyayinevi.com.tr\/index.php\/wp-json\/wp\/v2\/types\/product"}],"wp:attachment":[{"href":"https:\/\/roveyayinevi.com.tr\/index.php\/wp-json\/wp\/v2\/media?parent=724451"}],"wp:term":[{"taxonomy":"product_brand","embeddable":true,"href":"https:\/\/roveyayinevi.com.tr\/index.php\/wp-json\/wp\/v2\/product_brand?post=724451"},{"taxonomy":"product_cat","embeddable":true,"href":"https:\/\/roveyayinevi.com.tr\/index.php\/wp-json\/wp\/v2\/product_cat?post=724451"},{"taxonomy":"product_tag","embeddable":true,"href":"https:\/\/roveyayinevi.com.tr\/index.php\/wp-json\/wp\/v2\/product_tag?post=724451"}],"curies":[{"name":"wp","href":"https:\/\/api.w.org\/{rel}","templated":true}]}}