{"id":724450,"date":"2025-08-27T19:34:45","date_gmt":"2025-08-27T16:34:45","guid":{"rendered":"https:\/\/roveyayinevi.com.tr\/index.php\/urun\/kadinlar-cehennemi\/"},"modified":"2026-04-16T02:32:20","modified_gmt":"2026-04-15T23:32:20","slug":"kadinlar-cehennemi","status":"publish","type":"product","link":"https:\/\/roveyayinevi.com.tr\/index.php\/urun\/kadinlar-cehennemi\/","title":{"rendered":"Kad\u0131nlar Cehennemi"},"content":{"rendered":"<p>Siz hi\u00e7 ruhunuzda var olan saf, temiz ve bir o kadar masum \u00e7ocu\u011fu derin denizlerde bo\u011fmak zorunda kald\u0131n\u0131z m\u0131? Herkesten, her \u015feyden nefret ettiniz mi? Ye\u015filin, mavinin ve t\u00fcm renklerin yerini karanl\u0131\u011fa b\u0131rakt\u0131\u011f\u0131n\u0131z\u0131 ve bir daha hayat\u0131n\u0131zda hi\u00e7 g\u00f6kku\u015fa\u011f\u0131n\u0131n olmayaca\u011f\u0131n\u0131 s\u00f6ylesem ne yapard\u0131n\u0131z? Rosalie i\u00e7in de hayat; sadece g\u00fczelliklerden, mutluluklardan ibaretti. Onu en ac\u0131mas\u0131z bi\u00e7imde vurana dek&#8230; Art\u0131k Rosalie i\u00e7in; i\u00e7ini \u0131s\u0131tan g\u00fcne\u015f, huzur veren deniz ve hayata dair hi\u00e7bir \u00f6genin k\u0131ymeti yoktu. Karanl\u0131\u011fa g\u00f6md\u00fc\u011f\u00fc hayat\u0131ndan, kendisini kurtarabilecek tek ki\u015fi yine kendisiydi&#8230; Madem hayat; ondan t\u00fcm renkleri ald\u0131, o zaman Rosalie&#8217;de kendi renginde, yeni bir hayat kurmal\u0131yd\u0131. \u0130ntikam i\u00e7inde yeni bir benlik b\u00fcy\u00fctt\u00fc. Bu ac\u0131mas\u0131z benli\u011fin ad\u0131 Oryana&#8217;yd\u0131. A\u015fk, sevgi gibi kavramlar\u0131n tamamen yok oldu\u011fu, Oryana&#8217;n\u0131n kanunlar\u0131n\u0131n h\u00fck\u00fcm s\u00fcrd\u00fc\u011f\u00fc bu yeni D\u00fcnyay\u0131 kurtarabilecek birileri \u00e7\u0131kacak m\u0131yd\u0131? Yoksa kad\u0131nlar\u0131n egemenli\u011finde ve sadece mor rengin h\u00e2kimiyetinde bir hayat m\u0131 s\u00fcr\u00fclecekti? Kendinizden bir\u00e7ok \u015fey bulabilece\u011finiz bu eser; sizi, ge\u00e7mi\u015fin k\u00f6hne y\u00fcz\u00fcnden, gelece\u011fin en amans\u0131z yolculu\u011funa ta\u015f\u0131yacak&#8230;<\/p>\n","protected":false},"excerpt":{"rendered":"<p>Siz hi\u00e7 ruhunuzda var olan saf, temiz ve bir o kadar masum \u00e7ocu\u011fu derin denizlerde bo\u011fmak zorunda kald\u0131n\u0131z m\u0131? Herkesten, her \u015feyden nefret ettiniz mi? Ye\u015filin,<span class=\"excerpt-hellip\"> [\u2026]<\/span><\/p>\n","protected":false},"featured_media":0,"template":"","meta":{"_monsterinsights_skip_tracking":false,"_monsterinsights_sitenote_active":false,"_monsterinsights_sitenote_note":"","_monsterinsights_sitenote_category":0},"product_brand":[],"product_cat":[12291,12711],"product_tag":[],"class_list":{"0":"post-724450","1":"product","2":"type-product","3":"status-publish","5":"product_cat-edebiyat","6":"product_cat-roman-oyku","7":"pa_cilt-ciltsiz","8":"pa_tur-kitap","9":"pa_yayinevi-elpis-yayinlari","10":"pa_yazar-mehmet-caliskan","12":"first","13":"instock","14":"sale","15":"shipping-taxable","16":"purchasable","17":"product-type-simple"},"_links":{"self":[{"href":"https:\/\/roveyayinevi.com.tr\/index.php\/wp-json\/wp\/v2\/product\/724450","targetHints":{"allow":["GET"]}}],"collection":[{"href":"https:\/\/roveyayinevi.com.tr\/index.php\/wp-json\/wp\/v2\/product"}],"about":[{"href":"https:\/\/roveyayinevi.com.tr\/index.php\/wp-json\/wp\/v2\/types\/product"}],"wp:attachment":[{"href":"https:\/\/roveyayinevi.com.tr\/index.php\/wp-json\/wp\/v2\/media?parent=724450"}],"wp:term":[{"taxonomy":"product_brand","embeddable":true,"href":"https:\/\/roveyayinevi.com.tr\/index.php\/wp-json\/wp\/v2\/product_brand?post=724450"},{"taxonomy":"product_cat","embeddable":true,"href":"https:\/\/roveyayinevi.com.tr\/index.php\/wp-json\/wp\/v2\/product_cat?post=724450"},{"taxonomy":"product_tag","embeddable":true,"href":"https:\/\/roveyayinevi.com.tr\/index.php\/wp-json\/wp\/v2\/product_tag?post=724450"}],"curies":[{"name":"wp","href":"https:\/\/api.w.org\/{rel}","templated":true}]}}