{"id":724449,"date":"2025-08-27T19:34:44","date_gmt":"2025-08-27T16:34:44","guid":{"rendered":"https:\/\/roveyayinevi.com.tr\/index.php\/urun\/derin-golge\/"},"modified":"2026-04-08T02:40:30","modified_gmt":"2026-04-07T23:40:30","slug":"derin-golge","status":"publish","type":"product","link":"https:\/\/roveyayinevi.com.tr\/index.php\/urun\/derin-golge\/","title":{"rendered":"Derin G\u00f6lge"},"content":{"rendered":"<p>Tek su\u00e7u kimsesiz kalan bir \u00e7ocu\u011fa yard\u0131m etmekti. Fakat bu yard\u0131m\u0131n onu ne denli bir \u00e7\u0131kmaza sokaca\u011f\u0131n\u0131 tahmin edemedi. Efe ile Cengiz&#8217;in kesi\u015fen yollar\u0131 aralar\u0131nda \u00e7ok derin bir ba\u011f olu\u015fturmu\u015ftu. Ta ki o adam gelene kadar&#8230; T\u00fcm hayatlar\u0131 alt \u00fcst eden bir a\u015fk, intikam ve cinayetin yans\u0131mas\u0131 olan Derin G\u00f6lge, bir solukta okuyaca\u011f\u0131n\u0131z bir polisiyedir.<\/p>\n","protected":false},"excerpt":{"rendered":"<p>Tek su\u00e7u kimsesiz kalan bir \u00e7ocu\u011fa yard\u0131m etmekti. Fakat bu yard\u0131m\u0131n onu ne denli bir \u00e7\u0131kmaza sokaca\u011f\u0131n\u0131 tahmin edemedi. Efe ile Cengiz&#8217;in kesi\u015fen yollar\u0131 aralar\u0131nda \u00e7ok<span class=\"excerpt-hellip\"> [\u2026]<\/span><\/p>\n","protected":false},"featured_media":0,"template":"","meta":{"_monsterinsights_skip_tracking":false,"_monsterinsights_sitenote_active":false,"_monsterinsights_sitenote_note":"","_monsterinsights_sitenote_category":0},"product_brand":[],"product_cat":[12291,12711],"product_tag":[],"class_list":{"0":"post-724449","1":"product","2":"type-product","3":"status-publish","5":"product_cat-edebiyat","6":"product_cat-roman-oyku","7":"pa_cilt-ciltsiz","8":"pa_tur-kitap","9":"pa_yayinevi-elpis-yayinlari","10":"pa_yazar-hale-uzun","12":"first","13":"instock","14":"sale","15":"shipping-taxable","16":"purchasable","17":"product-type-simple"},"_links":{"self":[{"href":"https:\/\/roveyayinevi.com.tr\/index.php\/wp-json\/wp\/v2\/product\/724449","targetHints":{"allow":["GET"]}}],"collection":[{"href":"https:\/\/roveyayinevi.com.tr\/index.php\/wp-json\/wp\/v2\/product"}],"about":[{"href":"https:\/\/roveyayinevi.com.tr\/index.php\/wp-json\/wp\/v2\/types\/product"}],"wp:attachment":[{"href":"https:\/\/roveyayinevi.com.tr\/index.php\/wp-json\/wp\/v2\/media?parent=724449"}],"wp:term":[{"taxonomy":"product_brand","embeddable":true,"href":"https:\/\/roveyayinevi.com.tr\/index.php\/wp-json\/wp\/v2\/product_brand?post=724449"},{"taxonomy":"product_cat","embeddable":true,"href":"https:\/\/roveyayinevi.com.tr\/index.php\/wp-json\/wp\/v2\/product_cat?post=724449"},{"taxonomy":"product_tag","embeddable":true,"href":"https:\/\/roveyayinevi.com.tr\/index.php\/wp-json\/wp\/v2\/product_tag?post=724449"}],"curies":[{"name":"wp","href":"https:\/\/api.w.org\/{rel}","templated":true}]}}