{"id":724448,"date":"2025-08-27T19:34:43","date_gmt":"2025-08-27T16:34:43","guid":{"rendered":"https:\/\/roveyayinevi.com.tr\/index.php\/urun\/gecmisin-izinde\/"},"modified":"2026-04-16T02:32:20","modified_gmt":"2026-04-15T23:32:20","slug":"gecmisin-izinde","status":"publish","type":"product","link":"https:\/\/roveyayinevi.com.tr\/index.php\/urun\/gecmisin-izinde\/","title":{"rendered":"Ge\u00e7mi\u015fin \u0130zinde"},"content":{"rendered":"<p>Hayat\u0131n\u0131zda her \u015feyin toz pembe giderken bir anda kara bulutlar\u0131n \u00fczerinize \u00e7\u00f6kt\u00fc\u011f\u00fcn\u00fc bir d\u00fc\u015f\u00fcnsenize&#8230; Ya da en g\u00fczel hayallerinizin bir an da alt\u00fcst oldu\u011funu&#8230; Her \u015feyin en g\u00fczelini ya\u015farken koca bir bo\u015flu\u011fa d\u00fc\u015fmek nedir bilir misiniz? \u00c7\u0131rp\u0131nd\u0131k\u00e7a daha da batmak ve batt\u0131k\u00e7a daha da g\u00fc\u00e7lenerek aya\u011fa kalkmak&#8230; Her an\u0131n\u0131z, her g\u00fcn\u00fcn\u00fcz k\u00e2busa d\u00f6n\u00fc\u015fm\u00fc\u015fse e\u011fer ve t\u00fcm sevdikleriniz ge\u00e7mi\u015finizde kalm\u0131\u015fsa nas\u0131l mutlu olurdunuz? Herkese ve her \u015feye inat ya\u015fayabilenlerin \u00f6yk\u00fcs\u00fc bu&#8230; Ac\u0131n\u0131n ve mutlulu\u011fun nas\u0131l b\u00fct\u00fcnle\u015fti\u011fini g\u00f6rebilece\u011finiz bu sat\u0131rlarda hem kendinizi bulacak hem de her ac\u0131ya katlanabilecek olman\u0131n mutlulu\u011funu ya\u015fayacaks\u0131n\u0131z.<\/p>\n","protected":false},"excerpt":{"rendered":"<p>Hayat\u0131n\u0131zda her \u015feyin toz pembe giderken bir anda kara bulutlar\u0131n \u00fczerinize \u00e7\u00f6kt\u00fc\u011f\u00fcn\u00fc bir d\u00fc\u015f\u00fcnsenize&#8230; Ya da en g\u00fczel hayallerinizin bir an da alt\u00fcst oldu\u011funu&#8230; Her \u015feyin<span class=\"excerpt-hellip\"> [\u2026]<\/span><\/p>\n","protected":false},"featured_media":0,"template":"","meta":{"_monsterinsights_skip_tracking":false,"_monsterinsights_sitenote_active":false,"_monsterinsights_sitenote_note":"","_monsterinsights_sitenote_category":0},"product_brand":[],"product_cat":[12291,12711],"product_tag":[],"class_list":{"0":"post-724448","1":"product","2":"type-product","3":"status-publish","5":"product_cat-edebiyat","6":"product_cat-roman-oyku","7":"pa_cilt-ciltsiz","8":"pa_tur-kitap","9":"pa_yayinevi-elpis-yayinlari","10":"pa_yazar-eda-oznur-tapac","12":"first","13":"instock","14":"sale","15":"shipping-taxable","16":"purchasable","17":"product-type-simple"},"_links":{"self":[{"href":"https:\/\/roveyayinevi.com.tr\/index.php\/wp-json\/wp\/v2\/product\/724448","targetHints":{"allow":["GET"]}}],"collection":[{"href":"https:\/\/roveyayinevi.com.tr\/index.php\/wp-json\/wp\/v2\/product"}],"about":[{"href":"https:\/\/roveyayinevi.com.tr\/index.php\/wp-json\/wp\/v2\/types\/product"}],"wp:attachment":[{"href":"https:\/\/roveyayinevi.com.tr\/index.php\/wp-json\/wp\/v2\/media?parent=724448"}],"wp:term":[{"taxonomy":"product_brand","embeddable":true,"href":"https:\/\/roveyayinevi.com.tr\/index.php\/wp-json\/wp\/v2\/product_brand?post=724448"},{"taxonomy":"product_cat","embeddable":true,"href":"https:\/\/roveyayinevi.com.tr\/index.php\/wp-json\/wp\/v2\/product_cat?post=724448"},{"taxonomy":"product_tag","embeddable":true,"href":"https:\/\/roveyayinevi.com.tr\/index.php\/wp-json\/wp\/v2\/product_tag?post=724448"}],"curies":[{"name":"wp","href":"https:\/\/api.w.org\/{rel}","templated":true}]}}