{"id":724447,"date":"2025-08-27T19:34:42","date_gmt":"2025-08-27T16:34:42","guid":{"rendered":"https:\/\/roveyayinevi.com.tr\/index.php\/urun\/black-canary-alevlen\/"},"modified":"2026-04-16T02:32:20","modified_gmt":"2026-04-15T23:32:20","slug":"black-canary-alevlen","status":"publish","type":"product","link":"https:\/\/roveyayinevi.com.tr\/index.php\/urun\/black-canary-alevlen\/","title":{"rendered":"Black Canary: Alevlen"},"content":{"rendered":"<p>&#8220;Dinah Lancein hikayesi, bu d\u00fcnya i\u00e7in fazla g\u00fcr\u00fclt\u00fcl\u00fc, kaba ve dikkat da\u011f\u0131t\u0131c\u0131 olarak tan\u0131mlanan t\u00fcm kad\u0131nlara ve gen\u00e7 k\u0131zlara tan\u0131d\u0131k gelecek.&#8221;\u2014BustleOn \u00fc\u00e7 ya\u015f\u0131ndaki Dinah Lance kim oldu\u011funu, ne istedi\u011fini ve nereye gitti\u011fini tam olarak bilen bir gen\u00e7 k\u0131zd\u0131r. \u00d6nce en yak\u0131n iki arkada\u015f\u0131yla birlikte m\u00fczik gruplar\u0131 sava\u015f\u0131n\u0131 kazanacak sonra Gotham \u015fehri Gen\u00e7 Polis Akademisi&#8217;ne kat\u0131larak su\u00e7lular\u0131 yakalayacak, t\u0131pk\u0131 babas\u0131 gibi. Kim bilir, belki de rock y\u0131ld\u0131z\u0131 arkada\u015flar\u0131yla d\u00fcnyay\u0131 bile kurtarabilir&#8230; Ama \u00f6nce gruplar\u0131 i\u00e7in bir isim bulmalar\u0131 gerekiyor. Fakat gizemli biri Dinah&#8217;n\u0131n planlar\u0131na \u00e7omak sokmaya, arkada\u015flar\u0131 ve ailesini tehdit etmeye ba\u015flay\u0131nca i\u015fler kar\u0131\u015f\u0131r. Dinah, hayat\u0131n t\u00fcm ini\u015fli \u00e7\u0131k\u0131\u015fl\u0131 notalar\u0131 aras\u0131nda annesinin ve kendisinin gizemli ge\u00e7mi\u015fi hakk\u0131nda daha fazla \u015fey \u00f6\u011frenir. Cora McGee&#8217;nin enerji dolu \u00e7izgili, Meg Cabot&#8217;\u0131n markas\u0131 haline gelmi\u015f k\u0131v\u0131lc\u0131m sa\u00e7an karakterlerini ve diyaloglar\u0131n\u0131 bir araya getiren bu anne-k\u0131z hik\u00e2yesi, iyisiyle k\u00f6t\u00fcs\u00fcyle, bizi \u00f6zg\u00fcn k\u0131lan kimliklerimizi kaybetmeden b\u00fcy\u00fcmemizi anlat\u0131yor.<\/p>\n","protected":false},"excerpt":{"rendered":"<p>&#8220;Dinah Lancein hikayesi, bu d\u00fcnya i\u00e7in fazla g\u00fcr\u00fclt\u00fcl\u00fc, kaba ve dikkat da\u011f\u0131t\u0131c\u0131 olarak tan\u0131mlanan t\u00fcm kad\u0131nlara ve gen\u00e7 k\u0131zlara tan\u0131d\u0131k gelecek.&#8221;\u2014BustleOn \u00fc\u00e7 ya\u015f\u0131ndaki Dinah Lance kim<span class=\"excerpt-hellip\"> [\u2026]<\/span><\/p>\n","protected":false},"featured_media":0,"template":"","meta":{"_monsterinsights_skip_tracking":false,"_monsterinsights_sitenote_active":false,"_monsterinsights_sitenote_note":"","_monsterinsights_sitenote_category":0},"product_brand":[],"product_cat":[12689,12274],"product_tag":[],"class_list":{"0":"post-724447","1":"product","2":"type-product","3":"status-publish","5":"product_cat-cizgi-roman-cocuk-ve-genclik-kitaplari","6":"product_cat-cocuk-ve-genclik-kitaplari","7":"pa_cilt-ciltsiz","8":"pa_tur-kitap","9":"pa_yayinevi-dinozor-cocuk","10":"pa_yazar-meg-cabot","12":"first","13":"instock","14":"sale","15":"shipping-taxable","16":"purchasable","17":"product-type-simple"},"_links":{"self":[{"href":"https:\/\/roveyayinevi.com.tr\/index.php\/wp-json\/wp\/v2\/product\/724447","targetHints":{"allow":["GET"]}}],"collection":[{"href":"https:\/\/roveyayinevi.com.tr\/index.php\/wp-json\/wp\/v2\/product"}],"about":[{"href":"https:\/\/roveyayinevi.com.tr\/index.php\/wp-json\/wp\/v2\/types\/product"}],"wp:attachment":[{"href":"https:\/\/roveyayinevi.com.tr\/index.php\/wp-json\/wp\/v2\/media?parent=724447"}],"wp:term":[{"taxonomy":"product_brand","embeddable":true,"href":"https:\/\/roveyayinevi.com.tr\/index.php\/wp-json\/wp\/v2\/product_brand?post=724447"},{"taxonomy":"product_cat","embeddable":true,"href":"https:\/\/roveyayinevi.com.tr\/index.php\/wp-json\/wp\/v2\/product_cat?post=724447"},{"taxonomy":"product_tag","embeddable":true,"href":"https:\/\/roveyayinevi.com.tr\/index.php\/wp-json\/wp\/v2\/product_tag?post=724447"}],"curies":[{"name":"wp","href":"https:\/\/api.w.org\/{rel}","templated":true}]}}