{"id":724445,"date":"2025-08-27T19:34:40","date_gmt":"2025-08-27T16:34:40","guid":{"rendered":"https:\/\/roveyayinevi.com.tr\/index.php\/urun\/helenin-mektuplari\/"},"modified":"2026-04-16T02:32:20","modified_gmt":"2026-04-15T23:32:20","slug":"helenin-mektuplari","status":"publish","type":"product","link":"https:\/\/roveyayinevi.com.tr\/index.php\/urun\/helenin-mektuplari\/","title":{"rendered":"Helen&#8217;in Mektuplar\u0131"},"content":{"rendered":"<p>Gitmenin ne oldu\u011funu vakitsiz gidenlerden \u00f6\u011frendi\u011fimde ba\u015flam\u0131\u015ft\u0131 hayat\u2026 Y\u00fcre\u011fimdeki ate\u015fi \u015eubat\u2019\u0131n ayaz\u0131 bile s\u00f6nd\u00fcrememi\u015f, el ve ayaklar\u0131m\u0131n titremesi hi\u00e7 eksilmemi\u015fti. Kabullenemedi\u011fim her \u015feyi kabullenmi\u015ftim\u2026 Bu ben de\u011fildim\u2026 Uzun uzun d\u00fc\u015f\u00fcnd\u00fcm. Sonra ger\u00e7e\u011fi g\u00f6rd\u00fcm. Bu hik\u00e2yenin kahraman\u0131 bendim. Alper oldum\u2026 Bir tutam mutluluk u\u011fruna veda etti\u011fim bir\u00e7ok \u015feyle yeniden kar\u015f\u0131la\u015ft\u0131m\u2026 Helsinki\u2019de mutlulu\u011fa \u201cMerhaba\u201d dedim\u2026 Turku\u2019da ismine \u201cA\u015fk\u201d, \u0130stanbul\u2019da \u201cHelen\u201d soyad\u0131n\u0131 verdim. Sonra y\u00fcre\u011fimin buz tutmu\u015f en \u00fccra k\u00f6\u015felerine bahar geldi. Her \u015fey yerli yerinde, herkes hak etti\u011fi yerdeydi art\u0131k\u2026 <\/p>\n","protected":false},"excerpt":{"rendered":"<p>Gitmenin ne oldu\u011funu vakitsiz gidenlerden \u00f6\u011frendi\u011fimde ba\u015flam\u0131\u015ft\u0131 hayat\u2026 Y\u00fcre\u011fimdeki ate\u015fi \u015eubat\u2019\u0131n ayaz\u0131 bile s\u00f6nd\u00fcrememi\u015f, el ve ayaklar\u0131m\u0131n titremesi hi\u00e7 eksilmemi\u015fti. Kabullenemedi\u011fim her \u015feyi kabullenmi\u015ftim\u2026 Bu ben<span class=\"excerpt-hellip\"> [\u2026]<\/span><\/p>\n","protected":false},"featured_media":0,"template":"","meta":{"_monsterinsights_skip_tracking":false,"_monsterinsights_sitenote_active":false,"_monsterinsights_sitenote_note":"","_monsterinsights_sitenote_category":0},"product_brand":[],"product_cat":[12291,12711],"product_tag":[],"class_list":{"0":"post-724445","1":"product","2":"type-product","3":"status-publish","5":"product_cat-edebiyat","6":"product_cat-roman-oyku","7":"pa_cilt-ciltsiz","8":"pa_tur-kitap","9":"pa_yayinevi-luna-yayinlari","10":"pa_yazar-osman-coban","12":"first","13":"instock","14":"sale","15":"shipping-taxable","16":"purchasable","17":"product-type-simple"},"_links":{"self":[{"href":"https:\/\/roveyayinevi.com.tr\/index.php\/wp-json\/wp\/v2\/product\/724445","targetHints":{"allow":["GET"]}}],"collection":[{"href":"https:\/\/roveyayinevi.com.tr\/index.php\/wp-json\/wp\/v2\/product"}],"about":[{"href":"https:\/\/roveyayinevi.com.tr\/index.php\/wp-json\/wp\/v2\/types\/product"}],"wp:attachment":[{"href":"https:\/\/roveyayinevi.com.tr\/index.php\/wp-json\/wp\/v2\/media?parent=724445"}],"wp:term":[{"taxonomy":"product_brand","embeddable":true,"href":"https:\/\/roveyayinevi.com.tr\/index.php\/wp-json\/wp\/v2\/product_brand?post=724445"},{"taxonomy":"product_cat","embeddable":true,"href":"https:\/\/roveyayinevi.com.tr\/index.php\/wp-json\/wp\/v2\/product_cat?post=724445"},{"taxonomy":"product_tag","embeddable":true,"href":"https:\/\/roveyayinevi.com.tr\/index.php\/wp-json\/wp\/v2\/product_tag?post=724445"}],"curies":[{"name":"wp","href":"https:\/\/api.w.org\/{rel}","templated":true}]}}