{"id":724444,"date":"2025-08-27T19:34:39","date_gmt":"2025-08-27T16:34:39","guid":{"rendered":"https:\/\/roveyayinevi.com.tr\/index.php\/urun\/kimsesiz-siirler\/"},"modified":"2026-04-16T02:32:20","modified_gmt":"2026-04-15T23:32:20","slug":"kimsesiz-siirler","status":"publish","type":"product","link":"https:\/\/roveyayinevi.com.tr\/index.php\/urun\/kimsesiz-siirler\/","title":{"rendered":"Kimsesiz \u015eiirler"},"content":{"rendered":"<p>\u201cBen k\u00fc\u00e7\u00fckken \u00e7ok a\u011flad\u0131m, Babam\u0131n gelmeyi\u015fine \u00e7ok a\u011flad\u0131m.\u201d   K\u00fc\u00e7\u00fck bir k\u0131z \u00e7ocu\u011fuydum, Babam\u0131 bir g\u00fcn hep d\u00f6necek diye Bekliyordum. Bir g\u00fcn kap\u0131 \u00e7alacak ve gelen, Babam olacakt\u0131. Y\u0131llar ge\u00e7ti, ben b\u00fcy\u00fcd\u00fcm, Babam belki hi\u00e7 gelmedi Ama Hep ayn\u0131 heyecanla ko\u015ftum, Kap\u0131n\u0131n \u00e7al\u0131n\u0131\u015f\u0131na&#8230; <\/p>\n","protected":false},"excerpt":{"rendered":"<p>\u201cBen k\u00fc\u00e7\u00fckken \u00e7ok a\u011flad\u0131m, Babam\u0131n gelmeyi\u015fine \u00e7ok a\u011flad\u0131m.\u201d K\u00fc\u00e7\u00fck bir k\u0131z \u00e7ocu\u011fuydum, Babam\u0131 bir g\u00fcn hep d\u00f6necek diye Bekliyordum. Bir g\u00fcn kap\u0131 \u00e7alacak ve gelen, Babam<span class=\"excerpt-hellip\"> [\u2026]<\/span><\/p>\n","protected":false},"featured_media":0,"template":"","meta":{"_monsterinsights_skip_tracking":false,"_monsterinsights_sitenote_active":false,"_monsterinsights_sitenote_note":"","_monsterinsights_sitenote_category":0},"product_brand":[],"product_cat":[12291,12509],"product_tag":[],"class_list":{"0":"post-724444","1":"product","2":"type-product","3":"status-publish","5":"product_cat-edebiyat","6":"product_cat-siir","7":"pa_cilt-ciltsiz","8":"pa_tur-kitap","9":"pa_yayinevi-luna-yayinlari","10":"pa_yazar-gulcin-erdog","12":"first","13":"instock","14":"sale","15":"shipping-taxable","16":"purchasable","17":"product-type-simple"},"_links":{"self":[{"href":"https:\/\/roveyayinevi.com.tr\/index.php\/wp-json\/wp\/v2\/product\/724444","targetHints":{"allow":["GET"]}}],"collection":[{"href":"https:\/\/roveyayinevi.com.tr\/index.php\/wp-json\/wp\/v2\/product"}],"about":[{"href":"https:\/\/roveyayinevi.com.tr\/index.php\/wp-json\/wp\/v2\/types\/product"}],"wp:attachment":[{"href":"https:\/\/roveyayinevi.com.tr\/index.php\/wp-json\/wp\/v2\/media?parent=724444"}],"wp:term":[{"taxonomy":"product_brand","embeddable":true,"href":"https:\/\/roveyayinevi.com.tr\/index.php\/wp-json\/wp\/v2\/product_brand?post=724444"},{"taxonomy":"product_cat","embeddable":true,"href":"https:\/\/roveyayinevi.com.tr\/index.php\/wp-json\/wp\/v2\/product_cat?post=724444"},{"taxonomy":"product_tag","embeddable":true,"href":"https:\/\/roveyayinevi.com.tr\/index.php\/wp-json\/wp\/v2\/product_tag?post=724444"}],"curies":[{"name":"wp","href":"https:\/\/api.w.org\/{rel}","templated":true}]}}