{"id":724443,"date":"2025-08-27T19:34:38","date_gmt":"2025-08-27T16:34:38","guid":{"rendered":"https:\/\/roveyayinevi.com.tr\/index.php\/urun\/guzel-atlar-ulkesi\/"},"modified":"2026-04-16T02:32:20","modified_gmt":"2026-04-15T23:32:20","slug":"guzel-atlar-ulkesi","status":"publish","type":"product","link":"https:\/\/roveyayinevi.com.tr\/index.php\/urun\/guzel-atlar-ulkesi\/","title":{"rendered":"G\u00fczel Atlar \u00dclkesi"},"content":{"rendered":"<p>Bu kitab\u0131n ad\u0131na bak\u0131p yan\u0131lmay\u0131n sak\u0131n! Bu bir Kapadokya kitab\u0131 de\u011fil! \u0130\u00e7inde kabu\u011fu k\u0131r\u0131lan kaplumba\u011falar, delili\u011fin sa\u00e7lar\u0131, Tahtaku\u015flar ad\u0131nda bir \u00e7ete, hamama giden bir pelikan, ucu \u00c7atalh\u00f6y\u00fck\u2019e \u00e7\u0131kan yer alt\u0131 yollar\u0131 ve \u201cbir han\u00e7erin paslan\u0131rken \u00e7\u0131kard\u0131\u011f\u0131 g\u00fcr\u00fclt\u00fc\u201d falan var. Kedinin biri, bir ku\u015fun cenazesinin ard\u0131ndan y\u00fcr\u00fcyor. Eline ne ge\u00e7erse oyuncak yap\u0131yor bir \u00e7ocuk. Bir baba g\u00fcvercin ayaklar\u0131 resmettiriyor o\u011fluna. \u00dcstelik \u015eiir ile Felsefe\u2019nin d\u00fc\u011f\u00fcn davetiyesi de sayfalar\u0131n birinde sizi bekliyor. Akg\u00fcn Akova\u2019n\u0131n bilgi ve \u015fiirin b\u00fct\u00fcn olanaklar\u0131n\u0131 kullanarak yazd\u0131\u011f\u0131 bu ilk deneme kitab\u0131 y\u0131llar sonra g\u00fcncellenmi\u015f haliyle yeniden okurlar\u0131yla bulu\u015fuyor. G\u00fczel Atlar \u00dclkesi edebiyat\u0131n dolamba\u00e7lar\u0131nda kaybolmaktan korkmayanlar i\u00e7in&#8230; <\/p>\n","protected":false},"excerpt":{"rendered":"<p>Bu kitab\u0131n ad\u0131na bak\u0131p yan\u0131lmay\u0131n sak\u0131n! Bu bir Kapadokya kitab\u0131 de\u011fil! \u0130\u00e7inde kabu\u011fu k\u0131r\u0131lan kaplumba\u011falar, delili\u011fin sa\u00e7lar\u0131, Tahtaku\u015flar ad\u0131nda bir \u00e7ete, hamama giden bir pelikan, ucu<span class=\"excerpt-hellip\"> [\u2026]<\/span><\/p>\n","protected":false},"featured_media":0,"template":"","meta":{"_monsterinsights_skip_tracking":false,"_monsterinsights_sitenote_active":false,"_monsterinsights_sitenote_note":"","_monsterinsights_sitenote_category":0},"product_brand":[],"product_cat":[12777,12291],"product_tag":[],"class_list":{"0":"post-724443","1":"product","2":"type-product","3":"status-publish","5":"product_cat-deneme","6":"product_cat-edebiyat","7":"pa_cilt-ciltsiz","8":"pa_tur-kitap","9":"pa_yayinevi-kara-karga-yayinlari","10":"pa_yazar-akgun-akova","12":"first","13":"instock","14":"sale","15":"shipping-taxable","16":"purchasable","17":"product-type-simple"},"_links":{"self":[{"href":"https:\/\/roveyayinevi.com.tr\/index.php\/wp-json\/wp\/v2\/product\/724443","targetHints":{"allow":["GET"]}}],"collection":[{"href":"https:\/\/roveyayinevi.com.tr\/index.php\/wp-json\/wp\/v2\/product"}],"about":[{"href":"https:\/\/roveyayinevi.com.tr\/index.php\/wp-json\/wp\/v2\/types\/product"}],"wp:attachment":[{"href":"https:\/\/roveyayinevi.com.tr\/index.php\/wp-json\/wp\/v2\/media?parent=724443"}],"wp:term":[{"taxonomy":"product_brand","embeddable":true,"href":"https:\/\/roveyayinevi.com.tr\/index.php\/wp-json\/wp\/v2\/product_brand?post=724443"},{"taxonomy":"product_cat","embeddable":true,"href":"https:\/\/roveyayinevi.com.tr\/index.php\/wp-json\/wp\/v2\/product_cat?post=724443"},{"taxonomy":"product_tag","embeddable":true,"href":"https:\/\/roveyayinevi.com.tr\/index.php\/wp-json\/wp\/v2\/product_tag?post=724443"}],"curies":[{"name":"wp","href":"https:\/\/api.w.org\/{rel}","templated":true}]}}