{"id":724441,"date":"2025-08-27T19:34:37","date_gmt":"2025-08-27T16:34:37","guid":{"rendered":"https:\/\/roveyayinevi.com.tr\/index.php\/urun\/yasarken-kaybettigimiz-hayat\/"},"modified":"2026-04-16T02:32:20","modified_gmt":"2026-04-15T23:32:20","slug":"yasarken-kaybettigimiz-hayat","status":"publish","type":"product","link":"https:\/\/roveyayinevi.com.tr\/index.php\/urun\/yasarken-kaybettigimiz-hayat\/","title":{"rendered":"Ya\u015farken Kaybetti\u011fimiz Hayat"},"content":{"rendered":"<p>Hayat\u0131m\u0131z kendi \u00e7eli\u015fkilerimizin i\u00e7inde eriyip gidiyor. \u0130stedi\u011fimiz ve istemedi\u011fimiz \u015feyler birbirine o denli kar\u0131\u015fm\u0131\u015f ki ne istedi\u011fimizi biz bile bilemiyoruz. Ama ba\u015fkalar\u0131n\u0131n anlamas\u0131n\u0131 bekliyoruz. Birisi taraf\u0131ndan sevilmek istiyoruz ama bunaltmamay\u0131 da&#8230; Yaln\u0131z olmay\u0131 istemiyoruz ama birisine ba\u011flanmay\u0131 da\u2026 Para kazanmay\u0131 istiyoruz ama saatlerce \u00e7al\u0131\u015fmamay\u0131 da&#8230; \u00c7ocuklar\u0131m\u0131z olsun istiyoruz ama a\u011flamadan b\u00fcy\u00fcmelerini de\u2026 Zay\u0131f kalmak istiyoruz ama durup dinlenmeden yemeyi de&#8230; Sevdi\u011fimiz kad\u0131n veya erkek sadece bizim olsun istiyoruz, biz ba\u015fka pek \u00e7ok \u015feyin pe\u015fini b\u0131rakmam\u0131\u015fken de&#8230; \u00c7ok \u015fey bilmek istiyoruz ama hi\u00e7 ara\u015ft\u0131rmadan, okumadan, emek harcamadan, odaklanmadan, dinlemeden&#8230; \u0130stedi\u011fimiz hi\u00e7bir \u015feyi di\u011ferinin de isteyebilece\u011fini akl\u0131m\u0131za getirmeden ya\u015famak, ya\u015famak ve ya\u015famak istiyoruz. Ve binlerce \u00e7eli\u015fkinin i\u00e7inde, ya\u015farken kaybediyoruz hayatlar\u0131m\u0131z\u0131.<\/p>\n","protected":false},"excerpt":{"rendered":"<p>Hayat\u0131m\u0131z kendi \u00e7eli\u015fkilerimizin i\u00e7inde eriyip gidiyor. \u0130stedi\u011fimiz ve istemedi\u011fimiz \u015feyler birbirine o denli kar\u0131\u015fm\u0131\u015f ki ne istedi\u011fimizi biz bile bilemiyoruz. Ama ba\u015fkalar\u0131n\u0131n anlamas\u0131n\u0131 bekliyoruz. Birisi taraf\u0131ndan<span class=\"excerpt-hellip\"> [\u2026]<\/span><\/p>\n","protected":false},"featured_media":0,"template":"","meta":{"_monsterinsights_skip_tracking":false,"_monsterinsights_sitenote_active":false,"_monsterinsights_sitenote_note":"","_monsterinsights_sitenote_category":0},"product_brand":[],"product_cat":[12364,12376],"product_tag":[],"class_list":{"0":"post-724441","1":"product","2":"type-product","3":"status-publish","5":"product_cat-genel-konular","6":"product_cat-kisisel-gelisim","7":"pa_cilt-ciltsiz","8":"pa_tur-kitap","9":"pa_yayinevi-yediveren-yayinlari","10":"pa_yazar-nazli-ozburun","12":"first","13":"instock","14":"sale","15":"shipping-taxable","16":"purchasable","17":"product-type-simple"},"_links":{"self":[{"href":"https:\/\/roveyayinevi.com.tr\/index.php\/wp-json\/wp\/v2\/product\/724441","targetHints":{"allow":["GET"]}}],"collection":[{"href":"https:\/\/roveyayinevi.com.tr\/index.php\/wp-json\/wp\/v2\/product"}],"about":[{"href":"https:\/\/roveyayinevi.com.tr\/index.php\/wp-json\/wp\/v2\/types\/product"}],"wp:attachment":[{"href":"https:\/\/roveyayinevi.com.tr\/index.php\/wp-json\/wp\/v2\/media?parent=724441"}],"wp:term":[{"taxonomy":"product_brand","embeddable":true,"href":"https:\/\/roveyayinevi.com.tr\/index.php\/wp-json\/wp\/v2\/product_brand?post=724441"},{"taxonomy":"product_cat","embeddable":true,"href":"https:\/\/roveyayinevi.com.tr\/index.php\/wp-json\/wp\/v2\/product_cat?post=724441"},{"taxonomy":"product_tag","embeddable":true,"href":"https:\/\/roveyayinevi.com.tr\/index.php\/wp-json\/wp\/v2\/product_tag?post=724441"}],"curies":[{"name":"wp","href":"https:\/\/api.w.org\/{rel}","templated":true}]}}