{"id":724440,"date":"2025-08-27T19:34:36","date_gmt":"2025-08-27T16:34:36","guid":{"rendered":"https:\/\/roveyayinevi.com.tr\/index.php\/urun\/avrupali-turklerin-gelecegi\/"},"modified":"2026-04-16T02:32:20","modified_gmt":"2026-04-15T23:32:20","slug":"avrupali-turklerin-gelecegi","status":"publish","type":"product","link":"https:\/\/roveyayinevi.com.tr\/index.php\/urun\/avrupali-turklerin-gelecegi\/","title":{"rendered":"Avrupal\u0131 T\u00fcrklerin Gelece\u011fi"},"content":{"rendered":"<p>\u0130nsanl\u0131k tarihine paralel bir \u015fekilde ilerleyen uluslararas\u0131 g\u00f6\u00e7 olgusu, t\u00fcm d\u00fcnyay\u0131 oldu\u011fu gibi T\u00fcrkiye\u2019yi de etkilemi\u015ftir. \u00d6zellikle 1960\u2019l\u0131 y\u0131llardan itibaren Avrupa \u00fclkelerine ba\u015flayan i\u015f\u00e7i g\u00f6\u00e7leri ve devam\u0131nda ger\u00e7ekle\u015fen aile birle\u015ftirmeleriyle binlerce T\u00fcrk vatanda\u015f\u0131 Avrupa \u00fclkelerine g\u00f6\u00e7 etmi\u015f ve g\u00f6\u00e7men olmu\u015flard\u0131r. Geldi\u011fimiz zaman dilimi itibariyle jenerasyonlar boyunca g\u00f6\u00e7 olgusu devam etmi\u015f ve Avrupal\u0131 T\u00fcrkler kavram\u0131 ortaya \u00e7\u0131km\u0131\u015ft\u0131r.Bu \u00e7al\u0131\u015fmada \u00f6ncelikle g\u00f6\u00e7 olgusuna y\u00f6nelik tan\u0131mlamalar, teoriler ve g\u00f6\u00e7\u00fcn tarihi kapsaml\u0131 bir \u015fekilde ele al\u0131nm\u0131\u015ft\u0131r. 1960\u2019l\u0131 y\u0131llardan itibaren ortaya \u00e7\u0131kan uluslararas\u0131 T\u00fcrk g\u00f6\u00e7\u00fc b\u00fct\u00fcn y\u00f6nleriyle irdelenmi\u015f, \u00f6zellikle Avrupa \u00fclkelerine ger\u00e7ekle\u015fen g\u00f6\u00e7\u00fcn sosyolojik, psikolojik ve politik sonu\u00e7lar\u0131 farkl\u0131 perspektiflerde incelenmi\u015ftir.Ard\u0131ndan ise k\u00fcreselle\u015fme \u00e7a\u011f\u0131nda Avrupal\u0131 T\u00fcrklerin yeri, sosyal entegrasyon ve k\u00fclt\u00fcrle\u015fme bi\u00e7imleri i\u00e7erisindeki rolleri, \u00fc\u00e7\u00fcnc\u00fc ve d\u00f6rd\u00fcnc\u00fc ku\u015fa\u011f\u0131n kimlik alg\u0131lamalar\u0131 gibi bir\u00e7ok farkl\u0131 konu detayl\u0131ca incelenmi\u015f, yeni nesillere y\u00f6nelik analizler \u00e7\u0131kar\u0131lm\u0131\u015f ve Avrupal\u0131 T\u00fcrklerin sosyo-k\u00fclt\u00fcrel gelece\u011fine \u0131\u015f\u0131k tutulmaya \u00e7al\u0131\u015f\u0131lm\u0131\u015ft\u0131r. Sevdaya d\u00f6n\u00fc\u015fecektir.<\/p>\n","protected":false},"excerpt":{"rendered":"<p>\u0130nsanl\u0131k tarihine paralel bir \u015fekilde ilerleyen uluslararas\u0131 g\u00f6\u00e7 olgusu, t\u00fcm d\u00fcnyay\u0131 oldu\u011fu gibi T\u00fcrkiye\u2019yi de etkilemi\u015ftir. \u00d6zellikle 1960\u2019l\u0131 y\u0131llardan itibaren Avrupa \u00fclkelerine ba\u015flayan i\u015f\u00e7i g\u00f6\u00e7leri ve<span class=\"excerpt-hellip\"> [\u2026]<\/span><\/p>\n","protected":false},"featured_media":0,"template":"","meta":{"_monsterinsights_skip_tracking":false,"_monsterinsights_sitenote_active":false,"_monsterinsights_sitenote_note":"","_monsterinsights_sitenote_category":0},"product_brand":[],"product_cat":[12573,12566],"product_tag":[],"class_list":{"0":"post-724440","1":"product","2":"type-product","3":"status-publish","5":"product_cat-akademik-kitaplar","6":"product_cat-egitim","7":"pa_cilt-ciltsiz","8":"pa_tur-kitap","9":"pa_yayinevi-yediveren-yayinlari","10":"pa_yazar-ugur-huseyin-hasancebi","12":"first","13":"instock","14":"sale","15":"shipping-taxable","16":"purchasable","17":"product-type-simple"},"_links":{"self":[{"href":"https:\/\/roveyayinevi.com.tr\/index.php\/wp-json\/wp\/v2\/product\/724440","targetHints":{"allow":["GET"]}}],"collection":[{"href":"https:\/\/roveyayinevi.com.tr\/index.php\/wp-json\/wp\/v2\/product"}],"about":[{"href":"https:\/\/roveyayinevi.com.tr\/index.php\/wp-json\/wp\/v2\/types\/product"}],"wp:attachment":[{"href":"https:\/\/roveyayinevi.com.tr\/index.php\/wp-json\/wp\/v2\/media?parent=724440"}],"wp:term":[{"taxonomy":"product_brand","embeddable":true,"href":"https:\/\/roveyayinevi.com.tr\/index.php\/wp-json\/wp\/v2\/product_brand?post=724440"},{"taxonomy":"product_cat","embeddable":true,"href":"https:\/\/roveyayinevi.com.tr\/index.php\/wp-json\/wp\/v2\/product_cat?post=724440"},{"taxonomy":"product_tag","embeddable":true,"href":"https:\/\/roveyayinevi.com.tr\/index.php\/wp-json\/wp\/v2\/product_tag?post=724440"}],"curies":[{"name":"wp","href":"https:\/\/api.w.org\/{rel}","templated":true}]}}