{"id":724439,"date":"2025-08-27T19:34:35","date_gmt":"2025-08-27T16:34:35","guid":{"rendered":"https:\/\/roveyayinevi.com.tr\/index.php\/urun\/gelibolu-bulbulleri-ve-canakkale\/"},"modified":"2026-04-16T02:32:20","modified_gmt":"2026-04-15T23:32:20","slug":"gelibolu-bulbulleri-ve-canakkale","status":"publish","type":"product","link":"https:\/\/roveyayinevi.com.tr\/index.php\/urun\/gelibolu-bulbulleri-ve-canakkale\/","title":{"rendered":"Gelibolu B\u00fclb\u00fclleri ve \u00c7anakkale"},"content":{"rendered":"<p>\u00c7anakkale cephesi\u2026Bir \u00fclkenin kaderinin s\u0131k\u0131\u015ft\u0131\u011f\u0131, zaferlerin anlam kazand\u0131\u011f\u0131 cephe. K\u0131nal\u0131 kuzular cephede hi\u00e7 d\u00fc\u015f\u00fcnmeden can\u0131n\u0131 feda ederken, istihbaratta g\u00f6rev alan ve i\u00e7lerinde az say\u0131daki kad\u0131n ni\u015fanc\u0131lar\u0131n da bulundu\u011fu Gelibolu B\u00fclb\u00fclleri\u2019nin \u00fcnl\u00fc Sandrigham B\u00f6l\u00fc\u011f\u00fcn\u00fc yok etmesi, zafer i\u00e7in en \u00f6nemli olaylardan birisidir.Her zaferin i\u00e7inde s\u0131r gibi saklanan bir de a\u015fklar vard\u0131r. \u00c7anakkale cephesinde \u00c7a\u011fan ile Esma\u2019n\u0131n a\u015fk\u0131 dilden dile dola\u015f\u0131rken, Esma\u2019n\u0131n kendini ele ge\u00e7irmeye \u00e7al\u0131\u015fan \u0130ngiliz keskin ni\u015fanc\u0131s\u0131yla m\u00fccadelesini g\u00f6recek, okurken bir\u00e7ok duyguyu bir arada ya\u015fayacaks\u0131n\u0131z. \u00c7anakkale Sava\u015f\u0131\u2019nda nefes kesen ger\u00e7ek olaylar\u0131, habercileri, Anzak askerlerinin T\u00fcrklere bak\u0131\u015f\u0131n\u0131, hayranl\u0131klar\u0131n\u0131 ve i\u00e7 \u00e7at\u0131\u015fmalar\u0131n\u0131 okumaya haz\u0131r m\u0131s\u0131n\u0131z?Bu roman\u0131 okurken \u00c7anakkale zaferinin hi\u00e7 bilinmeyen y\u00f6nleriyle ilk defa tan\u0131\u015facaks\u0131n\u0131z.<\/p>\n","protected":false},"excerpt":{"rendered":"<p>\u00c7anakkale cephesi\u2026Bir \u00fclkenin kaderinin s\u0131k\u0131\u015ft\u0131\u011f\u0131, zaferlerin anlam kazand\u0131\u011f\u0131 cephe. K\u0131nal\u0131 kuzular cephede hi\u00e7 d\u00fc\u015f\u00fcnmeden can\u0131n\u0131 feda ederken, istihbaratta g\u00f6rev alan ve i\u00e7lerinde az say\u0131daki kad\u0131n ni\u015fanc\u0131lar\u0131n<span class=\"excerpt-hellip\"> [\u2026]<\/span><\/p>\n","protected":false},"featured_media":0,"template":"","meta":{"_monsterinsights_skip_tracking":false,"_monsterinsights_sitenote_active":false,"_monsterinsights_sitenote_note":"","_monsterinsights_sitenote_category":0},"product_brand":[],"product_cat":[12291,12745],"product_tag":[],"class_list":{"0":"post-724439","1":"product","2":"type-product","3":"status-publish","5":"product_cat-edebiyat","6":"product_cat-tarihi-roman","7":"pa_cilt-ciltsiz","8":"pa_tur-kitap","9":"pa_yayinevi-yediveren-yayinlari","10":"pa_yazar-bahri-dundar","12":"first","13":"instock","14":"sale","15":"shipping-taxable","16":"purchasable","17":"product-type-simple"},"_links":{"self":[{"href":"https:\/\/roveyayinevi.com.tr\/index.php\/wp-json\/wp\/v2\/product\/724439","targetHints":{"allow":["GET"]}}],"collection":[{"href":"https:\/\/roveyayinevi.com.tr\/index.php\/wp-json\/wp\/v2\/product"}],"about":[{"href":"https:\/\/roveyayinevi.com.tr\/index.php\/wp-json\/wp\/v2\/types\/product"}],"wp:attachment":[{"href":"https:\/\/roveyayinevi.com.tr\/index.php\/wp-json\/wp\/v2\/media?parent=724439"}],"wp:term":[{"taxonomy":"product_brand","embeddable":true,"href":"https:\/\/roveyayinevi.com.tr\/index.php\/wp-json\/wp\/v2\/product_brand?post=724439"},{"taxonomy":"product_cat","embeddable":true,"href":"https:\/\/roveyayinevi.com.tr\/index.php\/wp-json\/wp\/v2\/product_cat?post=724439"},{"taxonomy":"product_tag","embeddable":true,"href":"https:\/\/roveyayinevi.com.tr\/index.php\/wp-json\/wp\/v2\/product_tag?post=724439"}],"curies":[{"name":"wp","href":"https:\/\/api.w.org\/{rel}","templated":true}]}}