{"id":724437,"date":"2025-08-27T19:34:34","date_gmt":"2025-08-27T16:34:34","guid":{"rendered":"https:\/\/roveyayinevi.com.tr\/index.php\/urun\/airbnb-hikayesi\/"},"modified":"2026-04-16T02:32:20","modified_gmt":"2026-04-15T23:32:20","slug":"airbnb-hikayesi","status":"publish","type":"product","link":"https:\/\/roveyayinevi.com.tr\/index.php\/urun\/airbnb-hikayesi\/","title":{"rendered":"Airbnb Hikayesi"},"content":{"rendered":"<p>\u201cAirbnb Hik\u00e2yesi i\u00e7inde bulundu\u011fumuz \u00e7a\u011fa ait. C\u00fcretk\u00e2r bir giri\u015fimcili\u011fe ve b\u00fcy\u00fck bir end\u00fcstrinin rahats\u0131z edilmesine dair ilgi \u00e7ekici bir hik\u00e2ye.\u201d &#8211; Charles Duhigg, Yeni D\u00fcnyada Daha Ak\u0131ll\u0131 Daha H\u0131zl\u0131 Daha Ba\u015far\u0131l\u0131 Olman\u0131n S\u0131rlar\u0131\u2019n\u0131n yazar\u0131   Bu, \u015fu anda d\u00fcnyan\u0131n en b\u00fcy\u00fck konaklama sa\u011flay\u0131c\u0131s\u0131 olan \u00e7evrimi\u00e7i konaklama platformu Airbnb&#8217;nin yarat\u0131lmas\u0131 ve b\u00fcy\u00fcmesine dair dikkat \u00e7ekici bir perde arkas\u0131 hik\u00e2yesidir. \u0130lk ba\u015fta kurucular Brian Chesky, Joe Gebbia ve Nathan Blecharczyk&#8217;in \u00e7\u0131lg\u0131n bir fikrinden ibaret olan Airbnb, d\u00fcnya \u00e7ap\u0131nda milyonlarca ev sahibi ve gezgin i\u00e7in vazge\u00e7ilmez h\u00e2le geldi. Fortune edit\u00f6r\u00fc Leigh Gallagher, Airbnb fenomenine -ba\u015far\u0131lar\u0131na ve yaratt\u0131\u011f\u0131 tart\u0131\u015fmalara- derinlemesine bir bak\u0131\u015f at\u0131yor ve \u015firketin gen\u00e7 CEO&#8217;su ke\u015ffedilmemi\u015f sulara do\u011fru yelken a\u00e7t\u0131k\u00e7a bizi hik\u00e2yenin perde arkas\u0131na g\u00f6t\u00fcr\u00fcyor.   \u201cZaman\u0131m\u0131z\u0131n \u00e7\u0131\u011f\u0131r a\u00e7an \u015firketlerinden birine h\u0131zl\u0131 ve e\u011flenceli bir dal\u0131\u015f; Airbnb Hik\u00e2yesi sayesinde Leigh Gallagher bize payla\u015f\u0131m ekonomisinin duygusal bir ba\u011f i\u00e7in ne kadar zorluk \u00e7\u0131karaca\u011f\u0131n\u0131n yan\u0131 s\u0131ra, sosyal hayatta ve i\u015f \u00e7evresinde nas\u0131l bir y\u0131k\u0131ma yol a\u00e7abilece\u011fini de g\u00f6steriyor.\u201d &#8211; Rana Foroohar, Financial Times k\u00f6\u015fe yazar\u0131 ve CNN k\u00fcresel ekonomi analisti <\/p>\n","protected":false},"excerpt":{"rendered":"<p>\u201cAirbnb Hik\u00e2yesi i\u00e7inde bulundu\u011fumuz \u00e7a\u011fa ait. C\u00fcretk\u00e2r bir giri\u015fimcili\u011fe ve b\u00fcy\u00fck bir end\u00fcstrinin rahats\u0131z edilmesine dair ilgi \u00e7ekici bir hik\u00e2ye.\u201d &#8211; Charles Duhigg, Yeni D\u00fcnyada Daha<span class=\"excerpt-hellip\"> [\u2026]<\/span><\/p>\n","protected":false},"featured_media":0,"template":"","meta":{"_monsterinsights_skip_tracking":false,"_monsterinsights_sitenote_active":false,"_monsterinsights_sitenote_note":"","_monsterinsights_sitenote_category":0},"product_brand":[],"product_cat":[13043,19008],"product_tag":[],"class_list":{"0":"post-724437","1":"product","2":"type-product","3":"status-publish","5":"product_cat-ekonomi","6":"product_cat-yonetim","7":"pa_cilt-ciltsiz","8":"pa_tur-kitap","9":"pa_yayinevi-sola-unitas","10":"pa_yazar-leigh-gallager","12":"first","13":"instock","14":"sale","15":"shipping-taxable","16":"purchasable","17":"product-type-simple"},"_links":{"self":[{"href":"https:\/\/roveyayinevi.com.tr\/index.php\/wp-json\/wp\/v2\/product\/724437","targetHints":{"allow":["GET"]}}],"collection":[{"href":"https:\/\/roveyayinevi.com.tr\/index.php\/wp-json\/wp\/v2\/product"}],"about":[{"href":"https:\/\/roveyayinevi.com.tr\/index.php\/wp-json\/wp\/v2\/types\/product"}],"wp:attachment":[{"href":"https:\/\/roveyayinevi.com.tr\/index.php\/wp-json\/wp\/v2\/media?parent=724437"}],"wp:term":[{"taxonomy":"product_brand","embeddable":true,"href":"https:\/\/roveyayinevi.com.tr\/index.php\/wp-json\/wp\/v2\/product_brand?post=724437"},{"taxonomy":"product_cat","embeddable":true,"href":"https:\/\/roveyayinevi.com.tr\/index.php\/wp-json\/wp\/v2\/product_cat?post=724437"},{"taxonomy":"product_tag","embeddable":true,"href":"https:\/\/roveyayinevi.com.tr\/index.php\/wp-json\/wp\/v2\/product_tag?post=724437"}],"curies":[{"name":"wp","href":"https:\/\/api.w.org\/{rel}","templated":true}]}}