{"id":724435,"date":"2025-08-27T19:34:32","date_gmt":"2025-08-27T16:34:32","guid":{"rendered":"https:\/\/roveyayinevi.com.tr\/index.php\/urun\/kuslarin-ve-yilanlarin-sarkisi-aclik-oyunlari\/"},"modified":"2026-04-16T02:32:20","modified_gmt":"2026-04-15T23:32:20","slug":"kuslarin-ve-yilanlarin-sarkisi-aclik-oyunlari","status":"publish","type":"product","link":"https:\/\/roveyayinevi.com.tr\/index.php\/urun\/kuslarin-ve-yilanlarin-sarkisi-aclik-oyunlari\/","title":{"rendered":"Ku\u015flar\u0131n ve Y\u0131lanlar\u0131n \u015eark\u0131s\u0131 (A\u00e7l\u0131k Oyunlar\u0131)"},"content":{"rendered":"<p>54 dil ve 52 \u00fclkede 100 milyondan fazla okura, sinema uyarlamalar\u0131yla 3 milyar dolar gi\u015fe has\u0131lat\u0131na ula\u015fan A\u00e7l\u0131k Oyunlar\u0131 serisinin yeni kitab\u0131 geliyorD\u00dcNYANIN KONU\u015eTU\u011eU K\u0130TAP 19 MAYIS\u2019TA T\u00dcM D\u00dcNYA \u0130LE AYNI ANDA   Enerjisini h\u0131rs\u0131ndan al\u0131yor.Azmini, rekabetten.Ama g\u00fcce ula\u015fman\u0131n bir bedeli var.Onuncu A\u00e7l\u0131k Oyunlar\u0131\u2019n\u0131 ba\u015flatacak hasat g\u00fcn\u00fcn\u00fcn sabah\u0131. Ba\u015fkent\u2019te, on sekiz ya\u015f\u0131ndaki Coriolanus Snow ak\u0131l hocas\u0131 olarak kat\u0131laca\u011f\u0131 Oyunlar\u2019a haz\u0131rlan\u0131yor. Ba\u015far\u0131l\u0131 olmak istiyor ve bunun i\u00e7in tek bir \u015fans\u0131 var. Bir zamanlar\u0131n g\u00f6rkemli Snow ailesi zor zamanlardan ge\u00e7iyor ve ailenin kaderi, Coriolanus\u2019un cazibesiyle, zek\u00e2s\u0131yla, hamleleriyle di\u011fer ak\u0131l hocalar\u0131n\u0131 g\u00f6lgede b\u0131rak\u0131p harac\u0131n\u0131 Oyunlar\u2019\u0131n galibi yapmas\u0131na ba\u011fl\u0131.   Ama \u015fans ondan yana de\u011fil. Coriolanus\u2019a k\u00f6t\u00fclerin en k\u00f6t\u00fcs\u00fc 12. M\u0131nt\u0131ka\u2019n\u0131n k\u0131z harac\u0131na ak\u0131l hocal\u0131\u011f\u0131 yapmak gibi onur k\u0131r\u0131c\u0131 bir g\u00f6rev veriliyor. Art\u0131k kaderleri birbirine ba\u011fl\u0131. Coriolanus\u2019un yapt\u0131\u011f\u0131 her se\u00e7im onlar\u0131 galibiyete ya da ma\u011flubiyete, zafere ya da yenilgiye g\u00f6t\u00fcrebilir. Arenan\u0131n i\u00e7inde \u00f6l\u00fcm\u00fcne bir d\u00f6v\u00fc\u015f s\u00fcr\u00fcyor. Arenan\u0131n d\u0131\u015f\u0131nda ise, talihsiz harac\u0131na yak\u0131nl\u0131k duymaya ba\u015flayan Coriolanus kurallara uyma zorunlulu\u011fuyla, bedeli ne olursa olsun ya\u015fama arzusu aras\u0131nda kal\u0131yor. <\/p>\n","protected":false},"excerpt":{"rendered":"<p>54 dil ve 52 \u00fclkede 100 milyondan fazla okura, sinema uyarlamalar\u0131yla 3 milyar dolar gi\u015fe has\u0131lat\u0131na ula\u015fan A\u00e7l\u0131k Oyunlar\u0131 serisinin yeni kitab\u0131 geliyorD\u00dcNYANIN KONU\u015eTU\u011eU K\u0130TAP 19<span class=\"excerpt-hellip\"> [\u2026]<\/span><\/p>\n","protected":false},"featured_media":0,"template":"","meta":{"_monsterinsights_skip_tracking":false,"_monsterinsights_sitenote_active":false,"_monsterinsights_sitenote_note":"","_monsterinsights_sitenote_category":0},"product_brand":[],"product_cat":[12291,14777],"product_tag":[],"class_list":{"0":"post-724435","1":"product","2":"type-product","3":"status-publish","5":"product_cat-edebiyat","6":"product_cat-fantastik","7":"pa_cilt-ciltsiz","8":"pa_tur-kitap","9":"pa_yayinevi-dex-yayinevi","10":"pa_yazar-suzanne-collins","12":"first","13":"instock","14":"sale","15":"shipping-taxable","16":"purchasable","17":"product-type-simple"},"_links":{"self":[{"href":"https:\/\/roveyayinevi.com.tr\/index.php\/wp-json\/wp\/v2\/product\/724435","targetHints":{"allow":["GET"]}}],"collection":[{"href":"https:\/\/roveyayinevi.com.tr\/index.php\/wp-json\/wp\/v2\/product"}],"about":[{"href":"https:\/\/roveyayinevi.com.tr\/index.php\/wp-json\/wp\/v2\/types\/product"}],"wp:attachment":[{"href":"https:\/\/roveyayinevi.com.tr\/index.php\/wp-json\/wp\/v2\/media?parent=724435"}],"wp:term":[{"taxonomy":"product_brand","embeddable":true,"href":"https:\/\/roveyayinevi.com.tr\/index.php\/wp-json\/wp\/v2\/product_brand?post=724435"},{"taxonomy":"product_cat","embeddable":true,"href":"https:\/\/roveyayinevi.com.tr\/index.php\/wp-json\/wp\/v2\/product_cat?post=724435"},{"taxonomy":"product_tag","embeddable":true,"href":"https:\/\/roveyayinevi.com.tr\/index.php\/wp-json\/wp\/v2\/product_tag?post=724435"}],"curies":[{"name":"wp","href":"https:\/\/api.w.org\/{rel}","templated":true}]}}