{"id":724427,"date":"2025-08-27T19:34:17","date_gmt":"2025-08-27T16:34:17","guid":{"rendered":"https:\/\/roveyayinevi.com.tr\/index.php\/urun\/martin-eden-10\/"},"modified":"2026-04-16T02:32:20","modified_gmt":"2026-04-15T23:32:20","slug":"martin-eden-10","status":"publish","type":"product","link":"https:\/\/roveyayinevi.com.tr\/index.php\/urun\/martin-eden-10\/","title":{"rendered":"Martin Eden"},"content":{"rendered":"<p>Jack London\u2019\u0131n hayat\u0131ndan derin izler ta\u015f\u0131yan Martin Eden, i\u015f\u00e7i s\u0131n\u0131f\u0131ndan Martin\u2019in yazar olma m\u00fccadelesini ve \u00f6ze\u011fitimini ger\u00e7ekle\u015ftirme \u00e7abas\u0131n\u0131 anlat\u0131r. Martin, \u00e2\u015f\u0131k oldu\u011fu Ruth Morse ile onun \u00fcst s\u0131n\u0131ftan ailesine kendini kabul ettirmeye \u00e7al\u0131\u015f\u0131rken bir yandan da yirminci y\u00fczy\u0131l ba\u015flar\u0131 Amerika\u2019s\u0131nda sanat\u00e7\u0131ya verilmeyen ya da yanl\u0131\u015f verilen de\u011ferle ba\u015f etmeye \u00e7al\u0131\u015f\u0131r.   James Joyce\u2019un Sanat\u00e7\u0131n\u0131n Gen\u00e7lik Portresi\u2019yle birlikte k\u00fcnstlerroman t\u00fcr\u00fcn\u00fcn en iyi \u00f6rneklerinden say\u0131lan bu eserinde London sosyal s\u0131n\u0131f, bireytoplum \u00e7at\u0131\u015fmas\u0131 ve eme\u011fin makinele\u015fmesi gibi konular\u0131 masaya yat\u0131r\u0131yor.   \u201cMartin Eden, kesinlikle Jack London\u2019\u0131n en b\u00fcy\u00fck eserlerinden biri.\u201d \u2013Upton Sinclair <\/p>\n","protected":false},"excerpt":{"rendered":"<p>Jack London\u2019\u0131n hayat\u0131ndan derin izler ta\u015f\u0131yan Martin Eden, i\u015f\u00e7i s\u0131n\u0131f\u0131ndan Martin\u2019in yazar olma m\u00fccadelesini ve \u00f6ze\u011fitimini ger\u00e7ekle\u015ftirme \u00e7abas\u0131n\u0131 anlat\u0131r. Martin, \u00e2\u015f\u0131k oldu\u011fu Ruth Morse ile onun<span class=\"excerpt-hellip\"> [\u2026]<\/span><\/p>\n","protected":false},"featured_media":0,"template":"","meta":{"_monsterinsights_skip_tracking":false,"_monsterinsights_sitenote_active":false,"_monsterinsights_sitenote_note":"","_monsterinsights_sitenote_category":0},"product_brand":[],"product_cat":[12291,12711],"product_tag":[],"class_list":{"0":"post-724427","1":"product","2":"type-product","3":"status-publish","5":"product_cat-edebiyat","6":"product_cat-roman-oyku","7":"pa_cilt-ciltsiz","8":"pa_tur-kitap","9":"pa_yayinevi-ithaki-yayinlari","10":"pa_yazar-jack-london","12":"first","13":"instock","14":"sale","15":"shipping-taxable","16":"purchasable","17":"product-type-simple"},"_links":{"self":[{"href":"https:\/\/roveyayinevi.com.tr\/index.php\/wp-json\/wp\/v2\/product\/724427","targetHints":{"allow":["GET"]}}],"collection":[{"href":"https:\/\/roveyayinevi.com.tr\/index.php\/wp-json\/wp\/v2\/product"}],"about":[{"href":"https:\/\/roveyayinevi.com.tr\/index.php\/wp-json\/wp\/v2\/types\/product"}],"wp:attachment":[{"href":"https:\/\/roveyayinevi.com.tr\/index.php\/wp-json\/wp\/v2\/media?parent=724427"}],"wp:term":[{"taxonomy":"product_brand","embeddable":true,"href":"https:\/\/roveyayinevi.com.tr\/index.php\/wp-json\/wp\/v2\/product_brand?post=724427"},{"taxonomy":"product_cat","embeddable":true,"href":"https:\/\/roveyayinevi.com.tr\/index.php\/wp-json\/wp\/v2\/product_cat?post=724427"},{"taxonomy":"product_tag","embeddable":true,"href":"https:\/\/roveyayinevi.com.tr\/index.php\/wp-json\/wp\/v2\/product_tag?post=724427"}],"curies":[{"name":"wp","href":"https:\/\/api.w.org\/{rel}","templated":true}]}}