{"id":724424,"date":"2025-08-27T19:34:14","date_gmt":"2025-08-27T16:34:14","guid":{"rendered":"https:\/\/roveyayinevi.com.tr\/index.php\/urun\/aru-shah-ve-olum-sarkisi-ciltli\/"},"modified":"2026-04-16T02:32:20","modified_gmt":"2026-04-15T23:32:20","slug":"aru-shah-ve-olum-sarkisi-ciltli","status":"publish","type":"product","link":"https:\/\/roveyayinevi.com.tr\/index.php\/urun\/aru-shah-ve-olum-sarkisi-ciltli\/","title":{"rendered":"Aru Shah ve \u00d6l\u00fcm \u015eark\u0131s\u0131 (Ciltli)"},"content":{"rendered":"<p>Pandava serisinin ikinci kitab\u0131nda, Aru Shah ve Zaman\u0131n Sonu\u2019nu \u0131\u015f\u0131ldatan b\u00fct\u00fcn mizah, aksiyon ve \u00e7ok daha fazlas\u0131 sizi bekliyor!   Aru Shah b\u00fct\u00fcn bu Pandava olay\u0131n\u0131 daha yeni kavrarken Di\u011ferd\u00fcnya tam bir panik halindeydi. \u00c7\u00fcnk\u00fc a\u015fk tanr\u0131s\u0131n\u0131n okuyla yay\u0131 kay\u0131pt\u0131 ve ne yaz\u0131k ki h\u0131rs\u0131z Eros\u00e7uluk oynam\u0131yordu. Onun yerine, insanlar\u0131 kalpsiz d\u00f6v\u00fc\u015f makinelerine, zombilere d\u00f6n\u00fc\u015ft\u00fcr\u00fcyordu. B\u00fct\u00fcn bunlar yetmezmi\u015f gibi Aru bir de h\u0131rs\u0131z olarak su\u00e7land\u0131. E\u011fer silah\u0131 on g\u00fcn i\u00e7inde bulamazsa Di\u011ferd\u00fcnya\u2019dan at\u0131lacakt\u0131. Sonsuza dek.   Elbette bu i\u015fi tek ba\u015f\u0131na yapmayacakt\u0131. Aru; Pandava k\u0131z karde\u015fi Mini, belli etti\u011finden fazlas\u0131n\u0131 bilen a\u015f\u0131r\u0131 g\u00fc\u00e7l\u00fc Brynne ve soka\u011f\u0131n kar\u015f\u0131s\u0131nda oturan, \u00fcstelik kendisi de pek \u00e7ok s\u0131r saklayan Aiden\u2019la birlikte bir maceraya at\u0131lacakt\u0131. Beraber iblislerle sava\u015facak, p\u0131r\u0131lt\u0131l\u0131 ve tehlikeli bir y\u0131lan diyar\u0131ndan ge\u00e7ecek ve d\u00fc\u015fmanlar\u0131n\u0131n hi\u00e7 de bekledikleri gibi olmad\u0131\u011f\u0131n\u0131 ke\u015ffedeceklerdi.<\/p>\n","protected":false},"excerpt":{"rendered":"<p>Pandava serisinin ikinci kitab\u0131nda, Aru Shah ve Zaman\u0131n Sonu\u2019nu \u0131\u015f\u0131ldatan b\u00fct\u00fcn mizah, aksiyon ve \u00e7ok daha fazlas\u0131 sizi bekliyor! Aru Shah b\u00fct\u00fcn bu Pandava olay\u0131n\u0131 daha<span class=\"excerpt-hellip\"> [\u2026]<\/span><\/p>\n","protected":false},"featured_media":0,"template":"","meta":{"_monsterinsights_skip_tracking":false,"_monsterinsights_sitenote_active":false,"_monsterinsights_sitenote_note":"","_monsterinsights_sitenote_category":0},"product_brand":[],"product_cat":[12274,12284],"product_tag":[],"class_list":{"0":"post-724424","1":"product","2":"type-product","3":"status-publish","5":"product_cat-cocuk-ve-genclik-kitaplari","6":"product_cat-hikayeler","7":"pa_cilt-ciltli","8":"pa_tur-kitap","9":"pa_yayinevi-ithaki-yayinlari","10":"pa_yazar-roshani-chokshi","12":"first","13":"instock","14":"sale","15":"shipping-taxable","16":"purchasable","17":"product-type-simple"},"_links":{"self":[{"href":"https:\/\/roveyayinevi.com.tr\/index.php\/wp-json\/wp\/v2\/product\/724424","targetHints":{"allow":["GET"]}}],"collection":[{"href":"https:\/\/roveyayinevi.com.tr\/index.php\/wp-json\/wp\/v2\/product"}],"about":[{"href":"https:\/\/roveyayinevi.com.tr\/index.php\/wp-json\/wp\/v2\/types\/product"}],"wp:attachment":[{"href":"https:\/\/roveyayinevi.com.tr\/index.php\/wp-json\/wp\/v2\/media?parent=724424"}],"wp:term":[{"taxonomy":"product_brand","embeddable":true,"href":"https:\/\/roveyayinevi.com.tr\/index.php\/wp-json\/wp\/v2\/product_brand?post=724424"},{"taxonomy":"product_cat","embeddable":true,"href":"https:\/\/roveyayinevi.com.tr\/index.php\/wp-json\/wp\/v2\/product_cat?post=724424"},{"taxonomy":"product_tag","embeddable":true,"href":"https:\/\/roveyayinevi.com.tr\/index.php\/wp-json\/wp\/v2\/product_tag?post=724424"}],"curies":[{"name":"wp","href":"https:\/\/api.w.org\/{rel}","templated":true}]}}