{"id":724420,"date":"2025-08-27T19:34:11","date_gmt":"2025-08-27T16:34:11","guid":{"rendered":"https:\/\/roveyayinevi.com.tr\/index.php\/urun\/yeni-dunya-yeni-ag\/"},"modified":"2026-04-07T02:40:59","modified_gmt":"2026-04-06T23:40:59","slug":"yeni-dunya-yeni-ag","status":"publish","type":"product","link":"https:\/\/roveyayinevi.com.tr\/index.php\/urun\/yeni-dunya-yeni-ag\/","title":{"rendered":"Yeni D\u00fcnya Yeni A\u011f"},"content":{"rendered":"<p>B\u0130L\u0130ME SARILIN&#8230;   \u201cBilgi\u201d kavram\u0131 y\u00fczlerce y\u0131ll\u0131k bir ke\u015fifler zincirinin sonunda nas\u0131l bilimin konusu oldu? \u201cAl\u0131n yaz\u0131s\u0131\u201d diye bir \u015fey var m\u0131? Evrenimiz nas\u0131l \u00f6lecek? Bilgisayar\u0131n iki babas\u0131 Turing ve Shannon\u2019\u0131n II. D\u00fcnya Sava\u015f\u0131\u2019ndaki gizli g\u00f6revleri neydi? Bir \u015feyi ger\u00e7ekten unutabilir miyiz? Atomlar bir araya gelerek nas\u0131l ak\u0131l ve \u201cruh\u201d sahibi canl\u0131lar olu\u015fturdular? \u0130nsanlar makine midir? Devlet nedir? Bir \u201cmerkez\u201din kontrol\u00fcnden kurtulabilir miyiz? \u0130nternet nas\u0131l \u00e7al\u0131\u015f\u0131r? Matematik ve kuantum fizi\u011fi her t\u00fcrl\u00fc ileti\u015fimin ba\u015fkalar\u0131n\u0131n bilgisayarlar\u0131ndan ge\u00e7ti\u011fi a\u011f ortam\u0131nda mahremiyetimizi nas\u0131l garantileyebilir? Para nedir? Kanser nedir? T\u0131p, \u201cbilgi bilimi\u201d bak\u0131\u015f\u0131ndan neler kazanabilir? Zihnimi bir bilgisayara y\u00fckleyip bedenim \u00f6ld\u00fckten sonra da ya\u015famaya devam edebilir miyim? *** Bo\u011fazi\u00e7i \u00dcniversitesi Bilgisayar M\u00fchendisli\u011fi B\u00f6l\u00fcm\u00fc \u00f6\u011fretim \u00fcyesi Prof. Dr. Cem Say, YEN\u0130 D\u00dcNYA, YEN\u0130 A\u011e adl\u0131 bu kitab\u0131nda gezegeni saran yeni bilgi a\u011f\u0131n\u0131, bazen \u201cBilgi Devrimi\u201d veya \u201cBilgi \u00c7a\u011f\u0131\u201d olarak adland\u0131r\u0131lan bu s\u00fcrecin bilimsel temellerini, d\u00fcnyay\u0131 anlay\u0131\u015f\u0131m\u0131z\u0131 ve ya\u015fam\u0131m\u0131z\u0131 farkl\u0131 y\u00f6nlerden nas\u0131l etkileyece\u011fini de sorgulayarak, keyifli ve s\u00fcr\u00fckleyici bir anlat\u0131mla aktar\u0131yor okura. <\/p>\n","protected":false},"excerpt":{"rendered":"<p>B\u0130L\u0130ME SARILIN&#8230; \u201cBilgi\u201d kavram\u0131 y\u00fczlerce y\u0131ll\u0131k bir ke\u015fifler zincirinin sonunda nas\u0131l bilimin konusu oldu? \u201cAl\u0131n yaz\u0131s\u0131\u201d diye bir \u015fey var m\u0131? Evrenimiz nas\u0131l \u00f6lecek? Bilgisayar\u0131n iki<span class=\"excerpt-hellip\"> [\u2026]<\/span><\/p>\n","protected":false},"featured_media":0,"template":"","meta":{"_monsterinsights_skip_tracking":false,"_monsterinsights_sitenote_active":false,"_monsterinsights_sitenote_note":"","_monsterinsights_sitenote_category":0},"product_brand":[],"product_cat":[12567,12566],"product_tag":[],"class_list":{"0":"post-724420","1":"product","2":"type-product","3":"status-publish","5":"product_cat-diger-egitim","6":"product_cat-egitim","7":"pa_cilt-ciltsiz","8":"pa_tur-kitap","9":"pa_yayinevi-destek-yayinlari","10":"pa_yazar-cem-say","12":"first","13":"instock","14":"sale","15":"shipping-taxable","16":"purchasable","17":"product-type-simple"},"_links":{"self":[{"href":"https:\/\/roveyayinevi.com.tr\/index.php\/wp-json\/wp\/v2\/product\/724420","targetHints":{"allow":["GET"]}}],"collection":[{"href":"https:\/\/roveyayinevi.com.tr\/index.php\/wp-json\/wp\/v2\/product"}],"about":[{"href":"https:\/\/roveyayinevi.com.tr\/index.php\/wp-json\/wp\/v2\/types\/product"}],"wp:attachment":[{"href":"https:\/\/roveyayinevi.com.tr\/index.php\/wp-json\/wp\/v2\/media?parent=724420"}],"wp:term":[{"taxonomy":"product_brand","embeddable":true,"href":"https:\/\/roveyayinevi.com.tr\/index.php\/wp-json\/wp\/v2\/product_brand?post=724420"},{"taxonomy":"product_cat","embeddable":true,"href":"https:\/\/roveyayinevi.com.tr\/index.php\/wp-json\/wp\/v2\/product_cat?post=724420"},{"taxonomy":"product_tag","embeddable":true,"href":"https:\/\/roveyayinevi.com.tr\/index.php\/wp-json\/wp\/v2\/product_tag?post=724420"}],"curies":[{"name":"wp","href":"https:\/\/api.w.org\/{rel}","templated":true}]}}