{"id":724416,"date":"2025-08-27T19:34:08","date_gmt":"2025-08-27T16:34:08","guid":{"rendered":"https:\/\/roveyayinevi.com.tr\/index.php\/urun\/otoriter-anayasacilik\/"},"modified":"2026-04-16T02:32:20","modified_gmt":"2026-04-15T23:32:20","slug":"otoriter-anayasacilik","status":"publish","type":"product","link":"https:\/\/roveyayinevi.com.tr\/index.php\/urun\/otoriter-anayasacilik\/","title":{"rendered":"Otoriter Anayasac\u0131l\u0131k"},"content":{"rendered":"<p>Anayasa hukukunda Amerika Birle\u015fik Devletleri\u2019nin \u00f6nde gelen akademisyenlerinden Mark Tushnet bu eserinde, Singapur\u2019u geni\u015fletilmi\u015f bir \u00f6rnek \u00e7al\u0131\u015fma olarak kullanarak otoriter anayasac\u0131l\u0131k d\u00fc\u015f\u00fcncesini ele almaktad\u0131r. Otoriter anayasac\u0131l\u0131k, ifade h\u00fcrriyetinin orta d\u00fczeyde bask\u0131c\u0131 kontrol\u00fc ve ki\u015fisel h\u00fcrriyetler \u00fczerindeki s\u0131n\u0131rlamalarla makul \u00f6l\u00e7\u00fcde serbest ve adil se\u00e7imleri bir araya getiren bir h\u00fck\u00fbmet sistemi olarak tan\u0131mlanmaktad\u0131r. &#8220;Salt\u201d hukuk devleti anayasac\u0131l\u0131\u011f\u0131n\u0131 da i\u00e7ermek \u00fczere liberal olmayan anayasac\u0131l\u0131\u011f\u0131n di\u011fer t\u00fcrlerini tan\u0131mlad\u0131ktan sonra eser, otoriter \u00fclkelerdeki anayasac\u0131l\u0131\u011f\u0131n ve mahkemelerin tan\u0131mlar\u0131n\u0131n geni\u015fletilmi\u015f analiz ve ele\u015ftirisini sunmaktad\u0131r.Bu t\u00fcr tan\u0131mlar\u0131n b\u00fcy\u00fck \u00f6l\u00e7\u00fcde stratejik ve ara\u00e7sal oldu\u011fu ve bunlar\u0131n bu t\u00fcr \u00fclkelerde dahi anayasalar\u0131n i\u015flevini tamamen a\u00e7\u0131klayamayaca\u011f\u0131 tart\u0131\u015f\u0131lmaktad\u0131r. \u00dcstelik kurallar\u0131n anayasac\u0131l\u0131\u011fa makul normatif ba\u011fl\u0131l\u0131\u011f\u0131 oldu\u011fundan anayasac\u0131l\u0131\u011f\u0131n, otoriter sistemlerde mevcut oldu\u011fu savunulmaktad\u0131r.  Eser, otoriter anayasac\u0131l\u0131\u011f\u0131n \u00f6zelliklerini tan\u0131mlayarak ve y\u00fcksek d\u00fczeyli s\u00fcrekli etnik \u00e7at\u0131\u015fmalar gibi belirli sosyal ve siyasi sorunlar\u0131 olan \u00fclkelerde anayasac\u0131l\u0131\u011f\u0131n normatif \u00e7ekicili\u011finin makul bir savunmas\u0131n\u0131 \u00f6nererek sonuca varmaktad\u0131r. Anayasac\u0131l\u0131\u011f\u0131n geni\u015fletilmesi d\u00fc\u015f\u00fcncesinden hareket eden Tushnet \u00f6zellikle son y\u0131llarda d\u00fcnyan\u0131n d\u00f6rt bir taraf\u0131nda h\u0131zla otoriter h\u00e2le d\u00f6n\u00fc\u015fen \u00fclkelerin analizine \u00f6nemli katk\u0131 sunmaktad\u0131r.<\/p>\n","protected":false},"excerpt":{"rendered":"<p>Anayasa hukukunda Amerika Birle\u015fik Devletleri\u2019nin \u00f6nde gelen akademisyenlerinden Mark Tushnet bu eserinde, Singapur\u2019u geni\u015fletilmi\u015f bir \u00f6rnek \u00e7al\u0131\u015fma olarak kullanarak otoriter anayasac\u0131l\u0131k d\u00fc\u015f\u00fcncesini ele almaktad\u0131r. Otoriter anayasac\u0131l\u0131k,<span class=\"excerpt-hellip\"> [\u2026]<\/span><\/p>\n","protected":false},"featured_media":0,"template":"","meta":{"_monsterinsights_skip_tracking":false,"_monsterinsights_sitenote_active":false,"_monsterinsights_sitenote_note":"","_monsterinsights_sitenote_category":0},"product_brand":[],"product_cat":[15350,17602],"product_tag":[],"class_list":{"0":"post-724416","1":"product","2":"type-product","3":"status-publish","5":"product_cat-hukuk","6":"product_cat-hukuk-uzerine","7":"pa_cilt-ciltsiz","8":"pa_tur-kitap","9":"pa_yayinevi-astana-yayinlari","10":"pa_yazar-mark-tushnet","12":"first","13":"instock","14":"sale","15":"shipping-taxable","16":"purchasable","17":"product-type-simple"},"_links":{"self":[{"href":"https:\/\/roveyayinevi.com.tr\/index.php\/wp-json\/wp\/v2\/product\/724416","targetHints":{"allow":["GET"]}}],"collection":[{"href":"https:\/\/roveyayinevi.com.tr\/index.php\/wp-json\/wp\/v2\/product"}],"about":[{"href":"https:\/\/roveyayinevi.com.tr\/index.php\/wp-json\/wp\/v2\/types\/product"}],"wp:attachment":[{"href":"https:\/\/roveyayinevi.com.tr\/index.php\/wp-json\/wp\/v2\/media?parent=724416"}],"wp:term":[{"taxonomy":"product_brand","embeddable":true,"href":"https:\/\/roveyayinevi.com.tr\/index.php\/wp-json\/wp\/v2\/product_brand?post=724416"},{"taxonomy":"product_cat","embeddable":true,"href":"https:\/\/roveyayinevi.com.tr\/index.php\/wp-json\/wp\/v2\/product_cat?post=724416"},{"taxonomy":"product_tag","embeddable":true,"href":"https:\/\/roveyayinevi.com.tr\/index.php\/wp-json\/wp\/v2\/product_tag?post=724416"}],"curies":[{"name":"wp","href":"https:\/\/api.w.org\/{rel}","templated":true}]}}