{"id":724415,"date":"2025-08-27T19:34:08","date_gmt":"2025-08-27T16:34:08","guid":{"rendered":"https:\/\/roveyayinevi.com.tr\/index.php\/urun\/cokkulturluluk-ve-anadolu-aleviligi\/"},"modified":"2026-04-16T02:32:20","modified_gmt":"2026-04-15T23:32:20","slug":"cokkulturluluk-ve-anadolu-aleviligi","status":"publish","type":"product","link":"https:\/\/roveyayinevi.com.tr\/index.php\/urun\/cokkulturluluk-ve-anadolu-aleviligi\/","title":{"rendered":"\u00c7okk\u00fclt\u00fcrl\u00fcl\u00fck ve Anadolu Alevili\u011fi"},"content":{"rendered":"<p>Modernle\u015fme projesinin \u00fcretti\u011fi t\u00fcrde\u015fle\u015ftirme yakla\u015f\u0131m\u0131ndan vazge\u00e7ilmek zorunda kal\u0131nd\u0131\u011f\u0131, kimliklerin ve k\u00fclt\u00fcrlerin \u00f6ne \u00e7\u0131kt\u0131\u011f\u0131 postmodern d\u00f6nemde, T\u00fcrkiye\u2019nin kar\u015f\u0131s\u0131na \u00e7\u0131kan kimlik tart\u0131\u015fmalar\u0131n\u0131n ba\u015f\u0131nda Alevili\u011fin oldu\u011funu s\u00f6ylemek abart\u0131 olmasa gerektir. Bu maksatla, d\u00fcnyada, k\u00fcreselle\u015fme ve g\u00f6\u00e7ler nedeniyle tart\u0131\u015f\u0131lmaya ba\u015flayan \u00e7okk\u00fclt\u00fcrl\u00fcl\u00fck meselesinin T\u00fcrkiye\u2019de kar\u015f\u0131l\u0131\u011f\u0131n\u0131 buldu\u011fu alan Anadolu Alevili\u011fidir denebilir. Kendine \u00f6zg\u00fc tarihselli\u011fi ve k\u00fclt\u00fcrelli\u011fi olan Anadolu Alevili\u011finin, Bat\u0131n\u0131n kendi toplumsal ihtiya\u00e7lar\u0131 sonucunda ortaya \u00e7\u0131kan \u00e7okk\u00fclt\u00fcrl\u00fcl\u00fck teorileri ba\u011flam\u0131nda de\u011ferlendirilip de\u011ferlendirilemeyece\u011fi tart\u0131\u015fma konusudur. Kimlik politikalar\u0131na kar\u015f\u0131 bir \u00e7\u00f6z\u00fcm projesi olarak ortaya \u00e7\u0131kan \u00e7okk\u00fclt\u00fcrl\u00fcl\u00fc\u011f\u00fcn Alevilik &#8220;meselesi\u201d i\u00e7in de deva olmas\u0131 m\u00fcmk\u00fcn m\u00fcd\u00fcr? Daha \u00e7ok \u0130slam dini ve T\u00fcrk k\u00fclt\u00fcr\u00fcn\u00fcn bir\u00e7ok \u00f6zelli\u011fini i\u00e7inde bar\u0131nd\u0131ran Anadolu Alevili\u011finin k\u00fclt\u00fcrel anlamda kesin \u00e7izgilerle ayr\u0131\u015f\u0131p ayr\u0131\u015fmad\u0131\u011f\u0131 ve bizim d\u0131\u015f\u0131m\u0131zda \u00fcretilen politikalarla \u00e7\u00f6z\u00fcme kavu\u015fabilmesi ne kadar m\u00fcmk\u00fcnd\u00fcr? gibi sorulara bu kitapta cevaplar aranm\u0131\u015ft\u0131r.<\/p>\n","protected":false},"excerpt":{"rendered":"<p>Modernle\u015fme projesinin \u00fcretti\u011fi t\u00fcrde\u015fle\u015ftirme yakla\u015f\u0131m\u0131ndan vazge\u00e7ilmek zorunda kal\u0131nd\u0131\u011f\u0131, kimliklerin ve k\u00fclt\u00fcrlerin \u00f6ne \u00e7\u0131kt\u0131\u011f\u0131 postmodern d\u00f6nemde, T\u00fcrkiye\u2019nin kar\u015f\u0131s\u0131na \u00e7\u0131kan kimlik tart\u0131\u015fmalar\u0131n\u0131n ba\u015f\u0131nda Alevili\u011fin oldu\u011funu s\u00f6ylemek abart\u0131 olmasa<span class=\"excerpt-hellip\"> [\u2026]<\/span><\/p>\n","protected":false},"featured_media":0,"template":"","meta":{"_monsterinsights_skip_tracking":false,"_monsterinsights_sitenote_active":false,"_monsterinsights_sitenote_note":"","_monsterinsights_sitenote_category":0},"product_brand":[],"product_cat":[13575,12718,12719],"product_tag":[],"class_list":{"0":"post-724415","1":"product","2":"type-product","3":"status-publish","5":"product_cat-alevilik-bektasilik","6":"product_cat-din","7":"product_cat-islam","8":"pa_cilt-ciltsiz","9":"pa_tur-kitap","10":"pa_yayinevi-astana-yayinlari","11":"pa_yazar-yilmaz-ceylan","13":"first","14":"instock","15":"sale","16":"shipping-taxable","17":"purchasable","18":"product-type-simple"},"_links":{"self":[{"href":"https:\/\/roveyayinevi.com.tr\/index.php\/wp-json\/wp\/v2\/product\/724415","targetHints":{"allow":["GET"]}}],"collection":[{"href":"https:\/\/roveyayinevi.com.tr\/index.php\/wp-json\/wp\/v2\/product"}],"about":[{"href":"https:\/\/roveyayinevi.com.tr\/index.php\/wp-json\/wp\/v2\/types\/product"}],"wp:attachment":[{"href":"https:\/\/roveyayinevi.com.tr\/index.php\/wp-json\/wp\/v2\/media?parent=724415"}],"wp:term":[{"taxonomy":"product_brand","embeddable":true,"href":"https:\/\/roveyayinevi.com.tr\/index.php\/wp-json\/wp\/v2\/product_brand?post=724415"},{"taxonomy":"product_cat","embeddable":true,"href":"https:\/\/roveyayinevi.com.tr\/index.php\/wp-json\/wp\/v2\/product_cat?post=724415"},{"taxonomy":"product_tag","embeddable":true,"href":"https:\/\/roveyayinevi.com.tr\/index.php\/wp-json\/wp\/v2\/product_tag?post=724415"}],"curies":[{"name":"wp","href":"https:\/\/api.w.org\/{rel}","templated":true}]}}