{"id":724414,"date":"2025-08-27T19:34:07","date_gmt":"2025-08-27T16:34:07","guid":{"rendered":"https:\/\/roveyayinevi.com.tr\/index.php\/urun\/mentor-anne-baba\/"},"modified":"2026-04-13T02:39:38","modified_gmt":"2026-04-12T23:39:38","slug":"mentor-anne-baba","status":"publish","type":"product","link":"https:\/\/roveyayinevi.com.tr\/index.php\/urun\/mentor-anne-baba\/","title":{"rendered":"Mentor Anne-Baba"},"content":{"rendered":"<p>Sevgili anne babalar !  Evet, isteseniz de istemeseniz de hayattaki en zor mesle\u011fi se\u00e7tiniz. Bu \u00f6yle bir meslek ki, \u201cYeter art\u0131k, yapmak istemiyorum,\u201d deme l\u00fcks\u00fcm\u00fcz\u00fcn olmad\u0131\u011f\u0131 tek meslek bu anne babal\u0131k.  Ba\u015ftan s\u00f6yleyeyim, i\u015fimiz hi\u00e7 de kolay de\u011fil. \u015eimdiye dek, yok bebeklikti, yok \u00e7ocukluktu yetmiyormu\u015f gibi, art\u0131k bir de s\u0131nav derdi \u00e7\u0131kt\u0131 ba\u015f\u0131m\u0131za. Oysa bizler, o biricik yavrular\u0131m\u0131z\u0131n daha ilk g\u00fcnlerinden bug\u00fcne dek ya\u015fad\u0131\u011f\u0131 t\u00fcm s\u0131k\u0131nt\u0131lar\u0131, fiziksel ve psikolojik sorunlar\u0131n\u0131 \u00e7\u00f6zebilmek i\u00e7in elimizden geleni yapmaya \u00e7al\u0131\u015f\u0131yoruz. Belki de tek istedi\u011fimiz, sorunlar\u0131m\u0131z\u0131 \u00e7\u00f6zebilecek i\u015fe yarar yollar\u0131 bulabilmek. Geldi\u011fimiz bu noktada yine bir yol ay\u0131r\u0131m\u0131n\u0131n ortas\u0131nday\u0131z: B\u00fcy\u00fck S\u0131nav D\u00f6nemi. Gerek lise gerekse \u00fcniversite i\u00e7in olsun, bir \u00f6\u011frenci ana babas\u0131 olmak, olduk\u00e7a zor g\u00fcnlerin de habercisi olmaktad\u0131r. Sadece s\u0131nav de\u011fil, m\u00fccadele etmek zorunda kald\u0131\u011f\u0131n\u0131z \u015feyler. E\u011fer hedef lise haz\u0131rl\u0131k s\u0131nav\u0131 ise ayn\u0131 zamanda \u00e7ocu\u011funuzun ergenlik d\u00f6nemi sorunlar\u0131na da etkili bi\u00e7imde \u00e7\u00f6z\u00fcmler sunabilmelisiniz. Yok e\u011fer \u00e7ocu\u011funuz \u00fcniversite haz\u0131rl\u0131k \u00f6\u011frencisi ise bu sefer de gen\u00e7li\u011fe giri\u015f sorunlar\u0131n\u0131n sizi beklemekte oldu\u011fundan emin olabilirsiniz. Siz de bir veli olarak \u00e7ocu\u011funuzun daha ba\u015far\u0131l\u0131 olmas\u0131n\u0131 istiyor, ama elinizden de \u2018daha \u00e7ok \u00e7al\u0131\u015f \u00e7ocu\u011fum\u2019 demekten de ba\u015fka bir \u015fey gelmiyor mu? \u0130\u015fte, bu kitap tam da bu sebeple kaleme al\u0131nm\u0131\u015ft\u0131r. \u0130lk bask\u0131s\u0131 2008 y\u0131l\u0131nda yap\u0131lan o zamandan beri de g\u00fcncel geli\u015fmelere g\u00f6re i\u00e7eri\u011fi s\u00fcrekli yenilenen ve geli\u015fen bu kitapla,  \u00e7ocu\u011funun ba\u015far\u0131s\u0131na katk\u0131 sa\u011flamak isteyen ve bunun i\u00e7in de elinden gelenin en iyisini yapmak isteyen siz sevgili anne babalara biraz olsun \u0131\u015f\u0131k olabilmektir murad\u0131m\u0131z. <\/p>\n","protected":false},"excerpt":{"rendered":"<p>Sevgili anne babalar ! Evet, isteseniz de istemeseniz de hayattaki en zor mesle\u011fi se\u00e7tiniz. Bu \u00f6yle bir meslek ki, \u201cYeter art\u0131k, yapmak istemiyorum,\u201d deme l\u00fcks\u00fcm\u00fcz\u00fcn olmad\u0131\u011f\u0131<span class=\"excerpt-hellip\"> [\u2026]<\/span><\/p>\n","protected":false},"featured_media":0,"template":"","meta":{"_monsterinsights_skip_tracking":false,"_monsterinsights_sitenote_active":false,"_monsterinsights_sitenote_note":"","_monsterinsights_sitenote_category":0},"product_brand":[],"product_cat":[12364,12376],"product_tag":[],"class_list":{"0":"post-724414","1":"product","2":"type-product","3":"status-publish","5":"product_cat-genel-konular","6":"product_cat-kisisel-gelisim","7":"pa_cilt-ciltsiz","8":"pa_tur-kitap","9":"pa_yayinevi-gulnar-yayinlari","10":"pa_yazar-tugay-kececi","12":"first","13":"instock","14":"sale","15":"shipping-taxable","16":"purchasable","17":"product-type-simple"},"_links":{"self":[{"href":"https:\/\/roveyayinevi.com.tr\/index.php\/wp-json\/wp\/v2\/product\/724414","targetHints":{"allow":["GET"]}}],"collection":[{"href":"https:\/\/roveyayinevi.com.tr\/index.php\/wp-json\/wp\/v2\/product"}],"about":[{"href":"https:\/\/roveyayinevi.com.tr\/index.php\/wp-json\/wp\/v2\/types\/product"}],"wp:attachment":[{"href":"https:\/\/roveyayinevi.com.tr\/index.php\/wp-json\/wp\/v2\/media?parent=724414"}],"wp:term":[{"taxonomy":"product_brand","embeddable":true,"href":"https:\/\/roveyayinevi.com.tr\/index.php\/wp-json\/wp\/v2\/product_brand?post=724414"},{"taxonomy":"product_cat","embeddable":true,"href":"https:\/\/roveyayinevi.com.tr\/index.php\/wp-json\/wp\/v2\/product_cat?post=724414"},{"taxonomy":"product_tag","embeddable":true,"href":"https:\/\/roveyayinevi.com.tr\/index.php\/wp-json\/wp\/v2\/product_tag?post=724414"}],"curies":[{"name":"wp","href":"https:\/\/api.w.org\/{rel}","templated":true}]}}