{"id":724413,"date":"2025-08-27T19:34:06","date_gmt":"2025-08-27T16:34:06","guid":{"rendered":"https:\/\/roveyayinevi.com.tr\/index.php\/urun\/hokkabaz-2\/"},"modified":"2026-04-16T02:32:20","modified_gmt":"2026-04-15T23:32:20","slug":"hokkabaz-2","status":"publish","type":"product","link":"https:\/\/roveyayinevi.com.tr\/index.php\/urun\/hokkabaz-2\/","title":{"rendered":"Hokkabaz"},"content":{"rendered":"<p>Hokkabaz, insano\u011flunun yarat\u0131l\u0131\u015f s\u00fcrecinden beri hep sahnede&#8230;Nas\u0131l m\u0131?Hat\u0131rlay\u0131n&#8230;Allah melekleri toplar ve yery\u00fcz\u00fcnde kara bal\u00e7\u0131ktan bir halife yarataca\u011f\u0131n\u0131 bildirir. Bunun \u00fczerine hepsi \u015fa\u015f\u0131r\u0131r. \u00c7\u00fcnk\u00fc melekler her an Allah\u2019a \u015f\u00fck\u00fcr ve sayg\u0131 i\u00e7indedirler. Neden kara bal\u00e7\u0131ktan bir halife s\u00f6z konusudur?\u00dcstelik Allah\u2019\u0131 temsil edecek olan halifeyi incelediklerinde onu hayli kusurlu ve eksiklerle dolu bulurlar. Hatta bu halifenin yery\u00fcz\u00fcnde Allah\u2019\u0131n halifeli\u011fine yara\u015f\u0131r \u015fekilde hareket edemeyece\u011fini, bozgunculuk yapaca\u011f\u0131n\u0131 ve kan d\u00f6kece\u011fini bile anlarlar. Bu \u015fa\u015fk\u0131nl\u0131klar\u0131n\u0131 Allah\u2019\u0131n huzurunda da ifade ederler. Buna ra\u011fmen Allah onlardan bir \u015fey ister. \u201cOna kendi ruhumdan \u00fcfledi\u011fim zaman derhal ona secde edin!\u201d der. \u0130blis d\u0131\u015f\u0131nda b\u00fct\u00fcn nurdan yarat\u0131lm\u0131\u015flar secde ederler.\u0130blis direnir. \u00c2demo\u011flunun yery\u00fcz\u00fcnde bozgunculuk yapaca\u011f\u0131n\u0131 ve kan d\u00f6kece\u011fini ispat etmek i\u00e7in \u201cyeniden yarat\u0131l\u0131\u015f\u201d g\u00fcn\u00fcne kadar Allah\u2019tan m\u00fcsaade al\u0131r ve sonunda hokkabaz\u0131 oyuna sokar.\u00c2demo\u011flu ile iblisin m\u00fccadelesindeki son perdede k\u0131yamet vard\u0131r. Hokkabaz, alg\u0131lar \u00fczerinden hareket ederek, \u00e2demo\u011flunun y\u00f6netimini tek g\u00f6zl\u00fc bir saltanata devretmek \u00fczeredir. Son sahne, Kud\u00fcs\u2019te haz\u0131rlan\u0131r. Hokkabaz incelikle \u00f6rd\u00fc\u011f\u00fc \u00e7al\u0131\u015fmalar\u0131n\u0131 neredeyse tamamlam\u0131\u015ft\u0131r. Art\u0131k tahta oturmas\u0131 i\u00e7in \u00e7ok az bir zaman kalm\u0131\u015ft\u0131r. O tahta oturma hesaplar\u0131 yaparken, insano\u011flu da hokkabaz\u0131n yok olu\u015funa \u015fahitlik edecektir.<\/p>\n","protected":false},"excerpt":{"rendered":"<p>Hokkabaz, insano\u011flunun yarat\u0131l\u0131\u015f s\u00fcrecinden beri hep sahnede&#8230;Nas\u0131l m\u0131?Hat\u0131rlay\u0131n&#8230;Allah melekleri toplar ve yery\u00fcz\u00fcnde kara bal\u00e7\u0131ktan bir halife yarataca\u011f\u0131n\u0131 bildirir. Bunun \u00fczerine hepsi \u015fa\u015f\u0131r\u0131r. \u00c7\u00fcnk\u00fc melekler her an<span class=\"excerpt-hellip\"> [\u2026]<\/span><\/p>\n","protected":false},"featured_media":0,"template":"","meta":{"_monsterinsights_skip_tracking":false,"_monsterinsights_sitenote_active":false,"_monsterinsights_sitenote_note":"","_monsterinsights_sitenote_category":0},"product_brand":[],"product_cat":[12291,12711],"product_tag":[],"class_list":{"0":"post-724413","1":"product","2":"type-product","3":"status-publish","5":"product_cat-edebiyat","6":"product_cat-roman-oyku","7":"pa_cilt-ciltsiz","8":"pa_tur-kitap","9":"pa_yayinevi-destek-yayinlari","10":"pa_yazar-mete-gundogan","12":"first","13":"instock","14":"sale","15":"shipping-taxable","16":"purchasable","17":"product-type-simple"},"_links":{"self":[{"href":"https:\/\/roveyayinevi.com.tr\/index.php\/wp-json\/wp\/v2\/product\/724413","targetHints":{"allow":["GET"]}}],"collection":[{"href":"https:\/\/roveyayinevi.com.tr\/index.php\/wp-json\/wp\/v2\/product"}],"about":[{"href":"https:\/\/roveyayinevi.com.tr\/index.php\/wp-json\/wp\/v2\/types\/product"}],"wp:attachment":[{"href":"https:\/\/roveyayinevi.com.tr\/index.php\/wp-json\/wp\/v2\/media?parent=724413"}],"wp:term":[{"taxonomy":"product_brand","embeddable":true,"href":"https:\/\/roveyayinevi.com.tr\/index.php\/wp-json\/wp\/v2\/product_brand?post=724413"},{"taxonomy":"product_cat","embeddable":true,"href":"https:\/\/roveyayinevi.com.tr\/index.php\/wp-json\/wp\/v2\/product_cat?post=724413"},{"taxonomy":"product_tag","embeddable":true,"href":"https:\/\/roveyayinevi.com.tr\/index.php\/wp-json\/wp\/v2\/product_tag?post=724413"}],"curies":[{"name":"wp","href":"https:\/\/api.w.org\/{rel}","templated":true}]}}