{"id":724412,"date":"2025-08-27T19:34:05","date_gmt":"2025-08-27T16:34:05","guid":{"rendered":"https:\/\/roveyayinevi.com.tr\/index.php\/urun\/begendiginiz-bedenlere-hayalinizdeki-ruhlari-koyup-adina-ask-diyorsunuz\/"},"modified":"2026-04-16T02:32:20","modified_gmt":"2026-04-15T23:32:20","slug":"begendiginiz-bedenlere-hayalinizdeki-ruhlari-koyup-adina-ask-diyorsunuz","status":"publish","type":"product","link":"https:\/\/roveyayinevi.com.tr\/index.php\/urun\/begendiginiz-bedenlere-hayalinizdeki-ruhlari-koyup-adina-ask-diyorsunuz\/","title":{"rendered":"Be\u011fendi\u011finiz Bedenlere Hayalinizdeki Ruhlar\u0131 Koyup Ad\u0131na A\u015fk Diyorsunuz"},"content":{"rendered":"<p>\u201cKendini bo\u015funa harcam\u0131\u015f olur insan, diledi\u011fine erer de sevin\u00e7 duymazsa. Y\u0131kt\u0131\u011f\u0131n hayat kendininki olsun daha iyi, y\u0131kmakla kazand\u0131\u011f\u0131n \u015fey ku\u015fkulu bir mutluluksa.\u201d\u0130nsan\u0131n anlam arama \u00e7abas\u0131na \u0131\u015f\u0131k tutan kalemi ve muazzam yetene\u011fiyle en basit g\u00f6r\u00fcnen olaylar\u0131 bile inan\u0131lmaz bir \u00fcslupla anlat\u0131r Shakespeare. Evrensel olan\u0131 ki\u015fiselle, ki\u015fisel olan\u0131 evrenselle b\u00fct\u00fcnle\u015ftirir. O sadece bir \u015fair ve yazar de\u011fil, kelimelerle insan\u0131n ruhuna f\u0131s\u0131ldayabilen bir d\u00e2hidir.<\/p>\n","protected":false},"excerpt":{"rendered":"<p>\u201cKendini bo\u015funa harcam\u0131\u015f olur insan, diledi\u011fine erer de sevin\u00e7 duymazsa. Y\u0131kt\u0131\u011f\u0131n hayat kendininki olsun daha iyi, y\u0131kmakla kazand\u0131\u011f\u0131n \u015fey ku\u015fkulu bir mutluluksa.\u201d\u0130nsan\u0131n anlam arama \u00e7abas\u0131na \u0131\u015f\u0131k<span class=\"excerpt-hellip\"> [\u2026]<\/span><\/p>\n","protected":false},"featured_media":0,"template":"","meta":{"_monsterinsights_skip_tracking":false,"_monsterinsights_sitenote_active":false,"_monsterinsights_sitenote_note":"","_monsterinsights_sitenote_category":0},"product_brand":[],"product_cat":[12388,13555],"product_tag":[],"class_list":{"0":"post-724412","1":"product","2":"type-product","3":"status-publish","5":"product_cat-felsefe","6":"product_cat-genel-felsefe","7":"pa_cilt-ciltsiz","8":"pa_tur-kitap","9":"pa_yayinevi-destek-yayinlari","10":"pa_yazar-william-shakespeare","12":"first","13":"instock","14":"sale","15":"shipping-taxable","16":"purchasable","17":"product-type-simple"},"_links":{"self":[{"href":"https:\/\/roveyayinevi.com.tr\/index.php\/wp-json\/wp\/v2\/product\/724412","targetHints":{"allow":["GET"]}}],"collection":[{"href":"https:\/\/roveyayinevi.com.tr\/index.php\/wp-json\/wp\/v2\/product"}],"about":[{"href":"https:\/\/roveyayinevi.com.tr\/index.php\/wp-json\/wp\/v2\/types\/product"}],"wp:attachment":[{"href":"https:\/\/roveyayinevi.com.tr\/index.php\/wp-json\/wp\/v2\/media?parent=724412"}],"wp:term":[{"taxonomy":"product_brand","embeddable":true,"href":"https:\/\/roveyayinevi.com.tr\/index.php\/wp-json\/wp\/v2\/product_brand?post=724412"},{"taxonomy":"product_cat","embeddable":true,"href":"https:\/\/roveyayinevi.com.tr\/index.php\/wp-json\/wp\/v2\/product_cat?post=724412"},{"taxonomy":"product_tag","embeddable":true,"href":"https:\/\/roveyayinevi.com.tr\/index.php\/wp-json\/wp\/v2\/product_tag?post=724412"}],"curies":[{"name":"wp","href":"https:\/\/api.w.org\/{rel}","templated":true}]}}