{"id":724409,"date":"2025-08-27T19:34:03","date_gmt":"2025-08-27T16:34:03","guid":{"rendered":"https:\/\/roveyayinevi.com.tr\/index.php\/urun\/anadolunun-fetih-ve-islamlasma-tarihi\/"},"modified":"2026-04-16T02:32:20","modified_gmt":"2026-04-15T23:32:20","slug":"anadolunun-fetih-ve-islamlasma-tarihi","status":"publish","type":"product","link":"https:\/\/roveyayinevi.com.tr\/index.php\/urun\/anadolunun-fetih-ve-islamlasma-tarihi\/","title":{"rendered":"Anadolu&#8217;nun Fetih ve \u0130slamla\u015fma Tarihi"},"content":{"rendered":"<p>F\u00dcTUHAT: \u0130LK \u0130SLAM FET\u0130HLER\u0130NDEN OSMANLI\u2019YA\u0130SLAMLA\u015eMA: SEL\u00c7UKLU FET\u0130HLER\u0130NDEN CUMHUR\u0130YET\u2019\u0130N \u0130LANINA \u0130lk \u0130slam fetihleriyle birlikte Anadolu\u2019nun g\u00fcneyinde (Sug\u016br\/Av\u00e2s\u0131m) ba\u015flayan s\u0131n\u0131rl\u0131 bir \u0130slamla\u015fma olmu\u015fsa da akamete u\u011fram\u0131\u015ft\u0131r. Anadolu\u2019nun \u0130slamla\u015fmas\u0131 T\u00fcrklerin fetih, isk\u00e2n ve uzun soluklu politikalar\u0131yla tamamlanm\u0131\u015ft\u0131r. \u00c7a\u011fr\u0131 Bey\u2019in Pasinler Zaferi (1048) Bizans Devleti\u2019nin g\u00fcc\u00fcn\u00fc s\u0131namakla kalmam\u0131\u015f, onu sarsm\u0131\u015ft\u0131r. Alp Arslan 1064\u2019te Ani Kalesi\u2019nin Ta\u00e7 Kap\u0131s\u0131\u2019na K\u0131z\u0131l Elma m\u00fchr\u00fcn\u00fc vurmu\u015f ve 1071\u2019de kazand\u0131\u011f\u0131 Malazgirt Zaferi\u2019yle de Anadolu\u2019nun kap\u0131lar\u0131n\u0131 a\u00e7m\u0131\u015ft\u0131r. Melik\u015fah\u2019\u0131n Anadolu\u2019nun fethi g\u00f6revini ve buran\u0131n y\u00f6netimini ba\u015fta Kutalm\u0131\u015fo\u011flu S\u00fcleyman \u015eah ve komutanlar\u0131na b\u0131rakmas\u0131, Anadolu\u2019nun T\u00fcrk yurdu olmas\u0131n\u0131 ve dolay\u0131s\u0131yla \u0130slamla\u015fmas\u0131n\u0131 kolayla\u015ft\u0131rm\u0131\u015ft\u0131r. S\u00fcleyman \u015eah,\u0130znik\u2019i ba\u015fkent yapmak suretiyle Anadolu\u2019da ilk M\u00fcsl\u00fcman T\u00fcrk Devleti\u2019ni kurmu\u015ftur (1077). II. K\u0131l\u0131\u00e7arslan\u2019\u0131n 1176\u2019da kazand\u0131\u011f\u0131 Miryokefalon Zaferi\u2019yle de Anadolu\u2019nun tapusu, Hristiyan Rumlardan M\u00fcsl\u00fcman T\u00fcrklerin eline ge\u00e7mi\u015ftir. Ge\u00e7mi\u015ften g\u00fcn\u00fcm\u00fcze Ha\u00e7l\u0131 zihniyetinin Anadolu\u2019yu geri alma te\u015febb\u00fcsleri olmu\u015fsa da bo\u015fa \u00e7\u0131kar\u0131lm\u0131\u015ft\u0131r. Ahmed Yesev\u00ee ve talebelerinin nefesleri, Ah\u00eelerin meslek\u00ee hamleleri, Mevl\u00e2n\u00e2\u2019n\u0131n \u00e7a\u011fr\u0131s\u0131 ve Yunus\u2019un deyi\u015fleriyle mayalanan Anadolu irfan\u0131 sayesinde nice b\u00fcy\u00fck zorluklar a\u015f\u0131lm\u0131\u015ft\u0131r. Beylikler, birka\u00e7 as\u0131r boyunca \u0130slam\u2019\u0131n mahallinde k\u00f6kle\u015fmesini sa\u011flam\u0131\u015ft\u0131r. Osmanl\u0131lar \u00e7a\u011flar boyunca Anadolu\u2019dan y\u00fckselen \u0130slam\u2019\u0131 t\u00fcm d\u00fcnyaya yaym\u0131\u015ft\u0131r&#8230; Ve o Anadolu insan\u0131, b\u00fct\u00fcn imk\u00e2ns\u0131zl\u0131klara ve yoksullu\u011funa ra\u011fmen Kurtulu\u015f Sava\u015f\u0131 destan\u0131n\u0131 yazm\u0131\u015ft\u0131r.<\/p>\n","protected":false},"excerpt":{"rendered":"<p>F\u00dcTUHAT: \u0130LK \u0130SLAM FET\u0130HLER\u0130NDEN OSMANLI\u2019YA\u0130SLAMLA\u015eMA: SEL\u00c7UKLU FET\u0130HLER\u0130NDEN CUMHUR\u0130YET\u2019\u0130N \u0130LANINA \u0130lk \u0130slam fetihleriyle birlikte Anadolu\u2019nun g\u00fcneyinde (Sug\u016br\/Av\u00e2s\u0131m) ba\u015flayan s\u0131n\u0131rl\u0131 bir \u0130slamla\u015fma olmu\u015fsa da akamete u\u011fram\u0131\u015ft\u0131r. Anadolu\u2019nun \u0130slamla\u015fmas\u0131<span class=\"excerpt-hellip\"> [\u2026]<\/span><\/p>\n","protected":false},"featured_media":0,"template":"","meta":{"_monsterinsights_skip_tracking":false,"_monsterinsights_sitenote_active":false,"_monsterinsights_sitenote_note":"","_monsterinsights_sitenote_category":0},"product_brand":[],"product_cat":[12718,12719,18109],"product_tag":[],"class_list":{"0":"post-724409","1":"product","2":"type-product","3":"status-publish","5":"product_cat-din","6":"product_cat-islam","7":"product_cat-islam-tarihi","8":"pa_cilt-ciltsiz","9":"pa_tur-kitap","10":"pa_yayinevi-otuken-nesriyat","11":"pa_yazar-ali-hatalmis","13":"first","14":"instock","15":"sale","16":"shipping-taxable","17":"purchasable","18":"product-type-simple"},"_links":{"self":[{"href":"https:\/\/roveyayinevi.com.tr\/index.php\/wp-json\/wp\/v2\/product\/724409","targetHints":{"allow":["GET"]}}],"collection":[{"href":"https:\/\/roveyayinevi.com.tr\/index.php\/wp-json\/wp\/v2\/product"}],"about":[{"href":"https:\/\/roveyayinevi.com.tr\/index.php\/wp-json\/wp\/v2\/types\/product"}],"wp:attachment":[{"href":"https:\/\/roveyayinevi.com.tr\/index.php\/wp-json\/wp\/v2\/media?parent=724409"}],"wp:term":[{"taxonomy":"product_brand","embeddable":true,"href":"https:\/\/roveyayinevi.com.tr\/index.php\/wp-json\/wp\/v2\/product_brand?post=724409"},{"taxonomy":"product_cat","embeddable":true,"href":"https:\/\/roveyayinevi.com.tr\/index.php\/wp-json\/wp\/v2\/product_cat?post=724409"},{"taxonomy":"product_tag","embeddable":true,"href":"https:\/\/roveyayinevi.com.tr\/index.php\/wp-json\/wp\/v2\/product_tag?post=724409"}],"curies":[{"name":"wp","href":"https:\/\/api.w.org\/{rel}","templated":true}]}}