{"id":724405,"date":"2025-08-27T19:33:59","date_gmt":"2025-08-27T16:33:59","guid":{"rendered":"https:\/\/roveyayinevi.com.tr\/index.php\/urun\/domuz-baba\/"},"modified":"2026-04-11T13:50:41","modified_gmt":"2026-04-11T10:50:41","slug":"domuz-baba","status":"publish","type":"product","link":"https:\/\/roveyayinevi.com.tr\/index.php\/urun\/domuz-baba\/","title":{"rendered":"Domuz Baba"},"content":{"rendered":"<p>Bu y\u0131l uslu bir \u00e7ocuk oldunuz mu?  S\u00f6r Terry Pratchett&#8217;\u0131n kaleme ald\u0131\u011f\u0131 &#8221;Diskd\u00fcnya&#8221; serisinin ilk kez T\u00fcrk\u00e7eye \u00e7evrilen yeni kitab\u0131 Domuz Baba, kadim y\u0131lba\u015f\u0131 geleneklerinin &#8221;b\u00fcy\u00fcl\u00fc&#8221; atmosferinde, g\u00f6lgelerin i\u00e7inde, h\u00fczn\u00fcn mizahla el ele y\u00fcr\u00fcd\u00fc\u011f\u00fc, \u0131\u015f\u0131lt\u0131l\u0131 bir kurtarma operasyonuna odaklan\u0131yor.  D\u00fcnya \u00e7ap\u0131nda 85 milyonun \u00fczerinde satan k\u00fclliyat\u0131n yirminci halkas\u0131 olan bu s\u00fcr\u00fckleyici kitap, &#8221;\u00d6l\u00fcm&#8221; alt serisinin de d\u00f6rd\u00fcnc\u00fc ser\u00fcveni.\u00dcmit dolu yeni senelerin ruhundan kopup gelen Domuz Baba&#8217;da, evrendeki en &#8221;insani&#8221; de\u011ferlerden biri olan inan\u00e7 kavram\u0131na ve unutulmaya y\u00fcz tutan \u00e7ocukluk an\u0131lar\u0131na g\u00f6z k\u0131rpan Pratchett, \u00d6l\u00fcm&#8217;\u00fcn bile &#8221;\u00f6l\u00fcmle&#8221; tehdit edildi\u011fi, keskin ama bir o kadar da s\u00fcrpriz dolu bir ser\u00fcvene imza at\u0131yor. EM\u0130N\u0130M, SUSAN SA\u011eDUYULU DAVRANIR, dedi \u00d6l\u00fcm.&#8221;Ah, tabii,&#8221; dedi Albert, k\u0131za\u011fa d\u00f6nerlerken. &#8221;Sa\u011fduyulu davranmak sizde aile \u00f6zelli\u011fidir zaten&#8230;&#8221; Asl\u0131na bakarsan\u0131z, sa\u011fduyudan ziyade cesaret ve kararl\u0131l\u0131k gerekiyor bu gece; \u00e7\u00fcnk\u00fc Diskd\u00fcnya&#8217;n\u0131n temelleri bir kez daha, hem de tam temelinden sars\u0131lmak \u00fczere.Zira Denet\u00e7iler, ya\u015fam\u0131 yok etmek ad\u0131na ya\u015fayanlardan destek al\u0131yor bu kez. Ve koca d\u00fcnyada, Domuz Baba&#8217;n\u0131n yerini alabilecek tek bir ki\u015fi var. SEN\u0130 \u0130NSAN YAPAN, \u0130NANDI\u011eIN \u015eEYLERD\u0130R. DO\u011eRU VEYA YANLI\u015e, \u0130Y\u0130 VEYA K\u00d6T\u00dc, FARK ETMEZ. Fakat&#8230; Domuzn\u00f6beti Gecesi&#8217;nin ruhu da bir ba\u015fkad\u0131r tabii. \u015e\u00f6mine raf\u0131na as\u0131lm\u0131\u015f \u00e7oraplar, sene boyunca verilmi\u015f &#8221;uslu durma&#8221; s\u00f6zleri, yeni bir y\u0131l\u0131n getirece\u011fi t\u00fcm g\u00fczellikler ve hepsinden \u00f6nemlisi umutlar, beklentiler ve vadedilmi\u015f&#8230; eh, re\u00e7eller.\u0130nsanl\u0131\u011f\u0131n umutlar\u0131na bile g\u00f6z dikenlere inat, \u00d6l\u00fcm yine kontrol\u00fc ele al\u0131yor ve Domuz Baba&#8217;y\u0131 kurtarmaya giri\u015fiyor; hem de biricik torunu Susan ile birlikte! Niran El\u00e7i&#8217;nin p\u00fcr\u00fczs\u00fcz T\u00fcrk\u00e7esi ve Delidolu&#8217;nun \u00f6zenli bask\u0131s\u0131yla T\u00fcrkiye&#8217;deki okurlar\u0131n\u0131n kar\u015f\u0131s\u0131na ilk kez \u00e7\u0131kan bu roman; hayranl\u0131k uyand\u0131ran fantezi unsurlar\u0131 ve kurgusuyla alternatif bir evren yarat\u0131yor ve gelenekselle\u015fen yeni y\u0131l kutlamalar\u0131na bamba\u015fka bir g\u00f6zle, yeniden bakmam\u0131za f\u0131rsat tan\u0131yor.  <\/p>\n","protected":false},"excerpt":{"rendered":"<p>Bu y\u0131l uslu bir \u00e7ocuk oldunuz mu? S\u00f6r Terry Pratchett&#8217;\u0131n kaleme ald\u0131\u011f\u0131 &#8221;Diskd\u00fcnya&#8221; serisinin ilk kez T\u00fcrk\u00e7eye \u00e7evrilen yeni kitab\u0131 Domuz Baba, kadim y\u0131lba\u015f\u0131 geleneklerinin &#8221;b\u00fcy\u00fcl\u00fc&#8221;<span class=\"excerpt-hellip\"> [\u2026]<\/span><\/p>\n","protected":false},"featured_media":0,"template":"","meta":{"_monsterinsights_skip_tracking":false,"_monsterinsights_sitenote_active":false,"_monsterinsights_sitenote_note":"","_monsterinsights_sitenote_category":0},"product_brand":[],"product_cat":[12291,12711],"product_tag":[],"class_list":{"0":"post-724405","1":"product","2":"type-product","3":"status-publish","5":"product_cat-edebiyat","6":"product_cat-roman-oyku","7":"pa_cilt-ciltsiz","8":"pa_tur-kitap","9":"pa_yayinevi-delidolu","10":"pa_yazar-terry-pratchett","12":"first","13":"instock","14":"sale","15":"shipping-taxable","16":"purchasable","17":"product-type-simple"},"_links":{"self":[{"href":"https:\/\/roveyayinevi.com.tr\/index.php\/wp-json\/wp\/v2\/product\/724405","targetHints":{"allow":["GET"]}}],"collection":[{"href":"https:\/\/roveyayinevi.com.tr\/index.php\/wp-json\/wp\/v2\/product"}],"about":[{"href":"https:\/\/roveyayinevi.com.tr\/index.php\/wp-json\/wp\/v2\/types\/product"}],"wp:attachment":[{"href":"https:\/\/roveyayinevi.com.tr\/index.php\/wp-json\/wp\/v2\/media?parent=724405"}],"wp:term":[{"taxonomy":"product_brand","embeddable":true,"href":"https:\/\/roveyayinevi.com.tr\/index.php\/wp-json\/wp\/v2\/product_brand?post=724405"},{"taxonomy":"product_cat","embeddable":true,"href":"https:\/\/roveyayinevi.com.tr\/index.php\/wp-json\/wp\/v2\/product_cat?post=724405"},{"taxonomy":"product_tag","embeddable":true,"href":"https:\/\/roveyayinevi.com.tr\/index.php\/wp-json\/wp\/v2\/product_tag?post=724405"}],"curies":[{"name":"wp","href":"https:\/\/api.w.org\/{rel}","templated":true}]}}