{"id":724404,"date":"2025-08-27T19:33:58","date_gmt":"2025-08-27T16:33:58","guid":{"rendered":"https:\/\/roveyayinevi.com.tr\/index.php\/urun\/can-ve-emre-dinozorlar-diyarinda\/"},"modified":"2025-11-21T06:03:45","modified_gmt":"2025-11-21T03:03:45","slug":"can-ve-emre-dinozorlar-diyarinda","status":"publish","type":"product","link":"https:\/\/roveyayinevi.com.tr\/index.php\/urun\/can-ve-emre-dinozorlar-diyarinda\/","title":{"rendered":"Can ve Emre Dinozorlar Diyar\u0131nda"},"content":{"rendered":"<p>Can ve Emre, bir zaman k\u00fcresi ile yanl\u0131\u015fl\u0131kla ge\u00e7mi\u015fe gidiyorlar. \u00dcrk\u00fct\u00fcc\u00fc dinozorlar, tehlikeli \u0131rmak ve \u015felaleler, gizli ge\u00e7itler, karanl\u0131k dehlizler, buzlarla kapl\u0131 ma\u011faralar ve sarp kayal\u0131klarla dolu bu zamanda; unutulmaz ve soluk kesici bir macera bekliyor \u00e7ocuklar\u0131\u2026 Emre, Down sendromlu \u00f6zel bir \u00e7ocuk ve elinizdeki kitap esas olarak; Can ile Emre\u2019nin d\u00fcr\u00fcstl\u00fck, fedak\u00e2rl\u0131k, ho\u015fg\u00f6r\u00fc gibi erdemler ile belli ba\u015fl\u0131 de\u011ferleri temel alan, \u00f6zel, sevgi dolu dostlu\u011funun hik\u00e2yesini anlat\u0131yor. K\u00fc\u00e7\u00fck k\u00e2\u015fifler; farkl\u0131l\u0131klar\u0131n zenginlik oldu\u011funu ve \u00f6zel bir \u00e7ocukla kurulacak ili\u015fkinin b\u00fcy\u00fck bir ayr\u0131cal\u0131k oldu\u011funu \u00f6zellikle vurgulayan bu ser\u00fcvenlerle dolu kitab\u0131 keyifle okuyarak, hayata dair \u00f6nemli dersler \u00e7\u0131karacaklar. Haydi, zaman k\u00fcresini korkusuzca \u00e7evirelim o zaman! <\/p>\n","protected":false},"excerpt":{"rendered":"<p>Can ve Emre, bir zaman k\u00fcresi ile yanl\u0131\u015fl\u0131kla ge\u00e7mi\u015fe gidiyorlar. \u00dcrk\u00fct\u00fcc\u00fc dinozorlar, tehlikeli \u0131rmak ve \u015felaleler, gizli ge\u00e7itler, karanl\u0131k dehlizler, buzlarla kapl\u0131 ma\u011faralar ve sarp kayal\u0131klarla<span class=\"excerpt-hellip\"> [\u2026]<\/span><\/p>\n","protected":false},"featured_media":0,"template":"","meta":{"_monsterinsights_skip_tracking":false,"_monsterinsights_sitenote_active":false,"_monsterinsights_sitenote_note":"","_monsterinsights_sitenote_category":0},"product_brand":[],"product_cat":[12274,12284],"product_tag":[],"class_list":{"0":"post-724404","1":"product","2":"type-product","3":"status-publish","5":"product_cat-cocuk-ve-genclik-kitaplari","6":"product_cat-hikayeler","7":"pa_cilt-ciltsiz","8":"pa_tur-kitap","9":"pa_yayinevi-gulnar-yayinlari","10":"pa_yazar-umut-atay","12":"first","13":"instock","14":"sale","15":"shipping-taxable","16":"purchasable","17":"product-type-simple"},"_links":{"self":[{"href":"https:\/\/roveyayinevi.com.tr\/index.php\/wp-json\/wp\/v2\/product\/724404","targetHints":{"allow":["GET"]}}],"collection":[{"href":"https:\/\/roveyayinevi.com.tr\/index.php\/wp-json\/wp\/v2\/product"}],"about":[{"href":"https:\/\/roveyayinevi.com.tr\/index.php\/wp-json\/wp\/v2\/types\/product"}],"wp:attachment":[{"href":"https:\/\/roveyayinevi.com.tr\/index.php\/wp-json\/wp\/v2\/media?parent=724404"}],"wp:term":[{"taxonomy":"product_brand","embeddable":true,"href":"https:\/\/roveyayinevi.com.tr\/index.php\/wp-json\/wp\/v2\/product_brand?post=724404"},{"taxonomy":"product_cat","embeddable":true,"href":"https:\/\/roveyayinevi.com.tr\/index.php\/wp-json\/wp\/v2\/product_cat?post=724404"},{"taxonomy":"product_tag","embeddable":true,"href":"https:\/\/roveyayinevi.com.tr\/index.php\/wp-json\/wp\/v2\/product_tag?post=724404"}],"curies":[{"name":"wp","href":"https:\/\/api.w.org\/{rel}","templated":true}]}}