{"id":724403,"date":"2025-08-27T19:33:57","date_gmt":"2025-08-27T16:33:57","guid":{"rendered":"https:\/\/roveyayinevi.com.tr\/index.php\/urun\/kelimelerin-kadinlari-ingiliz-kadin-yazarlar\/"},"modified":"2026-04-16T02:32:19","modified_gmt":"2026-04-15T23:32:19","slug":"kelimelerin-kadinlari-ingiliz-kadin-yazarlar","status":"publish","type":"product","link":"https:\/\/roveyayinevi.com.tr\/index.php\/urun\/kelimelerin-kadinlari-ingiliz-kadin-yazarlar\/","title":{"rendered":"Kelimelerin Kad\u0131nlar\u0131 &#8211; \u0130ngiliz Kad\u0131n Yazarlar"},"content":{"rendered":"<p>Havas\u0131ndan m\u0131 yoksa suyundan m\u0131d\u0131r bilinmez, \u0130ngiltere tart\u0131\u015fmas\u0131z di\u011fer \u00fclkelere g\u00f6re daha fazla \u00fcnl\u00fc yazarlara sahiptir.  Bu yazarlar\u0131n \u00e7o\u011fu da Shakespeare, Charles Dickens, Arthur Conan Doyle, George Orwell, Oscar Wilde, T.S.Eliot gibi erkeklerdir. Tabii ki, bu kadar erkek yazar\u0131n yan\u0131 s\u0131ra kad\u0131n yazarlar da ortaya \u00e7\u0131km\u0131\u015ft\u0131r.  \u00c7o\u011fumuzun bildi\u011fi \u0130ngiliz kad\u0131n yazarlar\u0131 Jane Austen, Bront\u00eb karde\u015fler ya da Virginia Woolf\u2019tur.  Oysaki Shakespeare\u2019\u0131n memleketinde bir\u00e7ok kad\u0131n yazar ortaya \u00e7\u0131km\u0131\u015f ve edebiyat\u0131n her alan\u0131nda eserler vermi\u015flerdir. Bu yazarlar\u0131n hayat yolculu\u011funa \u00e7\u0131kmaya haz\u0131r m\u0131s\u0131n\u0131z?<\/p>\n","protected":false},"excerpt":{"rendered":"<p>Havas\u0131ndan m\u0131 yoksa suyundan m\u0131d\u0131r bilinmez, \u0130ngiltere tart\u0131\u015fmas\u0131z di\u011fer \u00fclkelere g\u00f6re daha fazla \u00fcnl\u00fc yazarlara sahiptir. Bu yazarlar\u0131n \u00e7o\u011fu da Shakespeare, Charles Dickens, Arthur Conan Doyle,<span class=\"excerpt-hellip\"> [\u2026]<\/span><\/p>\n","protected":false},"featured_media":0,"template":"","meta":{"_monsterinsights_skip_tracking":false,"_monsterinsights_sitenote_active":false,"_monsterinsights_sitenote_note":"","_monsterinsights_sitenote_category":0},"product_brand":[],"product_cat":[14009,12291],"product_tag":[],"class_list":{"0":"post-724403","1":"product","2":"type-product","3":"status-publish","5":"product_cat-biyografi-otobiyografi-edebiyat","6":"product_cat-edebiyat","7":"pa_cilt-ciltsiz","8":"pa_tur-kitap","9":"pa_yayinevi-gulnar-yayinlari","10":"pa_yazar-ajda-bastan","12":"first","13":"instock","14":"sale","15":"shipping-taxable","16":"purchasable","17":"product-type-simple"},"_links":{"self":[{"href":"https:\/\/roveyayinevi.com.tr\/index.php\/wp-json\/wp\/v2\/product\/724403","targetHints":{"allow":["GET"]}}],"collection":[{"href":"https:\/\/roveyayinevi.com.tr\/index.php\/wp-json\/wp\/v2\/product"}],"about":[{"href":"https:\/\/roveyayinevi.com.tr\/index.php\/wp-json\/wp\/v2\/types\/product"}],"wp:attachment":[{"href":"https:\/\/roveyayinevi.com.tr\/index.php\/wp-json\/wp\/v2\/media?parent=724403"}],"wp:term":[{"taxonomy":"product_brand","embeddable":true,"href":"https:\/\/roveyayinevi.com.tr\/index.php\/wp-json\/wp\/v2\/product_brand?post=724403"},{"taxonomy":"product_cat","embeddable":true,"href":"https:\/\/roveyayinevi.com.tr\/index.php\/wp-json\/wp\/v2\/product_cat?post=724403"},{"taxonomy":"product_tag","embeddable":true,"href":"https:\/\/roveyayinevi.com.tr\/index.php\/wp-json\/wp\/v2\/product_tag?post=724403"}],"curies":[{"name":"wp","href":"https:\/\/api.w.org\/{rel}","templated":true}]}}