{"id":724402,"date":"2025-08-27T19:33:56","date_gmt":"2025-08-27T16:33:56","guid":{"rendered":"https:\/\/roveyayinevi.com.tr\/index.php\/urun\/uluslararasi-politika-ve-film\/"},"modified":"2026-04-16T02:32:19","modified_gmt":"2026-04-15T23:32:19","slug":"uluslararasi-politika-ve-film","status":"publish","type":"product","link":"https:\/\/roveyayinevi.com.tr\/index.php\/urun\/uluslararasi-politika-ve-film\/","title":{"rendered":"Uluslararas\u0131 Politika ve Film"},"content":{"rendered":"<p>Columbia \u00dcniversitesi yay\u0131n\u0131 olan bu kitapta iki jeopolitik uzman\u0131 olan Klaus Dodds ve Sean Carter, dikkatlerini jeopoliti\u011fin medya yans\u0131malar\u0131na ve \u00f6zel olarak sinema ile etkile\u015fimine \u00e7eviriyorlar.Bir\u00e7ok insan ilk bak\u0131\u015fta uluslararas\u0131 politikan\u0131n bo\u011fucu d\u00fcnyas\u0131n\u0131n sinemayla ve di\u011fer pop\u00fcler k\u00fclt\u00fcr formlar\u0131yla \u00e7ok az ili\u015fkisi oldu\u011funu d\u00fc\u015f\u00fcnebilir. Oysa uluslararas\u0131 politikadan b\u00fcy\u00fck oranda ulus devletlerin uluslararas\u0131 arenadaki etkile\u015fimleri anla\u015f\u0131lsa bile, g\u00f6rselli\u011fin devletlerin ve uluslararas\u0131 arenan\u0131n kurulmas\u0131nda ba\u015fat bir unsur oldu\u011fu \u00f6ne s\u00fcr\u00fclebilir. D\u00fcnya liderlerinin koreografilerinden ve bas\u0131ndaki g\u00f6r\u00fcn\u00fcmlerinden, film \u00e7ekimi i\u00e7in yer aramaya ve set kurulumuna kadar bir\u00e7ok konu bize g\u00f6rselli\u011fin kurucu i\u015flevini i\u015faret edebilir. Jeopolitik g\u00fcc\u00fcn icras\u0131nda, devletler ve liderlikler; bir olay\u0131, yeri ya da s\u00fcreci \u00e7er\u00e7evelemeye ya da s\u0131n\u0131rland\u0131rmaya, hatta g\u00f6zden uzak tutmaya \u00e7al\u0131\u015ft\u0131klar\u0131nda, g\u00f6rsellik kritik bir rol oynar.Bu kitap, bu nedenlerle film ve uluslararas\u0131 politikan\u0131n birlikte \u00e7al\u0131\u015f\u0131labilece\u011fi tezini i\u015flemektedir. Kitab\u0131n b\u00fct\u00fcn\u00fc boyunca, politik co\u011frafya ve uluslararas\u0131 ili\u015fkiler alan\u0131ndan akademik \u00e7al\u0131\u015fmalar\u0131, genel olarak g\u00f6rsel k\u00fclt\u00fcr alan\u0131yla ve \u00f6zelde ise sinema ile bir diyaloga sokma aray\u0131\u015f\u0131 i\u00e7inde olan yazarlar, mek\u00e2nsal bir yakla\u015f\u0131mla sinema ve uluslararas\u0131 politika analizi yaparak, farkl\u0131 mek\u00e2nsal bi\u00e7imlenmeleri d\u00f6rt tematik b\u00f6l\u00fcmde ele al\u0131yorlar: &#8216;S\u0131n\u0131rlar&#8217;, &#8216;\u0130stisnai Mek\u00e2nlar&#8217;, &#8216;Uzak \u00d6tekiler&#8217; ve &#8216;Vatan&#8217;. Her tema, detayl\u0131 bir tart\u0131\u015fma ve ilgili bir\u00e7ok filmin analizi ile sorgulan\u0131yor. Her b\u00f6l\u00fcm\u00fcn sonu\u00e7 k\u0131sm\u0131nda ise konu al\u0131nan filmlerle, bu filmlerde i\u015flevselle\u015ftirilen mek\u00e2nsal ve k\u00fclt\u00fcrel politikalar\u0131n ili\u015fkisi daha a\u00e7\u0131k bir \u015fekilde ortaya konmaya \u00e7al\u0131\u015f\u0131l\u0131yor.<\/p>\n","protected":false},"excerpt":{"rendered":"<p>Columbia \u00dcniversitesi yay\u0131n\u0131 olan bu kitapta iki jeopolitik uzman\u0131 olan Klaus Dodds ve Sean Carter, dikkatlerini jeopoliti\u011fin medya yans\u0131malar\u0131na ve \u00f6zel olarak sinema ile etkile\u015fimine \u00e7eviriyorlar.Bir\u00e7ok<span class=\"excerpt-hellip\"> [\u2026]<\/span><\/p>\n","protected":false},"featured_media":0,"template":"","meta":{"_monsterinsights_skip_tracking":false,"_monsterinsights_sitenote_active":false,"_monsterinsights_sitenote_note":"","_monsterinsights_sitenote_category":0},"product_brand":[],"product_cat":[13590,12337],"product_tag":[],"class_list":{"0":"post-724402","1":"product","2":"type-product","3":"status-publish","5":"product_cat-arastirma-inceleme-politika-siyaset","6":"product_cat-politika-siyaset","7":"pa_cilt-ciltsiz","8":"pa_tur-kitap","9":"pa_yayinevi-iyidusun-yayinlari","10":"pa_yazar-klaus-dodds-sean-carter","12":"first","13":"instock","14":"sale","15":"shipping-taxable","16":"purchasable","17":"product-type-simple"},"_links":{"self":[{"href":"https:\/\/roveyayinevi.com.tr\/index.php\/wp-json\/wp\/v2\/product\/724402","targetHints":{"allow":["GET"]}}],"collection":[{"href":"https:\/\/roveyayinevi.com.tr\/index.php\/wp-json\/wp\/v2\/product"}],"about":[{"href":"https:\/\/roveyayinevi.com.tr\/index.php\/wp-json\/wp\/v2\/types\/product"}],"wp:attachment":[{"href":"https:\/\/roveyayinevi.com.tr\/index.php\/wp-json\/wp\/v2\/media?parent=724402"}],"wp:term":[{"taxonomy":"product_brand","embeddable":true,"href":"https:\/\/roveyayinevi.com.tr\/index.php\/wp-json\/wp\/v2\/product_brand?post=724402"},{"taxonomy":"product_cat","embeddable":true,"href":"https:\/\/roveyayinevi.com.tr\/index.php\/wp-json\/wp\/v2\/product_cat?post=724402"},{"taxonomy":"product_tag","embeddable":true,"href":"https:\/\/roveyayinevi.com.tr\/index.php\/wp-json\/wp\/v2\/product_tag?post=724402"}],"curies":[{"name":"wp","href":"https:\/\/api.w.org\/{rel}","templated":true}]}}